{"id":3,"date":"2025-07-23T10:07:50","date_gmt":"2025-07-23T10:07:50","guid":{"rendered":"http:\/\/tuzla.rps.edu.ba\/?page_id=3"},"modified":"2026-03-03T11:11:01","modified_gmt":"2026-03-03T11:11:01","slug":"politika-privatnosti","status":"publish","type":"page","link":"https:\/\/tuzla.rps.edu.ba\/bs\/politika-privatnosti\/","title":{"rendered":"Politika privatnosti"},"content":{"rendered":"<div class=\"et_pb_section_0 et_pb_section et_pb_fullwidth_section et_section_regular et_block_section\"><section class=\"et_pb_fullwidth_header_0 et_pb_fullwidth_header et_pb_bg_layout_dark et_pb_text_align_left et_pb_module et_flex_module preset--module--divi-fullwidth-header--default\"><div class=\"et_pb_fullwidth_header_container left\"><div class=\"header-content-container center\"><div class=\"header-content et_flex_module\"><h1 class=\"et_pb_module_header\"><a href=\"https:\/\/tuzla.rps.edu.ba\/bs\/politika-privatnosti\/\">Politika privatnosti<\/a><\/h1><div class=\"et_pb_header_button_wrapper\"><\/div><\/div><\/div><\/div><div class=\"et_pb_fullwidth_header_overlay\"><\/div><div class=\"et_pb_fullwidth_header_scroll\"><\/div><\/section><\/div><div class=\"et_pb_section_1 et_pb_section et_section_regular et_block_section\"><div class=\"et_pb_row_0 et_pb_row et_block_row\"><div class=\"et_pb_column_0 et_pb_column et_pb_column_4_4 et-last-child et_block_column et_pb_css_mix_blend_mode_passthrough\"><div class=\"et_pb_text_0 et_pb_text et_pb_bg_layout_light et_pb_module et_block_module\"><div class=\"et_pb_text_inner\"><p><!-- wp:heading --><\/p>\n<p class=\"translation-block\"><span style=\"font-weight: 400\">Va\u0161a privatnost nam je va\u017ena. Politika <\/span><b>Richmond Park Schools<\/b><span style=\"font-weight: 400\"> je da po\u0161tuje i \u0161titi va\u0161e li\u010dne podatke kada posjetite na\u0161u web stranicu:<\/span><a href=\"https:\/\/rps.edu.ba\/\" target=\"_blank\" rel=\"noopener\"> <span style=\"font-weight: 400\">https:\/\/rps.edu.ba<\/span><\/a><span style=\"font-weight: 400\"> i sve njene poddomene.<\/span><\/p>\n<h3><b>1. Koje informacije prikupljamo<\/b><\/h3>\n<p><span style=\"font-weight: 400;\">Prikupljamo samo li\u010dne podatke koje dobrovoljno dajete kada:<\/span><\/p>\n<ul>\n<li style=\"font-weight: 400;\" aria-level=\"1\"><span style=\"font-weight: 400;\">Po\u0161aljete kontaktni obrazac ili obrazac za upit<\/span><\/li>\n<li style=\"font-weight: 400;\" aria-level=\"1\"><span style=\"font-weight: 400;\">Registrujte se za upis<\/span><\/li>\n<li style=\"font-weight: 400;\" aria-level=\"1\"><span style=\"font-weight: 400;\">Zatra\u017eite dodatne informacije o na\u0161im \u0161kolama ili programima<\/span><\/li>\n<\/ul>\n<p><span style=\"font-weight: 400;\">Ovi podaci mogu uklju\u010divati:<\/span><\/p>\n<ul>\n<li style=\"font-weight: 400;\" aria-level=\"1\"><span style=\"font-weight: 400;\">Va\u0161e ime<\/span><\/li>\n<li style=\"font-weight: 400;\" aria-level=\"1\"><span style=\"font-weight: 400;\">E-mail adresa<\/span><\/li>\n<li style=\"font-weight: 400;\" aria-level=\"1\"><span style=\"font-weight: 400;\">Broj telefona<\/span><\/li>\n<li style=\"font-weight: 400;\" aria-level=\"1\"><span style=\"font-weight: 400;\">Dob djeteta ili razred<\/span><\/li>\n<li style=\"font-weight: 400;\" aria-level=\"1\"><span style=\"font-weight: 400;\">Preferirani kampus ili program<\/span><\/li>\n<\/ul>\n<h3><b>2. Kako koristimo va\u0161e podatke<\/b><\/h3>\n<p><span style=\"font-weight: 400;\">Informacije koje nam pru\u017eite koristimo za:<\/span><\/p>\n<ul>\n<li style=\"font-weight: 400;\" aria-level=\"1\"><span style=\"font-weight: 400;\">Odgovorimo na va\u0161a pitanja<\/span><\/li>\n<li style=\"font-weight: 400;\" aria-level=\"1\"><span style=\"font-weight: 400;\">Pru\u017eimo detalje o na\u0161im \u0161kolama, upisima ili uslugama<\/span><\/li>\n<li style=\"font-weight: 400;\" aria-level=\"1\"><span style=\"font-weight: 400;\">Pratimo podnesene obrazace za interes ili prijavu<\/span><\/li>\n<li style=\"font-weight: 400;\" aria-level=\"1\"><span style=\"font-weight: 400;\">Pobolj\u0161amo na\u0161u web stranicu i komunikacijske napore<\/span><\/li>\n<\/ul>\n<p><span style=\"font-weight: 400;\">Mi <\/span><b>ne<\/b><span style=\"font-weight: 400;\"> koristimo va\u0161e podatke za marketing koji nije povezan sa \u0161kolama Richmond Parka, niti prodajemo ili iznajmljujemo va\u0161e podatke tre\u0107im stranama.<\/span><\/p>\n<h3><b>3. \u010cuvanje podataka<\/b><\/h3>\n<p><span style=\"font-weight: 400;\">Li\u010dne podatke \u010duvamo samo onoliko dugo koliko je potrebno za ispunjenje svrha za koje smo ih prikupili, uklju\u010duju\u0107i sve pravne, administrativne ili zahtjeve za izvje\u0161tavanje.<\/span><\/p>\n<h3><b>4. Usluge tre\u0107ih strana<\/b><\/h3>\n<p><span style=\"font-weight: 400;\">Mo\u017eemo koristiti usluge tre\u0107ih strana (kao \u0161to su procesori obrazaca ili alati za analitiku) kako bismo vam pomogli u upravljanju na\u0161om web stranicom. Ovi pru\u017eatelji usluga imaju pristup samo informacijama potrebnim za obavljanje svojih funkcija i nije im dozvoljeno da ih koriste u bilo koju drugu svrhu.<\/span><\/p>\n<p><span style=\"font-weight: 400;\">Na\u0161a web stranica mo\u017ee sadr\u017eavati linkove ili ugra\u0111eni sadr\u017eaj s vanjskih stranica (npr. Google Maps, YouTube, itd.). Imajte na umu da ne kontroliramo prakse privatnosti ovih web stranica tre\u0107ih strana.<\/span><\/p>\n<h3><b>5. Kola\u010di\u0107i<\/b><\/h3>\n<p><span style=\"font-weight: 400;\">Na\u0161a web stranica mo\u017ee koristiti <\/span><b>kola\u010di\u0107e<\/b><span style=\"font-weight: 400;\"> kako bismo pobolj\u0161ali va\u0161e iskustvo i prikupljali ograni\u010dene tehni\u010dke podatke kao \u0161to su tip preglednika, posje\u0107ene stranice ili vrijeme provedeno na na\u0161oj web stranici. Ovi kola\u010di\u0107i nam poma\u017eu da razumijemo interakciju korisnika i pobolj\u0161amo funkcionalnost web stranice.<\/span><\/p>\n<p><span style=\"font-weight: 400;\">Kola\u010di\u0107e mo\u017eete kontrolisati ili onemogu\u0107iti putem postavki va\u0161eg preglednika.<\/span><\/p>\n<h3><b>6. Kako \u0161titimo va\u0161e podatke<\/b><\/h3>\n<p><span style=\"font-weight: 400;\">Koristimo komercijalno prihvatljive metode i sigurnosne mjere kako bismo za\u0161titili va\u0161e podatke od neovla\u0161tenog pristupa, izmjene, otkrivanja ili uni\u0161tavanja.<\/span><\/p>\n<h3><b>7. Va\u0161a prava<\/b><\/h3>\n<p><span style=\"font-weight: 400;\">Prema GDPR-u i sli\u010dnim propisima, imate pravo na:<\/span><\/p>\n<ul>\n<li style=\"font-weight: 400;\" aria-level=\"1\"><span style=\"font-weight: 400;\">Zahtjev za pristup li\u010dnim podacima koje imamo o vama<\/span><\/li>\n<li style=\"font-weight: 400;\" aria-level=\"1\"><span style=\"font-weight: 400;\">Ispravite ili a\u017eurirajte svoje podatke<\/span><\/li>\n<li style=\"font-weight: 400;\" aria-level=\"1\"><span style=\"font-weight: 400;\">Zahtjev za brisanje va\u0161ih podataka<\/span><\/li>\n<li style=\"font-weight: 400;\" aria-level=\"1\"><span style=\"font-weight: 400;\">Povucite saglasnost u bilo kojem trenutku<\/span><\/li>\n<\/ul>\n<p><span style=\"font-weight: 400;\">Za podno\u0161enje zahtjeva, molimo kontaktirajte nas na: info@rps.edu.ba<\/span><\/p>\n<h3><b>8. Privatnost djece<\/b><\/h3>\n<p><span style=\"font-weight: 400;\">Ne prikupljamo svjesno li\u010dne podatke direktno od djece bez roditeljskog pristanka. Ako smatrate da smo mo\u017eda prikupili podatke od djeteta bez odgovaraju\u0107eg pristanka, odmah nas kontaktirajte.<\/span><\/p>\n<h3><b>9. Kontaktirajte nas<\/b><\/h3>\n<p><span style=\"font-weight: 400;\">Ako imate bilo kakvih pitanja o ovoj Politici privatnosti ili o tome kako se va\u0161i podaci obra\u0111uju, molimo vas da nas kontaktirate na:<\/span><\/p>\n<p><b>Richmond Park Schools<\/b><b><br \/><\/b><span style=\"font-weight: 400;\">E-mail: info@rps.edu.ba\u00a0<\/span><\/p>\n<p><span style=\"font-weight: 400;\">Telefon: +387 33 944 100\u00a0<\/span><\/p>\n<h2 class=\"wp-block-heading\"><\/h2>\n<p><!-- \/wp:paragraph --><\/p>\n<\/div><\/div><\/div><\/div><\/div>","protected":false},"excerpt":{"rendered":"","protected":false},"author":1,"featured_media":0,"parent":0,"menu_order":0,"comment_status":"closed","ping_status":"open","template":"","meta":{"iawp_total_views":1,"footnotes":""},"class_list":["post-3","page","type-page","status-publish","hentry"],"_links":{"self":[{"href":"https:\/\/tuzla.rps.edu.ba\/bs\/wp-json\/wp\/v2\/pages\/3","targetHints":{"allow":["GET"]}}],"collection":[{"href":"https:\/\/tuzla.rps.edu.ba\/bs\/wp-json\/wp\/v2\/pages"}],"about":[{"href":"https:\/\/tuzla.rps.edu.ba\/bs\/wp-json\/wp\/v2\/types\/page"}],"author":[{"embeddable":true,"href":"https:\/\/tuzla.rps.edu.ba\/bs\/wp-json\/wp\/v2\/users\/1"}],"replies":[{"embeddable":true,"href":"https:\/\/tuzla.rps.edu.ba\/bs\/wp-json\/wp\/v2\/comments?post=3"}],"version-history":[{"count":3,"href":"https:\/\/tuzla.rps.edu.ba\/bs\/wp-json\/wp\/v2\/pages\/3\/revisions"}],"predecessor-version":[{"id":243327,"href":"https:\/\/tuzla.rps.edu.ba\/bs\/wp-json\/wp\/v2\/pages\/3\/revisions\/243327"}],"wp:attachment":[{"href":"https:\/\/tuzla.rps.edu.ba\/bs\/wp-json\/wp\/v2\/media?parent=3"}],"curies":[{"name":"wp","href":"https:\/\/api.w.org\/{rel}","templated":true}]}}