{"id":242856,"date":"2025-07-30T07:50:58","date_gmt":"2025-07-30T07:50:58","guid":{"rendered":"https:\/\/tuzla.rps.edu.ba\/?page_id=242856"},"modified":"2026-03-04T09:02:35","modified_gmt":"2026-03-04T09:02:35","slug":"medunarodna-srednja-skola-galerija","status":"publish","type":"page","link":"https:\/\/tuzla.rps.edu.ba\/bs\/medunarodna-srednja-skola-galerija\/","title":{"rendered":"Galerija"},"content":{"rendered":"<div class=\"et_pb_section_0 et_pb_section et_pb_fullwidth_section et_section_regular et_block_section\">\n<section class=\"et_pb_fullwidth_header_0 et_pb_fullwidth_header et_pb_bg_layout_dark et_pb_text_align_left et_pb_module et_flex_module preset--module--divi-fullwidth-header--default\"><div class=\"et_pb_fullwidth_header_container left\"><div class=\"header-content-container center\"><div class=\"header-content et_flex_module\"><h1 class=\"et_pb_module_header\"><a href=\"https:\/\/tuzla.rps.edu.ba\/bs\/medunarodna-srednja-skola-galerija\/\">Galerija<\/a><\/h1><div class=\"et_pb_header_button_wrapper\"><\/div><\/div><\/div><\/div><div class=\"et_pb_fullwidth_header_overlay\"><\/div><div class=\"et_pb_fullwidth_header_scroll\"><\/div><\/section>\n<\/div>\n\n<div class=\"et_pb_section_1 et_pb_section et_section_regular et_block_section\">\n<div class=\"et_pb_row_0 et_pb_row et_pb_equal_columns et_pb_gutters1 et_block_row\">\n<div class=\"et_pb_column_0 et_pb_column et_pb_column_4_4 et-last-child et_block_column et_pb_css_mix_blend_mode_passthrough\">\n<div class=\"et_pb_gallery_0 et_pb_gallery et_pb_bg_layout_light et_pb_gallery_grid et_pb_module\" data-auto-rotate=\"off\" data-auto-rotate-speed=\"\"><div class=\"et_pb_gallery_items et_post_gallery clearfix et_grid_module\" data-per_page=\"12\"><div class=\"et_pb_gallery_item et_pb_grid_item et_pb_gallery_item_0_0\"><div class=\"et_pb_gallery_image landscape\" data-per_page=\"12\"><a href=\"https:\/\/tuzla.rps.edu.ba\/wp-content\/uploads\/2026\/03\/rps_tuzla_campus_04-1024x512-1.jpg\" title=\"rps_tuzla_campus_04-1024x512\"><img loading=\"lazy\" decoding=\"async\" width=\"400\" height=\"284\" src=\"https:\/\/tuzla.rps.edu.ba\/wp-content\/uploads\/2026\/03\/rps_tuzla_campus_04-1024x512-1-400x284.jpg\" alt=\"\" class=\"wp-image-243381\" srcset=\"https:\/\/tuzla.rps.edu.ba\/wp-content\/uploads\/2026\/03\/rps_tuzla_campus_04-1024x512-1.jpg 479w, https:\/\/tuzla.rps.edu.ba\/wp-content\/uploads\/2026\/03\/rps_tuzla_campus_04-1024x512-1-400x284.jpg 480w\" sizes=\"(max-width:479px) 479px, 100vw\" \/><span class=\"et_overlay\" data-icon=\"\" data-icon-tablet=\"\" data-icon-phone=\"\"><\/span><\/a><\/div><\/div><div class=\"et_pb_gallery_item et_pb_grid_item et_pb_gallery_item_0_1\"><div class=\"et_pb_gallery_image landscape\" data-per_page=\"12\"><a href=\"https:\/\/tuzla.rps.edu.ba\/wp-content\/uploads\/2026\/03\/rps_tuzla_campus_03-1024x512-1.jpg\" title=\"rps_tuzla_campus_03-1024x512\"><img loading=\"lazy\" decoding=\"async\" width=\"400\" height=\"284\" src=\"https:\/\/tuzla.rps.edu.ba\/wp-content\/uploads\/2026\/03\/rps_tuzla_campus_03-1024x512-1-400x284.jpg\" alt=\"\" class=\"wp-image-243380\" srcset=\"https:\/\/tuzla.rps.edu.ba\/wp-content\/uploads\/2026\/03\/rps_tuzla_campus_03-1024x512-1.jpg 479w, https:\/\/tuzla.rps.edu.ba\/wp-content\/uploads\/2026\/03\/rps_tuzla_campus_03-1024x512-1-400x284.jpg 480w\" sizes=\"(max-width:479px) 479px, 100vw\" \/><span class=\"et_overlay\" data-icon=\"\" data-icon-tablet=\"\" data-icon-phone=\"\"><\/span><\/a><\/div><\/div><div class=\"et_pb_gallery_item et_pb_grid_item et_pb_gallery_item_0_2\"><div class=\"et_pb_gallery_image landscape\" data-per_page=\"12\"><a href=\"https:\/\/tuzla.rps.edu.ba\/wp-content\/uploads\/2026\/03\/rps_tuzla_campus_02-1024x512-1.jpg\" title=\"rps_tuzla_campus_02-1024x512\"><img loading=\"lazy\" decoding=\"async\" width=\"400\" height=\"284\" src=\"https:\/\/tuzla.rps.edu.ba\/wp-content\/uploads\/2026\/03\/rps_tuzla_campus_02-1024x512-1-400x284.jpg\" alt=\"\" class=\"wp-image-243379\" srcset=\"https:\/\/tuzla.rps.edu.ba\/wp-content\/uploads\/2026\/03\/rps_tuzla_campus_02-1024x512-1.jpg 479w, https:\/\/tuzla.rps.edu.ba\/wp-content\/uploads\/2026\/03\/rps_tuzla_campus_02-1024x512-1-400x284.jpg 480w\" sizes=\"(max-width:479px) 479px, 100vw\" \/><span class=\"et_overlay\" data-icon=\"\" data-icon-tablet=\"\" data-icon-phone=\"\"><\/span><\/a><\/div><\/div><div class=\"et_pb_gallery_item et_pb_grid_item et_pb_gallery_item_0_3\"><div class=\"et_pb_gallery_image landscape\" data-per_page=\"12\"><a href=\"https:\/\/tuzla.rps.edu.ba\/wp-content\/uploads\/2026\/03\/RPS_tuzla_clubs_primary1.jpg\" title=\"RPS_tuzla_clubs_primary1\"><img loading=\"lazy\" decoding=\"async\" width=\"400\" height=\"284\" src=\"https:\/\/tuzla.rps.edu.ba\/wp-content\/uploads\/2026\/03\/RPS_tuzla_clubs_primary1-400x284.jpg\" alt=\"\" class=\"wp-image-243383\" srcset=\"https:\/\/tuzla.rps.edu.ba\/wp-content\/uploads\/2026\/03\/RPS_tuzla_clubs_primary1.jpg 479w, https:\/\/tuzla.rps.edu.ba\/wp-content\/uploads\/2026\/03\/RPS_tuzla_clubs_primary1-400x284.jpg 480w\" sizes=\"(max-width:479px) 479px, 100vw\" \/><span class=\"et_overlay\" data-icon=\"\" data-icon-tablet=\"\" data-icon-phone=\"\"><\/span><\/a><\/div><\/div><div class=\"et_pb_gallery_item et_pb_grid_item et_pb_gallery_item_0_4\"><div class=\"et_pb_gallery_image landscape\" data-per_page=\"12\"><a href=\"https:\/\/tuzla.rps.edu.ba\/wp-content\/uploads\/2026\/03\/497747351_1126445432841215_6338504762686473648_n-1-1.jpg\" title=\"497747351_1126445432841215_6338504762686473648_n (1)\"><img loading=\"lazy\" decoding=\"async\" width=\"400\" height=\"284\" src=\"https:\/\/tuzla.rps.edu.ba\/wp-content\/uploads\/2026\/03\/497747351_1126445432841215_6338504762686473648_n-1-1-400x284.jpg\" alt=\"\" class=\"wp-image-243558\" srcset=\"https:\/\/tuzla.rps.edu.ba\/wp-content\/uploads\/2026\/03\/497747351_1126445432841215_6338504762686473648_n-1-1.jpg 479w, https:\/\/tuzla.rps.edu.ba\/wp-content\/uploads\/2026\/03\/497747351_1126445432841215_6338504762686473648_n-1-1-400x284.jpg 480w\" sizes=\"(max-width:479px) 479px, 100vw\" \/><span class=\"et_overlay\" data-icon=\"\" data-icon-tablet=\"\" data-icon-phone=\"\"><\/span><\/a><\/div><\/div><div class=\"et_pb_gallery_item et_pb_grid_item et_pb_gallery_item_0_5\"><div class=\"et_pb_gallery_image landscape\" data-per_page=\"12\"><a href=\"https:\/\/tuzla.rps.edu.ba\/wp-content\/uploads\/2026\/03\/Tuzlanski-ucenik-Muhamed-Numanovic-osvojio-bronzanu-medalju-na-Ervropskoj-olimpijadi-iz-fizike.jpg\" title=\"Tuzlanski u\u010denik Muhamed Numanovi\u0107 osvojio bronzanu medalju na Ervropskoj olimpijadi iz fizike\"><img loading=\"lazy\" decoding=\"async\" width=\"400\" height=\"284\" src=\"https:\/\/tuzla.rps.edu.ba\/wp-content\/uploads\/2026\/03\/Tuzlanski-ucenik-Muhamed-Numanovic-osvojio-bronzanu-medalju-na-Ervropskoj-olimpijadi-iz-fizike-400x284.jpg\" alt=\"\" class=\"wp-image-243506\" srcset=\"https:\/\/tuzla.rps.edu.ba\/wp-content\/uploads\/2026\/03\/Tuzlanski-ucenik-Muhamed-Numanovic-osvojio-bronzanu-medalju-na-Ervropskoj-olimpijadi-iz-fizike.jpg 479w, https:\/\/tuzla.rps.edu.ba\/wp-content\/uploads\/2026\/03\/Tuzlanski-ucenik-Muhamed-Numanovic-osvojio-bronzanu-medalju-na-Ervropskoj-olimpijadi-iz-fizike-400x284.jpg 480w\" sizes=\"(max-width:479px) 479px, 100vw\" \/><span class=\"et_overlay\" data-icon=\"\" data-icon-tablet=\"\" data-icon-phone=\"\"><\/span><\/a><\/div><\/div><div class=\"et_pb_gallery_item et_pb_grid_item et_pb_gallery_item_0_6\"><div class=\"et_pb_gallery_image landscape\" data-per_page=\"12\"><a href=\"https:\/\/tuzla.rps.edu.ba\/wp-content\/uploads\/2026\/03\/Tuzlanski-ucenici-osvojili-21-medalju-na-Olimpijadi-naucnih-projekata-BOSEPO-2025.jpg\" title=\"Tuzlanski u\u010denici osvojili 21 medalju na Olimpijadi nau\u010dnih projekata BOSEPO 2025\"><img loading=\"lazy\" decoding=\"async\" width=\"400\" height=\"284\" src=\"https:\/\/tuzla.rps.edu.ba\/wp-content\/uploads\/2026\/03\/Tuzlanski-ucenici-osvojili-21-medalju-na-Olimpijadi-naucnih-projekata-BOSEPO-2025-400x284.jpg\" alt=\"\" class=\"wp-image-243493\" srcset=\"https:\/\/tuzla.rps.edu.ba\/wp-content\/uploads\/2026\/03\/Tuzlanski-ucenici-osvojili-21-medalju-na-Olimpijadi-naucnih-projekata-BOSEPO-2025.jpg 479w, https:\/\/tuzla.rps.edu.ba\/wp-content\/uploads\/2026\/03\/Tuzlanski-ucenici-osvojili-21-medalju-na-Olimpijadi-naucnih-projekata-BOSEPO-2025-400x284.jpg 480w\" sizes=\"(max-width:479px) 479px, 100vw\" \/><span class=\"et_overlay\" data-icon=\"\" data-icon-tablet=\"\" data-icon-phone=\"\"><\/span><\/a><\/div><\/div><div class=\"et_pb_gallery_item et_pb_grid_item et_pb_gallery_item_0_7\"><div class=\"et_pb_gallery_image landscape\" data-per_page=\"12\"><a href=\"https:\/\/tuzla.rps.edu.ba\/wp-content\/uploads\/2026\/03\/Sajam-nauke-i-inovacija-Evropska-noc-istrazivaca-u-Tuzli-VIDEO-FOTO8.jpg\" title=\"Sajam nauke i inovacija Evropska no\u0107 istra\u017eiva\u010da u Tuzli (VIDEO FOTO)8\"><img loading=\"lazy\" decoding=\"async\" width=\"400\" height=\"284\" src=\"https:\/\/tuzla.rps.edu.ba\/wp-content\/uploads\/2026\/03\/Sajam-nauke-i-inovacija-Evropska-noc-istrazivaca-u-Tuzli-VIDEO-FOTO8-400x284.jpg\" alt=\"\" class=\"wp-image-243471\" srcset=\"https:\/\/tuzla.rps.edu.ba\/wp-content\/uploads\/2026\/03\/Sajam-nauke-i-inovacija-Evropska-noc-istrazivaca-u-Tuzli-VIDEO-FOTO8.jpg 479w, https:\/\/tuzla.rps.edu.ba\/wp-content\/uploads\/2026\/03\/Sajam-nauke-i-inovacija-Evropska-noc-istrazivaca-u-Tuzli-VIDEO-FOTO8-400x284.jpg 480w\" sizes=\"(max-width:479px) 479px, 100vw\" \/><span class=\"et_overlay\" data-icon=\"\" data-icon-tablet=\"\" data-icon-phone=\"\"><\/span><\/a><\/div><\/div><div class=\"et_pb_gallery_item et_pb_grid_item et_pb_gallery_item_0_8\"><div class=\"et_pb_gallery_image landscape\" data-per_page=\"12\"><a href=\"https:\/\/tuzla.rps.edu.ba\/wp-content\/uploads\/2026\/03\/Posjeta-ambasadora-Evropske-unije-i-Francuske-Richmond-Park-Medunarodnoj-skoli-Tuzla-u-sklopu-simulacijske-radionice-\u201eDobro-dosli-u-Evropsku-uniju1.jpeg\" title=\"Posjeta ambasadora Evropske unije i Francuske Richmond Park Me\u0111unarodnoj \u0161koli Tuzla u sklopu simulacijske radionice \u201eDobro do\u0161li u Evropsku uniju\u201c1\"><img loading=\"lazy\" decoding=\"async\" width=\"400\" height=\"284\" src=\"https:\/\/tuzla.rps.edu.ba\/wp-content\/uploads\/2026\/03\/Posjeta-ambasadora-Evropske-unije-i-Francuske-Richmond-Park-Medunarodnoj-skoli-Tuzla-u-sklopu-simulacijske-radionice-\u201eDobro-dosli-u-Evropsku-uniju1-400x284.jpeg\" alt=\"\" class=\"wp-image-243448\" srcset=\"https:\/\/tuzla.rps.edu.ba\/wp-content\/uploads\/2026\/03\/Posjeta-ambasadora-Evropske-unije-i-Francuske-Richmond-Park-Medunarodnoj-skoli-Tuzla-u-sklopu-simulacijske-radionice-\u201eDobro-dosli-u-Evropsku-uniju1.jpeg 479w, https:\/\/tuzla.rps.edu.ba\/wp-content\/uploads\/2026\/03\/Posjeta-ambasadora-Evropske-unije-i-Francuske-Richmond-Park-Medunarodnoj-skoli-Tuzla-u-sklopu-simulacijske-radionice-\u201eDobro-dosli-u-Evropsku-uniju1-400x284.jpeg 480w\" sizes=\"(max-width:479px) 479px, 100vw\" \/><span class=\"et_overlay\" data-icon=\"\" data-icon-tablet=\"\" data-icon-phone=\"\"><\/span><\/a><\/div><\/div><div class=\"et_pb_gallery_item et_pb_grid_item et_pb_gallery_item_0_9\"><div class=\"et_pb_gallery_image landscape\" data-per_page=\"12\"><a href=\"https:\/\/tuzla.rps.edu.ba\/wp-content\/uploads\/2026\/03\/sandra-1.jpg\" title=\"sandra (1)\"><img loading=\"lazy\" decoding=\"async\" width=\"400\" height=\"284\" src=\"https:\/\/tuzla.rps.edu.ba\/wp-content\/uploads\/2026\/03\/sandra-1-400x284.jpg\" alt=\"\" class=\"wp-image-243396\" srcset=\"https:\/\/tuzla.rps.edu.ba\/wp-content\/uploads\/2026\/03\/sandra-1.jpg 479w, https:\/\/tuzla.rps.edu.ba\/wp-content\/uploads\/2026\/03\/sandra-1-400x284.jpg 480w\" sizes=\"(max-width:479px) 479px, 100vw\" \/><span class=\"et_overlay\" data-icon=\"\" data-icon-tablet=\"\" data-icon-phone=\"\"><\/span><\/a><\/div><\/div><div class=\"et_pb_gallery_item et_pb_grid_item et_pb_gallery_item_0_10\"><div class=\"et_pb_gallery_image landscape\" data-per_page=\"12\"><a href=\"https:\/\/tuzla.rps.edu.ba\/wp-content\/uploads\/2026\/03\/491418453_18152981368364901_7578632818074463507_n-2.jpg\" title=\"491418453_18152981368364901_7578632818074463507_n (2)\"><img loading=\"lazy\" decoding=\"async\" width=\"400\" height=\"284\" src=\"https:\/\/tuzla.rps.edu.ba\/wp-content\/uploads\/2026\/03\/491418453_18152981368364901_7578632818074463507_n-2-400x284.jpg\" alt=\"\" class=\"wp-image-243401\" srcset=\"https:\/\/tuzla.rps.edu.ba\/wp-content\/uploads\/2026\/03\/491418453_18152981368364901_7578632818074463507_n-2.jpg 479w, https:\/\/tuzla.rps.edu.ba\/wp-content\/uploads\/2026\/03\/491418453_18152981368364901_7578632818074463507_n-2-400x284.jpg 480w\" sizes=\"(max-width:479px) 479px, 100vw\" \/><span class=\"et_overlay\" data-icon=\"\" data-icon-tablet=\"\" data-icon-phone=\"\"><\/span><\/a><\/div><\/div><div class=\"et_pb_gallery_item et_pb_grid_item et_pb_gallery_item_0_11\"><div class=\"et_pb_gallery_image landscape\" data-per_page=\"12\"><a href=\"https:\/\/tuzla.rps.edu.ba\/wp-content\/uploads\/2026\/03\/497747351_1126445432841215_6338504762686473648_n-1.jpg\" title=\"497747351_1126445432841215_6338504762686473648_n (1)\"><img loading=\"lazy\" decoding=\"async\" width=\"400\" height=\"284\" src=\"https:\/\/tuzla.rps.edu.ba\/wp-content\/uploads\/2026\/03\/497747351_1126445432841215_6338504762686473648_n-1-400x284.jpg\" alt=\"\" class=\"wp-image-243399\" srcset=\"https:\/\/tuzla.rps.edu.ba\/wp-content\/uploads\/2026\/03\/497747351_1126445432841215_6338504762686473648_n-1.jpg 479w, https:\/\/tuzla.rps.edu.ba\/wp-content\/uploads\/2026\/03\/497747351_1126445432841215_6338504762686473648_n-1-400x284.jpg 480w\" sizes=\"(max-width:479px) 479px, 100vw\" \/><span class=\"et_overlay\" data-icon=\"\" data-icon-tablet=\"\" data-icon-phone=\"\"><\/span><\/a><\/div><\/div><div class=\"et_pb_gallery_item et_pb_grid_item et_pb_gallery_item_0_12\"><div class=\"et_pb_gallery_image landscape\" data-per_page=\"12\"><a href=\"https:\/\/tuzla.rps.edu.ba\/wp-content\/uploads\/2026\/03\/RPS_tuzla_clubs_secondary1.jpg\" title=\"RPS_tuzla_clubs_secondary1\"><img loading=\"lazy\" decoding=\"async\" width=\"400\" height=\"284\" src=\"https:\/\/tuzla.rps.edu.ba\/wp-content\/uploads\/2026\/03\/RPS_tuzla_clubs_secondary1-400x284.jpg\" alt=\"\" class=\"wp-image-243384\" srcset=\"https:\/\/tuzla.rps.edu.ba\/wp-content\/uploads\/2026\/03\/RPS_tuzla_clubs_secondary1.jpg 479w, https:\/\/tuzla.rps.edu.ba\/wp-content\/uploads\/2026\/03\/RPS_tuzla_clubs_secondary1-400x284.jpg 480w\" sizes=\"(max-width:479px) 479px, 100vw\" \/><span class=\"et_overlay\" data-icon=\"\" data-icon-tablet=\"\" data-icon-phone=\"\"><\/span><\/a><\/div><\/div><\/div><div class=\"et_pb_gallery_pagination\"><\/div><\/div>\n<\/div>\n<\/div>\n<\/div>","protected":false},"excerpt":{"rendered":"","protected":false},"author":1,"featured_media":0,"parent":0,"menu_order":0,"comment_status":"closed","ping_status":"closed","template":"","meta":{"iawp_total_views":31,"footnotes":""},"class_list":["post-242856","page","type-page","status-publish","hentry"],"_links":{"self":[{"href":"https:\/\/tuzla.rps.edu.ba\/bs\/wp-json\/wp\/v2\/pages\/242856","targetHints":{"allow":["GET"]}}],"collection":[{"href":"https:\/\/tuzla.rps.edu.ba\/bs\/wp-json\/wp\/v2\/pages"}],"about":[{"href":"https:\/\/tuzla.rps.edu.ba\/bs\/wp-json\/wp\/v2\/types\/page"}],"author":[{"embeddable":true,"href":"https:\/\/tuzla.rps.edu.ba\/bs\/wp-json\/wp\/v2\/users\/1"}],"replies":[{"embeddable":true,"href":"https:\/\/tuzla.rps.edu.ba\/bs\/wp-json\/wp\/v2\/comments?post=242856"}],"version-history":[{"count":7,"href":"https:\/\/tuzla.rps.edu.ba\/bs\/wp-json\/wp\/v2\/pages\/242856\/revisions"}],"predecessor-version":[{"id":243584,"href":"https:\/\/tuzla.rps.edu.ba\/bs\/wp-json\/wp\/v2\/pages\/242856\/revisions\/243584"}],"wp:attachment":[{"href":"https:\/\/tuzla.rps.edu.ba\/bs\/wp-json\/wp\/v2\/media?parent=242856"}],"curies":[{"name":"wp","href":"https:\/\/api.w.org\/{rel}","templated":true}]}}