{"id":242850,"date":"2025-07-30T07:50:04","date_gmt":"2025-07-30T07:50:04","guid":{"rendered":"https:\/\/tuzla.rps.edu.ba\/?page_id=242850"},"modified":"2026-03-04T09:04:42","modified_gmt":"2026-03-04T09:04:42","slug":"medunarodna-srednja-predmeti-po-razredima","status":"publish","type":"page","link":"https:\/\/tuzla.rps.edu.ba\/bs\/medunarodna-srednja-predmeti-po-razredima\/","title":{"rendered":"Predmeti po razredima"},"content":{"rendered":"<div class=\"et_pb_section_0 et_pb_section et_pb_fullwidth_section et_section_regular et_block_section\">\n<section class=\"et_pb_fullwidth_header_0 et_pb_fullwidth_header et_pb_bg_layout_dark et_pb_text_align_left et_pb_module et_flex_module preset--module--divi-fullwidth-header--default\"><div class=\"et_pb_fullwidth_header_container left\"><div class=\"header-content-container center\"><div class=\"header-content et_flex_module\"><h1 class=\"et_pb_module_header\"><a href=\"https:\/\/tuzla.rps.edu.ba\/bs\/medunarodna-srednja-predmeti-po-razredima\/\">Predmeti po razredima<\/a><\/h1><div class=\"et_pb_header_button_wrapper\"><\/div><\/div><\/div><\/div><div class=\"et_pb_fullwidth_header_overlay\"><\/div><div class=\"et_pb_fullwidth_header_scroll\"><\/div><\/section>\n<\/div>\n\n<div class=\"et_pb_section_1 et_pb_section et_section_regular et_block_section section_has_divider et_pb_bottom_divider\">\n<div class=\"et_pb_row_0 et_pb_row et_block_row\">\n<div class=\"et_pb_column_0 et_pb_column et_pb_column_4_4 et-last-child et_block_column et_pb_css_mix_blend_mode_passthrough\">\n<div class=\"et_pb_text_0 et_pb_text et_pb_bg_layout_light et_pb_module et_block_module\"><div class=\"et_pb_text_inner\"><p style=\"text-align: justify;\"><span style=\"font-weight: 400;\">Our Secondary School at Richmond Park Tuzla covers Grades 10 to 13 (Years 1 to 4 of Secondary), offering a blended curriculum aligned with the Tuzla Canton framework and Cambridge International Curriculum standards. The program is designed to build academic depth and prepare students for university and global opportunities.<\/span><\/p>\n<\/div><\/div>\n<\/div>\n<\/div>\n\n<div class=\"et_pb_row_1 et_pb_row et_block_row\">\n<div class=\"et_pb_column_1 et_pb_column et_pb_column_1_2 et_block_column et_pb_css_mix_blend_mode_passthrough\">\n<div class=\"et_pb_text_1 et_pb_text et_pb_bg_layout_light et_pb_module et_block_module\"><div class=\"et_pb_text_inner\"><p data-start=\"59\" data-end=\"352\" class=\"translation-block\">Na <strong>ni\u017eem srednjem nivou<\/strong> u\u010denici prate jedinstveni program koji obuhvata osnovne predmete iz oblasti nauka, dru\u0161tvenih nauka i jezika. Sve predmete predaju stru\u010dni nastavnici, pri \u010demu se otprilike 70% nastave izvodi na engleskom jeziku, a ostatak na bosanskom.<\/p>\n<\/div><\/div>\n<\/div>\n\n<div class=\"et_pb_column_2 et_pb_column et_pb_column_1_2 et-last-child et_block_column et_pb_css_mix_blend_mode_passthrough\">\n<div class=\"et_pb_text_2 et_pb_text et_pb_bg_layout_light et_pb_module et_block_module\"><div class=\"et_pb_text_inner\"><p class=\"translation-block\"><span style=\"font-weight: 400\">U <\/span><b>vi\u0161im razredima (3.-4.)<\/b><span style=\"font-weight: 400\">, u\u010denici biraju fokusirani akademski smjer u jednom od \u010detiri smjera: Matematika i informatika, Prirodne nauke, Dru\u0161tvene nauke ili Jezici. Svako odjeljenje prati zajedni\u010dki kurikulum uz dodatne izborne predmete prilago\u0111ene odabranoj specijalizaciji. Ovaj nivo priprema u\u010denike za me\u0111unarodno priznate AS\/A Level kvalifikacije putem Cambridge Assessmenta.<\/span><\/p>\n<\/div><\/div>\n<\/div>\n<\/div>\n\n<div class=\"et_pb_row_2 et_pb_row et_pb_row_4col et_block_row et_block_row_4col two-col-mob two-col-tab\">\n<div class=\"et_pb_column_3 et_pb_column et_pb_column_1_4 et_block_column et_pb_css_mix_blend_mode_passthrough\">\n<div class=\"et_pb_blurb_0 et_pb_blurb et_pb_bg_layout_light et_pb_text_align_center et_pb_blurb_position_top et_pb_module et_block_module\"><div class=\"et_pb_blurb_content\"><div class=\"et_pb_main_blurb_image\"><span class=\"et_pb_image_wrap\"><span class=\"et-pb-icon et-waypoint et_pb_animation_top et_pb_animation_top_tablet et_pb_animation_top_phone\">R<\/span><\/span><\/div><div class=\"et_pb_blurb_container\"><h4 class=\"et_pb_module_header\">Blended Tuzla Canton & Cambridge Upper Secondary Curriculum<\/h4><\/div><\/div><\/div>\n<\/div>\n\n<div class=\"et_pb_column_4 et_pb_column et_pb_column_1_4 et_block_column et_pb_css_mix_blend_mode_passthrough\">\n<div class=\"et_pb_blurb_1 et_pb_blurb et_pb_bg_layout_light et_pb_text_align_center et_pb_blurb_position_top et_pb_module et_block_module\"><div class=\"et_pb_blurb_content\"><div class=\"et_pb_main_blurb_image\"><span class=\"et_pb_image_wrap\"><span class=\"et-pb-icon et-waypoint et_pb_animation_top et_pb_animation_top_tablet et_pb_animation_top_phone\">R<\/span><\/span><\/div><div class=\"et_pb_blurb_container\"><h4 class=\"et_pb_module_header\">Nastava na engleskom jeziku koju izvode stru\u010dni predava\u010di<\/h4><\/div><\/div><\/div>\n<\/div>\n\n<div class=\"et_pb_column_5 et_pb_column et_pb_column_1_4 et_block_column et_pb_css_mix_blend_mode_passthrough\">\n<div class=\"et_pb_blurb_2 et_pb_blurb et_pb_bg_layout_light et_pb_text_align_center et_pb_blurb_position_top et_pb_module et_block_module\"><div class=\"et_pb_blurb_content\"><div class=\"et_pb_main_blurb_image\"><span class=\"et_pb_image_wrap\"><span class=\"et-pb-icon et-waypoint et_pb_animation_top et_pb_animation_top_tablet et_pb_animation_top_phone\">R<\/span><\/span><\/div><div class=\"et_pb_blurb_container\"><h4 class=\"et_pb_module_header\">Izbor predmeta uskla\u0111en s pripremom za univerzitet<\/h4><\/div><\/div><\/div>\n<\/div>\n\n<div class=\"et_pb_column_6 et_pb_column et_pb_column_1_4 et-last-child et_block_column et_pb_css_mix_blend_mode_passthrough\">\n<div class=\"et_pb_blurb_3 et_pb_blurb et_pb_bg_layout_light et_pb_text_align_center et_pb_blurb_position_top et_pb_module et_block_module\"><div class=\"et_pb_blurb_content\"><div class=\"et_pb_main_blurb_image\"><span class=\"et_pb_image_wrap\"><span class=\"et-pb-icon et-waypoint et_pb_animation_top et_pb_animation_top_tablet et_pb_animation_top_phone\">R<\/span><\/span><\/div><div class=\"et_pb_blurb_container\"><h4 class=\"et_pb_module_header\">IGCSE ispiti (opcionalno) u 1. i 2. razredu, A-level ispiti u 3. i 4. razredu<\/h4><\/div><\/div><\/div>\n<\/div>\n<\/div>\n<div class=\"et_pb_bottom_inside_divider et-no-transition\"><\/div><\/div>\n\n<div class=\"et_pb_section_2 et_pb_section et_section_regular et_block_section section_has_divider et_pb_top_divider\"><div class=\"et_pb_top_inside_divider et-no-transition\"><\/div>\n<div class=\"et_pb_row_3 et_pb_row et_block_row\">\n<div class=\"et_pb_column_7 et_pb_column et_pb_column_4_4 et-last-child et_block_column et_pb_css_mix_blend_mode_passthrough\">\n<div class=\"et_pb_text_3 et_pb_text et_pb_bg_layout_light et_pb_module et_block_module\"><div class=\"et_pb_text_inner\"><p><span style=\"font-weight: 400;\">Na Richmond Park Collegeu u Tuzlau, na\u0161 nastavni plan i program podr\u017eava svakog u\u010denika u izgradnji sna\u017ene akademske osnove, a istovremeno nudi fleksibilnost za istra\u017eivanje individualnih interesa. Bez obzira da li va\u0161e dijete upisuje srednju \u0161kolu ili se priprema za me\u0111unarodne ispite, na\u0161 strukturirani program je osmi\u0161ljen da ih vodi kroz svaki korak.<\/span><\/p>\n<p><b>Molimo odaberite razred da biste vidjeli kompletnu sedmi\u010dnu analizu predmeta:<\/b><\/p>\n<\/div><\/div>\n<\/div>\n<\/div>\n\n<div class=\"et_pb_row_4 et_pb_row et_block_row\" id=\"start\">\n<div class=\"et_pb_column_8 et_pb_column et_pb_column_1_2 et_block_column et_pb_css_mix_blend_mode_passthrough\">\n<div class=\"et_pb_module et_pb_button_module_wrapper et_pb_button_0_wrapper\"><a class=\"et_pb_button_0 et_pb_button et_pb_bg_layout_light et_pb_module et_block_module mtc_button_2 mtc_button_closed\" href=\"\">1. i 2. razredi<\/a><\/div>\n<\/div>\n\n<div class=\"et_pb_column_9 et_pb_column et_pb_column_1_2 et-last-child et_block_column et_pb_css_mix_blend_mode_passthrough\">\n<div class=\"et_pb_module et_pb_button_module_wrapper et_pb_button_1_wrapper\"><a class=\"et_pb_button_1 et_pb_button et_pb_bg_layout_light et_pb_module et_block_module mtc_button_1 mtc_button_closed\" href=\"\">3. i 4. razredi<\/a><\/div>\n<\/div>\n<\/div>\n<\/div>\n\n<div class=\"et_pb_section_3 et_pb_section et_section_regular et_block_section section_has_divider et_pb_top_divider mtc_element mtc_element_2\"><div class=\"et_pb_top_inside_divider et-no-transition\"><\/div>\n<div class=\"et_pb_row_5 et_pb_row et_block_row\">\n<div class=\"et_pb_column_10 et_pb_column et_pb_column_4_4 et-last-child et_block_column et_pb_css_mix_blend_mode_passthrough\">\n<div class=\"et_pb_text_4 et_pb_text et_pb_bg_layout_light et_pb_module et_block_module\"><div class=\"et_pb_text_inner\"><h2><strong>Ni\u017ei razredi srednje \u0161kole \u2013 1-\u20132. razred (uzrast 15\u201317 godina)<\/strong><\/h2>\n<\/div><\/div>\n\n<div class=\"et_pb_code_0 et_pb_code et_pb_module\"><div class=\"et_pb_code_inner\"><style>\n:root {\n  --main-color: #0e5058;\n  --main-color-light: rgba(14, 80, 88, 0.1);\n  --main-color-lighter: rgba(14, 80, 88, 0.05);\n  --main-color-contrast: #ffffff;\n\n  --orange-color: #eb5e42;\n}\n\n.menu-tab-button {\n  padding: 10px 18px;\n  background-color: #f2f2f2;\n  border: 1px solid #ccc;\n  cursor: pointer;\n  border-radius: 6px;\n  transition: background 0.3s, border-color 0.3s, color 0.3s;\n  font-weight: 500;\n  color: #333;\n}\n.menu-tab-button:hover {\n  background-color: var(--main-color-light);\n  border-color: var(--main-color);\n  color: var(--main-color);\n}\n.menu-tab-button.active {\n  background-color: var(--main-color);\n  border-color: var(--main-color);\n  color: var(--main-color-contrast);\n  font-weight: 600;\n}\n\n.school-menu-table thead {\n  background-color: var(--main-color);\n  color: var(--main-color-contrast);\n  font-weight: 700;\n}\n\n\/* Use orange header only for Grades 5\u20139 *\/\n.menu-tab-content#grade5 .school-menu-table thead,\n.menu-tab-content#grade6 .school-menu-table thead,\n.menu-tab-content#grade7 .school-menu-table thead,\n.menu-tab-content#grade8 .school-menu-table thead,\n.menu-tab-content#grade9 .school-menu-table thead {\n  background-color: var(--orange-color);\n}\n\n.school-menu-table th,\n.school-menu-table td {\n  border: 1px solid #e0e0e0;\n  padding: 12px 10px;\n  text-align: left;\n}\n.school-menu-table {\n  width: auto;\n  margin: 0 auto;\n  border-collapse: collapse;\n  min-width: 400px;\n  font-size: 16px;\n}\n.school-menu-table tbody tr:nth-child(odd) {\n  background-color: var(--main-color-lighter);\n}\n.school-menu-table tbody tr:nth-child(even) {\n  background-color: var(--main-color-light);\n}\n.menu-tabs-wrapper {\n  margin-top: 2rem;\n}\n.menu-tabs {\n  display: flex;\n  gap: 1rem;\n  flex-wrap: wrap;\n  margin-bottom: 1rem;\n}\n.menu-tab-content {\n  display: none;\n}\n.menu-tab-content.active {\n  display: block;\n}\n.school-menu-wrapper {\n  width: 100%;\n  max-width: 700px;\n  margin: 0 auto 2rem auto;\n  overflow-x: auto;\n  border-radius: 8px;\n  border: 1px solid #e0e0e0;\n}\nth, thead {\n  color: white !important;\n}\n<\/style>\n\n<div class=\"menu-tabs-wrapper\">\n  <div class=\"menu-tabs\">\n    <div class=\"menu-tab-button active\" onclick=\"showTab('year10')\">1. razred<\/div>\n    <div class=\"menu-tab-button\" onclick=\"showTab('year11')\">2. razred<\/div>\n  <\/div>\n\n  <!-- Year 10 -->\n  <div id=\"year10\" class=\"menu-tab-content active\">\n    <div class=\"school-menu-wrapper\">\n      <table class=\"school-menu-table\">\n        <thead>\n          <tr>\n            <th>Predmet<\/th>\n            <th>Lekcije<\/th>\n          <\/tr>\n        <\/thead>\n        <tbody>\n          <tr><td>Engleski jezik<\/td><td>4<\/td><\/tr>\n          <tr><td>Matematika<\/td><td>4<\/td><\/tr>\n          <tr><td>Biologija<\/td><td>2<\/td><\/tr>\n          <tr><td>Hemija<\/td><td>2<\/td><\/tr>\n          <tr><td>Fizika<\/td><td>2<\/td><\/tr>\n          <tr><td>Bosanski\/hrvatski\/srpski jezik i knji\u017eevnost<\/td><td>4<\/td><\/tr>\n          <tr><td>Njema\u010dki jezik<\/td><td>3<\/td><\/tr>\n          <tr><td>Turski jezik<\/td><td>2<\/td><\/tr>\n          <tr><td>Informatika<\/td><td>2<\/td><\/tr>\n          <tr><td>Geografija<\/td><td>2<\/td><\/tr>\n          <tr><td>Historija<\/td><td>2<\/td><\/tr>\n          <tr><td>Likovna kultura<\/td><td>2<\/td><\/tr>\n          <tr><td>Tjelesni odgoj<\/td><td>2<\/td><\/tr>\n          <tr><td>Razvoj li\u010dnosti i karaktera<\/td><td>1<\/td><\/tr>\n          <tr><td>Vjeronauka<\/td><td>1<\/td><\/tr>\n        <\/tbody>\n      <\/table>\n    <\/div>\n  <\/div>\n\n  <!-- Year 11 -->\n  <div id=\"year11\" class=\"menu-tab-content\">\n    <div class=\"school-menu-wrapper\">\n      <table class=\"school-menu-table\">\n        <thead>\n          <tr>\n            <th>Predmet<\/th>\n            <th>Lekcije<\/th>\n          <\/tr>\n        <\/thead>\n        <tbody>\n          <tr><td>Engleski jezik<\/td><td>4<\/td><\/tr>\n          <tr><td>Matematika<\/td><td>4<\/td><\/tr>\n          <tr><td>Biologija<\/td><td>2<\/td><\/tr>\n          <tr><td>Hemija<\/td><td>2<\/td><\/tr>\n          <tr><td>Fizika<\/td><td>2<\/td><\/tr>\n          <tr><td>Bosanski\/hrvatski\/srpski jezik i knji\u017eevnost<\/td><td>4<\/td><\/tr>\n          <tr><td>Njema\u010dki jezik<\/td><td>3<\/td><\/tr>\n          <tr><td>Turski jezik<\/td><td>2<\/td><\/tr>\n          <tr><td>Informatika<\/td><td>2<\/td><\/tr>\n          <tr><td>Geografija<\/td><td>2<\/td><\/tr>\n          <tr><td>Historija<\/td><td>2<\/td><\/tr>\n          <tr><td>Muzi\u010dka kultura<\/td><td>2<\/td><\/tr>\n          <tr><td>Tjelesni odgoj<\/td><td>2<\/td><\/tr>\n          <tr><td>Razvoj li\u010dnosti i karaktera<\/td><td>1<\/td><\/tr>\n          <tr><td>Vjeronauka<\/td><td>1<\/td><\/tr>\n        <\/tbody>\n      <\/table>\n    <\/div>\n  <\/div>\n<\/div>\n\n<script>\nfunction showTab(id) {\n  document.querySelectorAll('.menu-tab-content').forEach(el => el.classList.remove('active'));\n  document.querySelectorAll('.menu-tab-button').forEach(el => el.classList.remove('active'));\n  document.getElementById(id).classList.add('active');\n  event.target.classList.add('active');\n}\n<\/script>\n<\/div><\/div>\n\n<div class=\"et_pb_module et_pb_button_module_wrapper et_pb_button_2_wrapper\"><a class=\"et_pb_button_2 et_pb_button et_pb_bg_layout_light et_pb_module et_block_module\" href=\"#start\" data-icon=\"6\">Vrati se gore<\/a><\/div>\n<\/div>\n<\/div>\n<\/div>\n\n<div class=\"et_pb_section_4 et_pb_section et_section_regular et_block_section section_has_divider et_pb_top_divider mtc_element mtc_element_1\"><div class=\"et_pb_top_inside_divider et-no-transition\"><\/div>\n<div class=\"et_pb_row_6 et_pb_row et_block_row\">\n<div class=\"et_pb_column_11 et_pb_column et_pb_column_4_4 et-last-child et_block_column et_pb_css_mix_blend_mode_passthrough\">\n<div class=\"et_pb_text_5 et_pb_text et_pb_bg_layout_light et_pb_module et_block_module\"><div class=\"et_pb_text_inner\"><h2><strong>Upper Stage of Secondary - Years 12-13 or 3-4 (Age 17-19)<\/strong><\/h2>\n<\/div><\/div>\n\n<div class=\"et_pb_code_1 et_pb_code et_pb_module\"><div class=\"et_pb_code_inner\"><div class=\"menu-tabs-wrapper\">\n  <div class=\"menu-tabs\">\n    <div class=\"menu-tab-button active\" onclick=\"showTab('year12')\">3. razred<\/div>\n    <div class=\"menu-tab-button\" onclick=\"showTab('year13')\">4. razred<\/div>\n  <\/div>\n\n  <!-- Year 12 \/ 3 -->\n  <div id=\"year12\" class=\"menu-tab-content active\">\n    <div class=\"school-menu-wrapper\">\n      <table class=\"school-menu-table\">\n        <thead>\n          <tr>\n            <th>Predmet<\/th>\n            <th>MAT-IKT<\/th>\n            <th>PRI<\/th>\n            <th>HUM<\/th>\n            <th>JEZIK<\/th>\n          <\/tr>\n        <\/thead>\n        <tbody>\n          <tr><td>Engleski jezik<\/td><td>3<\/td><td>3<\/td><td>3<\/td><td>3<\/td><\/tr>\n          <tr><td>Matematika<\/td><td>3<\/td><td>3<\/td><td>3<\/td><td>3<\/td><\/tr>\n          <tr><td>Bosanski\/hrvatski\/srpski jezik i knji\u017eevnost<\/td><td>3<\/td><td>3<\/td><td>3<\/td><td>3<\/td><\/tr>\n          <tr><td>Njema\u010dki jezik<\/td><td>3<\/td><td>3<\/td><td>3<\/td><td>3<\/td><\/tr>\n          <tr><td>Turski jezik<\/td><td>2<\/td><td>2<\/td><td>2<\/td><td>2<\/td><\/tr>\n          <tr><td>Latinski jezik<\/td><td>2<\/td><td>2<\/td><td>2<\/td><td>2<\/td><\/tr>\n          <tr><td>Tjelesni i zdravsteni odgoj<\/td><td>2<\/td><td>2<\/td><td>2<\/td><td>2<\/td><\/tr>\n          <tr><td>Razvoj li\u010dnosti i karaktera<\/td><td>1<\/td><td>1<\/td><td>1<\/td><td>1<\/td><\/tr>\n          <tr><td>Vjeronauka<\/td><td>1<\/td><td>1<\/td><td>1<\/td><td>1<\/td><\/tr>\n          <tr><td>Psihologija<\/td><td>2<\/td><td>2<\/td><td>2<\/td><td>2<\/td><\/tr>\n          <tr><td>Demokratija i ljudska prava<\/td><td>2<\/td><td>2<\/td><td>2<\/td><td>2<\/td><\/tr>\n         \n          <tr><td>Izborni predmeti<\/td><td>9<\/td><td>9<\/td><td>9<\/td><td>9<\/td><\/tr>\n        <\/tbody>\n      <\/table>\n      <div class=\"electives-note\" style=\"max-width: 700px; margin: 1rem auto; font-size: 16px; line-height: 1.6;\">\n  <strong>* Izborni predmeti se razlikuju u zavisnosti od smjera, ukupno 9 dodatnih \u010dasova sedmi\u010dno:<\/strong>\n  <ul style=\"padding-left: 20px; margin-top: 8px;\">\n    <li><strong>Matematika i informatika:<\/strong> 3 \u010dasa matematike + 3 \u010dasa informatike + 3 \u010dasa fizike<\/li>\n    <li><strong>Prirodne nauke:<\/strong> 3 \u010dasa biologije + 3 \u010dasa hemije + 3 \u010dasa fizike<\/li>\n    <li><strong>Humanisti\u010dke nauke:<\/strong> 4 \u010dasa geografije + 4 \u010dasa historije + 1 \u010das engleskog jezika<\/li>\n    <li><strong>Jezici:<\/strong> 3 \u010dasa engleskog + 3 \u010dasa njema\u010dkog + 3 \u010dasa turskog<\/li>\n  <\/ul>\n<\/div>\n    <\/div>\n  <\/div>\n\n  <!-- Year 13 \/ 4 -->\n  <div id=\"year13\" class=\"menu-tab-content\">\n    <div class=\"school-menu-wrapper\">\n      <table class=\"school-menu-table\">\n        <thead>\n          <tr>\n            <th>Predmet<\/th>\n            <th>MAT-IKT<\/th>\n            <th>PRI<\/th>\n            <th>HUM<\/th>\n            <th>JEZIK<\/th>\n          <\/tr>\n        <\/thead>\n        <tbody>\n          <tr><td>Engleski jezik<\/td><td>3<\/td><td>3<\/td><td>3<\/td><td>3<\/td><\/tr>\n          <tr><td>Matematika<\/td><td>3<\/td><td>3<\/td><td>3<\/td><td>3<\/td><\/tr>\n          <tr><td>Bosanski\/hrvatski\/srpski jezik i knji\u017eevnost<\/td><td>3<\/td><td>3<\/td><td>3<\/td><td>3<\/td><\/tr>\n          <tr><td>Njema\u010dki jezik<\/td><td>3<\/td><td>3<\/td><td>3<\/td><td>3<\/td><\/tr>\n          <tr><td>Turski jezik<\/td><td>2<\/td><td>2<\/td><td>2<\/td><td>2<\/td><\/tr>\n          <tr><td>Latinski jezik<\/td><td>1<\/td><td>1<\/td><td>1<\/td><td>1<\/td><\/tr>\n          <tr><td>Tjelesni i zdravsteni odgoj<\/td><td>2<\/td><td>2<\/td><td>2<\/td><td>2<\/td><\/tr>\n          <tr><td>Razvoj li\u010dnosti i karaktera<\/td><td>1<\/td><td>1<\/td><td>1<\/td><td>1<\/td><\/tr>\n          <tr><td>Vjeronauka<\/td><td>1<\/td><td>1<\/td><td>1<\/td><td>1<\/td><\/tr>\n          <tr><td>Filozofija i logika<\/td><td>3<\/td><td>3<\/td><td>3<\/td><td>3<\/td><\/tr>\n          <tr><td>Sociologija<\/td><td>1<\/td><td>1<\/td><td>1<\/td><td>1<\/td><\/tr>\n          <tr><td>Izborni predmeti<\/td><td>9<\/td><td>9<\/td><td>9<\/td><td>9<\/td><\/tr>\n        <\/tbody>\n      <\/table>\n      <div class=\"electives-note\" style=\"max-width: 700px; margin: 1rem auto; font-size: 16px; line-height: 1.6;\">\n  <strong>* Izborni predmeti se razlikuju u zavisnosti od smjera, ukupno 9 dodatnih \u010dasova sedmi\u010dno:<\/strong>\n  <ul style=\"padding-left: 20px; margin-top: 8px;\">\n    <li><strong>Matematika i informatika:<\/strong> 3 \u010dasa matematike + 3 \u010dasa informatike + 3 \u010dasa fizike<\/li>\n    <li><strong>Prirodne nauke:<\/strong> 3 \u010dasa biologije + 3 \u010dasa hemije + 3 \u010dasa fizike<\/li>\n    <li><strong>Humanisti\u010dke nauke:<\/strong> 4 \u010dasa geografije + 4 \u010dasa historije + 1 \u010das engleskog jezika<\/li>\n    <li><strong>Jezici:<\/strong> 3 \u010dasa engleskog + 3 \u010dasa njema\u010dkog + 3 \u010dasa turskog<\/li>\n  <\/ul>\n<\/div>\n    <\/div>\n  <\/div>\n<\/div>\n\n<script>\nfunction showTab(id) {\n  document.querySelectorAll('.menu-tab-content').forEach(el => el.classList.remove('active'));\n  document.querySelectorAll('.menu-tab-button').forEach(el => el.classList.remove('active'));\n  document.getElementById(id).classList.add('active');\n  event.target.classList.add('active');\n}\n<\/script>\n<\/div><\/div>\n\n<div class=\"et_pb_module et_pb_button_module_wrapper et_pb_button_3_wrapper\"><a class=\"et_pb_button_3 et_pb_button et_pb_bg_layout_light et_pb_module et_block_module\" href=\"#start\" data-icon=\"6\">Vrati se gore<\/a><\/div>\n<\/div>\n<\/div>\n<\/div>\n\n<div class=\"et_pb_section_5 et_pb_section et_section_regular et_block_section section_has_divider et_pb_top_divider et_pb_bottom_divider\"><div class=\"et_pb_top_inside_divider et-no-transition\"><\/div>\n<div class=\"et_pb_row_7 et_pb_row et_block_row preset--module--divi-row--5138c454-be54-4233-bd3b-f8e6a8747976\">\n<div class=\"et_pb_column_12 et_pb_column et_pb_column_4_4 et-last-child et_block_column et_pb_css_mix_blend_mode_passthrough preset--module--divi-column--73121f80-a3ef-4484-8763-c3f18e3c56d2\">\n<div class=\"et_pb_text_6 et_pb_text et_pb_bg_layout_dark et_pb_module et_block_module\"><div class=\"et_pb_text_inner\"><h2 style=\"text-align: center;\"><strong data-start=\"118\" data-end=\"150\">Spremni za sljede\u0107i korak?<\/strong><\/h2>\n<p data-start=\"118\" data-end=\"243\" style=\"text-align: center;\">Saznajte vi\u0161e o na\u0161em procesu prijema i kako se upisati na Richmond Park College Tuzla.<\/p>\n<\/div><\/div>\n<\/div>\n<\/div>\n\n<div class=\"et_pb_row_8 et_pb_row et_block_row\">\n<div class=\"et_pb_column_13 et_pb_column et_pb_column_4_4 et-last-child et_block_column et_pb_css_mix_blend_mode_passthrough\">\n<div class=\"et_pb_module et_pb_button_module_wrapper et_pb_button_4_wrapper\"><a class=\"et_pb_button_4 et_pb_button et_pb_bg_layout_light et_pb_module et_block_module\" href=\"https:\/\/tuzla.rps.edu.ba\/bs\/upis\/\">Saznajte vi\u0161e o upisu<\/a><\/div>\n\n<div class=\"et_pb_code_2 et_pb_code et_pb_module\"><div class=\"et_pb_code_inner\"><script>\njQuery(function($){\n\tvar buttons = {\n\t'.mtc_button_1': {\n\t\t'toggle': '', \n\t\t'hide'  : '.mtc_element_2,.mtc_element_3, .mtc_element_4, .mtc_element_5', \n\t\t'show'  : '.mtc_element_1'\n\t},\n\t'.mtc_button_2': {\n\t\t'toggle': '', \n\t\t'hide'  : '.mtc_element_1,.mtc_element_3, .mtc_element_4, .mtc_element_5', \n\t\t'show'  : '.mtc_element_2'\n\t},\n\t'.mtc_button_3': {\n\t\t'toggle': '', \n\t\t'hide'  : '.mtc_element_1,.mtc_element_2, .mtc_element_4, .mtc_element_5', \n\t\t'show'  : '.mtc_element_3'\n\t},\n\t'.mtc_button_4': {\n\t\t'toggle': '', \n\t\t'hide'  : '.mtc_element_1,.mtc_element_2, .mtc_element_3, .mtc_element_5', \n\t\t'show'  : '.mtc_element_4'\n\t},\n\t'.mtc_button_5': {\n\t\t'toggle': '', \n\t\t'hide'  : '.mtc_element_1,.mtc_element_2, .mtc_element_3, .mtc_element_4', \n\t\t'show'  : '.mtc_element_5'\n\t}\n\t\t\n};\n\t$.each(buttons, function(button, elements) {\n\t\t$(button).click(function(e){\n\t\t\te.preventDefault();\n\t\t\t$(elements.toggle).slideToggle();\n\t\t\t$(elements.show).slideDown();\n\t\t\t$(elements.hide).slideUp();\n\t\t\t$(button).toggleClass('mtc_button_opened mtc_button_closed');\n\t\t});\n\t});\n});\n<\/script><\/div><\/div>\n<\/div>\n<\/div>\n<div class=\"et_pb_bottom_inside_divider et-no-transition\"><\/div><\/div>","protected":false},"excerpt":{"rendered":"","protected":false},"author":1,"featured_media":0,"parent":0,"menu_order":0,"comment_status":"closed","ping_status":"closed","template":"","meta":{"iawp_total_views":86,"footnotes":""},"class_list":["post-242850","page","type-page","status-publish","hentry"],"_links":{"self":[{"href":"https:\/\/tuzla.rps.edu.ba\/bs\/wp-json\/wp\/v2\/pages\/242850","targetHints":{"allow":["GET"]}}],"collection":[{"href":"https:\/\/tuzla.rps.edu.ba\/bs\/wp-json\/wp\/v2\/pages"}],"about":[{"href":"https:\/\/tuzla.rps.edu.ba\/bs\/wp-json\/wp\/v2\/types\/page"}],"author":[{"embeddable":true,"href":"https:\/\/tuzla.rps.edu.ba\/bs\/wp-json\/wp\/v2\/users\/1"}],"replies":[{"embeddable":true,"href":"https:\/\/tuzla.rps.edu.ba\/bs\/wp-json\/wp\/v2\/comments?post=242850"}],"version-history":[{"count":21,"href":"https:\/\/tuzla.rps.edu.ba\/bs\/wp-json\/wp\/v2\/pages\/242850\/revisions"}],"predecessor-version":[{"id":243585,"href":"https:\/\/tuzla.rps.edu.ba\/bs\/wp-json\/wp\/v2\/pages\/242850\/revisions\/243585"}],"wp:attachment":[{"href":"https:\/\/tuzla.rps.edu.ba\/bs\/wp-json\/wp\/v2\/media?parent=242850"}],"curies":[{"name":"wp","href":"https:\/\/api.w.org\/{rel}","templated":true}]}}