{"id":242846,"date":"2025-07-30T07:47:19","date_gmt":"2025-07-30T07:47:19","guid":{"rendered":"https:\/\/tuzla.rps.edu.ba\/?page_id=242846"},"modified":"2026-03-04T12:12:53","modified_gmt":"2026-03-04T12:12:53","slug":"koledz","status":"publish","type":"page","link":"https:\/\/tuzla.rps.edu.ba\/bs\/koledz\/","title":{"rendered":"Pregled"},"content":{"rendered":"<div class=\"et_pb_section_0 et_pb_section et_pb_fullwidth_section et_section_regular et_block_section\">\n<section class=\"et_pb_fullwidth_header_0 et_pb_fullwidth_header et_pb_fullscreen et_pb_bg_layout_dark et_pb_text_align_center et_pb_module et_flex_module preset--module--divi-fullwidth-header--default\"><div class=\"et_pb_fullwidth_header_container center\"><div class=\"header-content-container center\"><div class=\"header-content et_flex_module\"><h1 class=\"et_pb_module_header\">Richmond Park International Secondary School Tuzla<\/h1><span class=\"et_pb_fullwidth_header_subhead\">The first private secondary school in Tuzla, combining local curriculum with Cambridge elements and English instruction<\/span><div class=\"et_pb_header_button_wrapper\"><a class=\"et_pb_button et_pb_more_button et_pb_button_one\" href=\"#curriculum\" data-icon=\"3\">Pogledajte na\u0161u akademsku strukturu<\/a><a class=\"et_pb_button et_pb_more_button et_pb_button_two\" href=\"https:\/\/tuzla.rps.edu.ba\/bs\/kontakt\/\">Rezervi\u0161ite obilazak \u0161kole<\/a><\/div><\/div><\/div><\/div><div class=\"et_pb_fullwidth_header_overlay\"><\/div><div class=\"et_pb_fullwidth_header_scroll\"><\/div><\/section>\n<\/div>\n\n<div class=\"et_pb_section_1 et_pb_section et_section_regular et_block_section et_animated section_has_divider et_pb_bottom_divider\" id=\"curriculum\">\n<div class=\"et_pb_row_0 et_pb_row et_block_row\">\n<div class=\"et_pb_column_0 et_pb_column et_pb_column_4_4 et-last-child et_block_column et_pb_css_mix_blend_mode_passthrough\">\n<div class=\"et_pb_text_0 et_pb_text et_pb_bg_layout_light et_pb_module et_block_module\"><div class=\"et_pb_text_inner\"><h1 style=\"text-align: center;\"><strong>Na\u0161a obrazovna filozofija<\/strong><\/h1>\n<\/div><\/div>\n<\/div>\n<\/div>\n\n<div class=\"et_pb_row_1 et_pb_row et_block_row\">\n<div class=\"et_pb_column_1 et_pb_column et_pb_column_2_3 et_block_column et_pb_css_mix_blend_mode_passthrough\">\n<div class=\"et_pb_text_1 et_pb_text et_pb_bg_layout_light et_pb_module et_block_module\"><div class=\"et_pb_text_inner\"><p style=\"text-align: justify;\"><span style=\"font-weight: 400;\">Richmond Park International Secondary School Tuzla offers a well-rounded secondary education based on the Tuzla Canton curriculum, enriched with Cambridge-inspired methods in key subjects. Our aim is to prepare students for successful entry into local and regional universities, while strengthening their English skills, critical thinking, and global perspective.<\/span><\/p>\n<p style=\"text-align: justify;\"><span style=\"font-weight: 400;\">\u00a0<\/span><\/p>\n<\/div><\/div>\n<\/div>\n\n<div class=\"et_pb_column_2 et_pb_column et_pb_column_1_3 et-last-child et_block_column et_pb_css_mix_blend_mode_passthrough\">\n<div class=\"et_pb_icon_0 et_pb_icon et_pb_module et_block_module\"><span class=\"et_pb_icon_wrap\"><span class=\"et-pb-icon\">\uf549<\/span><\/span><\/div>\n<\/div>\n<\/div>\n<div class=\"et_pb_bottom_inside_divider et-no-transition\"><\/div><\/div>\n\n<div class=\"et_pb_section_2 et_pb_section et_section_regular et_block_section section_has_divider et_pb_top_divider\"><div class=\"et_pb_top_inside_divider et-no-transition\"><\/div>\n<div class=\"et_pb_row_2 et_pb_row et_block_row\">\n<div class=\"et_pb_column_3 et_pb_column et_pb_column_4_4 et-last-child et_block_column et_pb_css_mix_blend_mode_passthrough\">\n<div class=\"et_pb_text_2 et_pb_text et_pb_bg_layout_light et_pb_module et_block_module\"><div class=\"et_pb_text_inner\"><h1 style=\"text-align: center;\"><strong>Pregled smjerova<\/strong><\/h1>\n<\/div><\/div>\n<\/div>\n<\/div>\n<\/div>\n\n<div class=\"et_pb_section_3 et_pb_section et_section_regular et_block_section section_has_divider et_pb_bottom_divider\">\n<div class=\"et_pb_row_3 et_pb_row et_block_row\">\n<div class=\"et_pb_column_4 et_pb_column et_pb_column_4_4 et-last-child et_block_column et_pb_css_mix_blend_mode_passthrough\">\n<div class=\"et_pb_text_3 et_pb_text et_pb_bg_layout_light et_pb_module et_block_module\"><div class=\"et_pb_text_inner\"><p data-start=\"146\" data-end=\"406\">U\u010denici po\u010dinju sa \u0161irokom akademskom osnovom u 10. i 11. razredu, koja obuhvata prirodne nauke, humanisti\u010dke nauke, jezike i umjetnost. U 12. i 13. razredu biraju specijalizirani odsjek koji je uskla\u0111en s njihovim interesima i budu\u0107im ciljevima studija:<\/p>\n<ul data-start=\"408\" data-end=\"480\">\n<li data-start=\"408\" data-end=\"424\">\n<p data-start=\"410\" data-end=\"424\"><strong data-start=\"410\" data-end=\"422\">Prirodne nauke<\/strong><\/p>\n<\/li>\n<li data-start=\"425\" data-end=\"443\">\n<p data-start=\"427\" data-end=\"443\"><strong data-start=\"427\" data-end=\"441\">Humanisti\u010dke nauke<\/strong><\/p>\n<\/li>\n<li data-start=\"444\" data-end=\"461\">\n<p data-start=\"446\" data-end=\"461\"><strong data-start=\"446\" data-end=\"459\">Jezici<\/strong><\/p>\n<\/li>\n<li data-start=\"462\" data-end=\"480\">\n<p data-start=\"464\" data-end=\"480\"><strong data-start=\"464\" data-end=\"478\">Matematika i informatika<\/strong><\/p>\n<\/li>\n<\/ul>\n<p data-start=\"482\" data-end=\"681\">Sve predmete predaju specijalisti, s pribli\u017eno 70% nastave na engleskom jeziku, a ostatak na bosanskom, \u0161to osigurava da su u\u010denici dobro pripremljeni za lokalne i me\u0111unarodne prilike.<\/p>\n<\/div><\/div>\n<\/div>\n<\/div>\n\n<div class=\"et_pb_row_4 et_pb_row et_block_row\">\n<div class=\"et_pb_column_5 et_pb_column et_pb_column_1_2 et_block_column et_pb_css_mix_blend_mode_passthrough\">\n<div class=\"et_pb_blurb_0 et_pb_blurb et_pb_bg_layout_light et_pb_blurb_position_left et_pb_module et_block_module\"><div class=\"et_pb_blurb_content\"><div class=\"et_pb_main_blurb_image\"><span class=\"et_pb_image_wrap\"><span class=\"et-pb-icon et-waypoint et_pb_animation_top et_pb_animation_top_tablet et_pb_animation_top_phone\">i<\/span><\/span><\/div><div class=\"et_pb_blurb_container\"><h4 class=\"et_pb_module_header\">Dvojezi\u010dni akademski pristup<\/h4><div class=\"et_pb_blurb_description\"><p>STEM predmeti se predaju na engleskom jeziku, dok se humanisti\u010dke nauke i izborni predmeti predaju na bosanskom jeziku, \u0161to osigurava i akademsku dubinu i te\u010dnost u poznavanju jezika.<\/p>\n<\/div><\/div><\/div><\/div>\n<\/div>\n\n<div class=\"et_pb_column_6 et_pb_column et_pb_column_1_2 et-last-child et_block_column et_pb_css_mix_blend_mode_passthrough\">\n<div class=\"et_pb_blurb_1 et_pb_blurb et_pb_bg_layout_light et_pb_blurb_position_left et_pb_module et_block_module\"><div class=\"et_pb_blurb_content\"><div class=\"et_pb_main_blurb_image\"><span class=\"et_pb_image_wrap\"><span class=\"et-pb-icon et-waypoint et_pb_animation_top et_pb_animation_top_tablet et_pb_animation_top_phone\">w<\/span><\/span><\/div><div class=\"et_pb_blurb_container\"><h4 class=\"et_pb_module_header\">Podr\u0161ka za engleski jezik<\/h4><div class=\"et_pb_blurb_description\"><p data-start=\"526\" data-end=\"755\">U\u010denici dobijaju pomo\u0107 u u\u010denju engleskog kao stranog jezika (ESL) po potrebi, s fokusom na razvijanje samopouzdanja u akademskom engleskom jeziku na svim nivoima razreda.<\/p>\n<\/div><\/div><\/div><\/div>\n<\/div>\n<\/div>\n<div class=\"et_pb_bottom_inside_divider et-no-transition\"><\/div><\/div>\n\n<div class=\"et_pb_section_4 et_pb_section et_section_regular et_block_section section_has_divider et_pb_top_divider\"><div class=\"et_pb_top_inside_divider et-no-transition\"><\/div><\/div>\n\n<div class=\"et_pb_section_5 et_pb_section et_section_regular et_block_section section_has_divider et_pb_bottom_divider\">\n<div class=\"et_pb_row_5 et_pb_row et_block_row\">\n<div class=\"et_pb_column_7 et_pb_column et_pb_column_4_4 et-last-child et_block_column et_pb_css_mix_blend_mode_passthrough\">\n<div class=\"et_pb_text_4 et_pb_text et_pb_bg_layout_light et_pb_module et_block_module\"><div class=\"et_pb_text_inner\"><h2><strong>\u0160ta nas izdvaja<\/strong><\/h2>\n<\/div><\/div>\n<\/div>\n<\/div>\n\n<div class=\"et_pb_row_6 et_pb_row et_block_row\">\n<div class=\"et_pb_column_8 et_pb_column et_pb_column_1_3 et_block_column et_pb_css_mix_blend_mode_passthrough\">\n<div class=\"et_pb_blurb_2 et_pb_blurb et_pb_bg_layout_light et_pb_text_align_center et_pb_blurb_position_top et_pb_module et_block_module\"><div class=\"et_pb_blurb_content\"><div class=\"et_pb_main_blurb_image\"><span class=\"et_pb_image_wrap et_pb_only_image_mode_wrap\"><img loading=\"lazy\" decoding=\"async\" src=\"https:\/\/tuzla.rps.edu.ba\/wp-content\/uploads\/2025\/07\/genius.jpg\" width=\"936\" height=\"936\" srcset=\"https:\/\/tuzla.rps.edu.ba\/wp-content\/uploads\/2025\/07\/genius.jpg 936w, https:\/\/tuzla.rps.edu.ba\/wp-content\/uploads\/2025\/07\/genius-480x480.jpg 480w\" sizes=\"(min-width: 0px) and (max-width: 480px) 480px, (min-width: 481px) 936px, 100vw\" class=\"et-waypoint et_pb_animation_top et_pb_animation_top_tablet et_pb_animation_top_phone wp-image-242932\" alt=\"U\u010denici Richmond Parka osvojili medalje na Genius Olimpijadi 2025. u SAD-u\" \/><\/span><\/div><div class=\"et_pb_blurb_container\"><h4 class=\"et_pb_module_header\">Takmi\u010denja i olimpijade<\/h4><div class=\"et_pb_blurb_description\"><p>Nacionalna i me\u0111unarodna dostignu\u0107a<\/p>\n<\/div><\/div><\/div><\/div>\n<\/div>\n\n<div class=\"et_pb_column_9 et_pb_column et_pb_column_1_3 et_block_column et_pb_css_mix_blend_mode_passthrough\">\n<div class=\"et_pb_blurb_3 et_pb_blurb et_pb_bg_layout_light et_pb_text_align_center et_pb_blurb_position_top et_pb_module et_block_module\"><div class=\"et_pb_blurb_content\"><div class=\"et_pb_main_blurb_image\"><span class=\"et_pb_image_wrap et_pb_only_image_mode_wrap\"><img loading=\"lazy\" decoding=\"async\" src=\"https:\/\/tuzla.rps.edu.ba\/wp-content\/uploads\/2025\/09\/Richmond-Park-Schools-Bihac-critical-thinking.png\" width=\"1080\" height=\"1080\" srcset=\"https:\/\/tuzla.rps.edu.ba\/wp-content\/uploads\/2025\/09\/Richmond-Park-Schools-Bihac-critical-thinking.png 1080w, https:\/\/tuzla.rps.edu.ba\/wp-content\/uploads\/2025\/09\/Richmond-Park-Schools-Bihac-critical-thinking-980x980.png 980w, https:\/\/tuzla.rps.edu.ba\/wp-content\/uploads\/2025\/09\/Richmond-Park-Schools-Bihac-critical-thinking-480x480.png 480w\" sizes=\"(min-width: 0px) and (max-width: 480px) 480px, (min-width: 481px) and (max-width: 980px) 980px, (min-width: 981px) 1080px, 100vw\" class=\"et-waypoint et_pb_animation_top et_pb_animation_top_tablet et_pb_animation_top_phone wp-image-243242\" \/><\/span><\/div><div class=\"et_pb_blurb_container\"><h4 class=\"et_pb_module_header\">Fokus na kriti\u010dko mi\u0161ljenje<\/h4><div class=\"et_pb_blurb_description\"><p><span style=\"font-weight: 400;\">Zadaci i procjene koje idu dalje od pam\u0107enja<\/span><\/p>\n<\/div><\/div><\/div><\/div>\n<\/div>\n\n<div class=\"et_pb_column_10 et_pb_column et_pb_column_1_3 et-last-child et_block_column et_pb_css_mix_blend_mode_passthrough\">\n<div class=\"et_pb_blurb_4 et_pb_blurb et_pb_bg_layout_light et_pb_text_align_center et_pb_blurb_position_top et_pb_module et_block_module\"><div class=\"et_pb_blurb_content\"><div class=\"et_pb_main_blurb_image\"><span class=\"et_pb_image_wrap et_pb_only_image_mode_wrap\"><img loading=\"lazy\" decoding=\"async\" src=\"https:\/\/tuzla.rps.edu.ba\/wp-content\/uploads\/2025\/07\/culture-scaled.jpg\" width=\"2560\" height=\"2560\" srcset=\"https:\/\/tuzla.rps.edu.ba\/wp-content\/uploads\/2025\/07\/culture-scaled.jpg 2560w, https:\/\/tuzla.rps.edu.ba\/wp-content\/uploads\/2025\/07\/culture-1280x1280.jpg 1280w, https:\/\/tuzla.rps.edu.ba\/wp-content\/uploads\/2025\/07\/culture-980x980.jpg 980w, https:\/\/tuzla.rps.edu.ba\/wp-content\/uploads\/2025\/07\/culture-480x480.jpg 480w\" sizes=\"(min-width: 0px) and (max-width: 480px) 480px, (min-width: 481px) and (max-width: 980px) 980px, (min-width: 981px) and (max-width: 1280px) 1280px, (min-width: 1281px) 2560px, 100vw\" class=\"et-waypoint et_pb_animation_top et_pb_animation_top_tablet et_pb_animation_top_phone wp-image-242754\" \/><\/span><\/div><div class=\"et_pb_blurb_container\"><h4 class=\"et_pb_module_header\">Globalna perspektiva<\/h4><div class=\"et_pb_blurb_description\"><p><span style=\"font-weight: 400;\">Projekti tolerancije, u\u010denje jezika i me\u0111unarodni doga\u0111aji<\/span><\/p>\n<\/div><\/div><\/div><\/div>\n<\/div>\n<\/div>\n\n<div class=\"et_pb_row_7 et_pb_row et_block_row\">\n<div class=\"et_pb_column_11 et_pb_column et_pb_column_1_3 et_block_column et_pb_css_mix_blend_mode_passthrough\">\n<div class=\"et_pb_blurb_5 et_pb_blurb et_pb_bg_layout_light et_pb_text_align_center et_pb_blurb_position_top et_pb_module et_block_module\"><div class=\"et_pb_blurb_content\"><div class=\"et_pb_main_blurb_image\"><span class=\"et_pb_image_wrap et_pb_only_image_mode_wrap\"><img loading=\"lazy\" decoding=\"async\" src=\"https:\/\/tuzla.rps.edu.ba\/wp-content\/uploads\/2025\/07\/teachers-squared.jpg\" width=\"936\" height=\"936\" srcset=\"https:\/\/tuzla.rps.edu.ba\/wp-content\/uploads\/2025\/07\/teachers-squared.jpg 936w, https:\/\/tuzla.rps.edu.ba\/wp-content\/uploads\/2025\/07\/teachers-squared-480x480.jpg 480w\" sizes=\"(min-width: 0px) and (max-width: 480px) 480px, (min-width: 481px) 936px, 100vw\" class=\"et-waypoint et_pb_animation_top et_pb_animation_top_tablet et_pb_animation_top_phone wp-image-242931\" \/><\/span><\/div><div class=\"et_pb_blurb_container\"><h4 class=\"et_pb_module_header\">Iskusni nastavnici<\/h4><div class=\"et_pb_blurb_description\"><p><span style=\"font-weight: 400;\">Sve predmete predaju kvalifikovani stru\u010dnjaci<\/span><\/p>\n<\/div><\/div><\/div><\/div>\n<\/div>\n\n<div class=\"et_pb_column_12 et_pb_column et_pb_column_1_3 et_block_column et_pb_css_mix_blend_mode_passthrough\">\n<div class=\"et_pb_blurb_6 et_pb_blurb et_pb_bg_layout_light et_pb_text_align_center et_pb_blurb_position_top et_pb_module et_block_module\"><div class=\"et_pb_blurb_content\"><div class=\"et_pb_main_blurb_image\"><span class=\"et_pb_image_wrap et_pb_only_image_mode_wrap\"><img loading=\"lazy\" decoding=\"async\" src=\"https:\/\/tuzla.rps.edu.ba\/wp-content\/uploads\/2025\/09\/Richmond-Park-Schools-Bihac-english.jpg\" width=\"1200\" height=\"1200\" srcset=\"https:\/\/tuzla.rps.edu.ba\/wp-content\/uploads\/2025\/09\/Richmond-Park-Schools-Bihac-english.jpg 1200w, https:\/\/tuzla.rps.edu.ba\/wp-content\/uploads\/2025\/09\/Richmond-Park-Schools-Bihac-english-980x980.jpg 980w, https:\/\/tuzla.rps.edu.ba\/wp-content\/uploads\/2025\/09\/Richmond-Park-Schools-Bihac-english-480x480.jpg 480w\" sizes=\"(min-width: 0px) and (max-width: 480px) 480px, (min-width: 481px) and (max-width: 980px) 980px, (min-width: 981px) 1200px, 100vw\" class=\"et-waypoint et_pb_animation_top et_pb_animation_top_tablet et_pb_animation_top_phone wp-image-243243\" \/><\/span><\/div><div class=\"et_pb_blurb_container\"><h4 class=\"et_pb_module_header\">Razvoj jezika<\/h4><div class=\"et_pb_blurb_description\"><p><span style=\"font-weight: 400;\">Sna\u017ean naglasak na engleskom jeziku u vi\u0161e predmeta<\/span><\/p>\n<\/div><\/div><\/div><\/div>\n<\/div>\n\n<div class=\"et_pb_column_13 et_pb_column et_pb_column_1_3 et-last-child et_block_column et_pb_css_mix_blend_mode_passthrough\">\n<div class=\"et_pb_blurb_7 et_pb_blurb et_pb_bg_layout_light et_pb_text_align_center et_pb_blurb_position_top et_pb_module et_block_module\"><div class=\"et_pb_blurb_content\"><div class=\"et_pb_main_blurb_image\"><span class=\"et_pb_image_wrap et_pb_only_image_mode_wrap\"><img loading=\"lazy\" decoding=\"async\" src=\"https:\/\/tuzla.rps.edu.ba\/wp-content\/uploads\/2025\/09\/Richmond-Park-Schools-Bihac-values.jpg\" width=\"1536\" height=\"1536\" srcset=\"https:\/\/tuzla.rps.edu.ba\/wp-content\/uploads\/2025\/09\/Richmond-Park-Schools-Bihac-values.jpg 1536w, https:\/\/tuzla.rps.edu.ba\/wp-content\/uploads\/2025\/09\/Richmond-Park-Schools-Bihac-values-1280x1280.jpg 1280w, https:\/\/tuzla.rps.edu.ba\/wp-content\/uploads\/2025\/09\/Richmond-Park-Schools-Bihac-values-980x980.jpg 980w, https:\/\/tuzla.rps.edu.ba\/wp-content\/uploads\/2025\/09\/Richmond-Park-Schools-Bihac-values-480x480.jpg 480w\" sizes=\"(min-width: 0px) and (max-width: 480px) 480px, (min-width: 481px) and (max-width: 980px) 980px, (min-width: 981px) and (max-width: 1280px) 1280px, (min-width: 1281px) 1536px, 100vw\" class=\"et-waypoint et_pb_animation_top et_pb_animation_top_tablet et_pb_animation_top_phone wp-image-243244\" \/><\/span><\/div><div class=\"et_pb_blurb_container\"><h4 class=\"et_pb_module_header\">Karakter i vrijednosti<\/h4><div class=\"et_pb_blurb_description\"><p><span style=\"font-weight: 400;\">Gra\u0111ansko obrazovanje prisutno u svim dijelovima programa<\/span><\/p>\n<\/div><\/div><\/div><\/div>\n<\/div>\n<\/div>\n<div class=\"et_pb_bottom_inside_divider et-no-transition\"><\/div><\/div>\n\n<div class=\"et_pb_section_6 et_pb_section et_section_regular et_block_section section_has_divider et_pb_top_divider\"><div class=\"et_pb_top_inside_divider et-no-transition\"><\/div>\n<div class=\"et_pb_row_8 et_pb_row et_block_row\">\n<div class=\"et_pb_column_14 et_pb_column et_pb_column_4_4 et-last-child et_block_column et_pb_css_mix_blend_mode_passthrough\">\n<div class=\"et_pb_text_5 et_pb_text et_pb_bg_layout_light et_pb_module et_block_module\"><div class=\"et_pb_text_inner\"><h2><strong>Podr\u0161ka spremnosti univerziteta<\/strong><\/h2>\n<p data-start=\"114\" data-end=\"419\">While International Secondary School Tuzla does not follow the full Cambridge exam track, several subjects are delivered through the Cambridge curriculum. This blended approach gives students a strong academic foundation and prepares them for both local and international universities. We provide:<\/p>\n<\/div><\/div>\n<\/div>\n<\/div>\n\n<div class=\"et_pb_row_9 et_pb_row et_block_row\">\n<div class=\"et_pb_column_15 et_pb_column et_pb_column_1_3 et_block_column et_pb_css_mix_blend_mode_passthrough\">\n<div class=\"et_pb_blurb_8 et_pb_blurb et_pb_bg_layout_light et_pb_blurb_position_left et_pb_module et_block_module\"><div class=\"et_pb_blurb_content\"><div class=\"et_pb_main_blurb_image\"><span class=\"et_pb_image_wrap\"><span class=\"et-pb-icon et-waypoint et_pb_animation_top et_pb_animation_top_tablet et_pb_animation_top_phone\">\uf549<\/span><\/span><\/div><div class=\"et_pb_blurb_container\"><h4 class=\"et_pb_module_header\">Podr\u0161ku za prijavu na univerzitet<\/h4><\/div><\/div><\/div>\n<\/div>\n\n<div class=\"et_pb_column_16 et_pb_column et_pb_column_1_3 et_block_column et_pb_css_mix_blend_mode_passthrough\">\n<div class=\"et_pb_blurb_9 et_pb_blurb et_pb_bg_layout_light et_pb_blurb_position_left et_pb_module et_block_module\"><div class=\"et_pb_blurb_content\"><div class=\"et_pb_main_blurb_image\"><span class=\"et_pb_image_wrap\"><span class=\"et-pb-icon et-waypoint et_pb_animation_top et_pb_animation_top_tablet et_pb_animation_top_phone\">\uf19d<\/span><\/span><\/div><div class=\"et_pb_blurb_container\"><h4 class=\"et_pb_module_header\">Li\u010dno akademsko savjetovanje<\/h4><\/div><\/div><\/div>\n<\/div>\n\n<div class=\"et_pb_column_17 et_pb_column et_pb_column_1_3 et-last-child et_block_column et_pb_css_mix_blend_mode_passthrough\">\n<div class=\"et_pb_blurb_10 et_pb_blurb et_pb_bg_layout_light et_pb_blurb_position_left et_pb_module et_block_module\"><div class=\"et_pb_blurb_content\"><div class=\"et_pb_main_blurb_image\"><span class=\"et_pb_image_wrap\"><span class=\"et-pb-icon et-waypoint et_pb_animation_top et_pb_animation_top_tablet et_pb_animation_top_phone\">\uf06e<\/span><\/span><\/div><div class=\"et_pb_blurb_container\"><h4 class=\"et_pb_module_header\">Radionice i aktivnosti za istra\u017eivanje karijere<\/h4><\/div><\/div><\/div>\n<\/div>\n<\/div>\n<\/div>\n\n<div class=\"et_pb_section_7 et_pb_section et_section_regular et_block_section section_has_divider et_pb_top_divider et_pb_bottom_divider\"><div class=\"et_pb_top_inside_divider et-no-transition\"><\/div>\n<div class=\"et_pb_row_10 et_pb_row et_block_row preset--module--divi-row--5138c454-be54-4233-bd3b-f8e6a8747976\">\n<div class=\"et_pb_column_18 et_pb_column et_pb_column_4_4 et-last-child et_block_column et_pb_css_mix_blend_mode_passthrough preset--module--divi-column--73121f80-a3ef-4484-8763-c3f18e3c56d2\">\n<div class=\"et_pb_text_6 et_pb_text et_pb_bg_layout_dark et_pb_module et_block_module\"><div class=\"et_pb_text_inner\"><h2 style=\"text-align: center;\"><strong>\u00a0Spremni da saznate vi\u0161e?<\/strong><\/h2>\n<p style=\"text-align: center;\"><span style=\"font-weight: 400;\">Ako tra\u017eite kvalitetno op\u0107e srednjo\u0161kolsko obrazovanje sa sna\u017enom podr\u0161kom za engleski jezik, stru\u010dnom nastavom i zanimljivim studentskim \u017eivotom, Richmond Park College Tuzla bi mogao biti pravi izbor za va\u0161e dijete.<\/span><\/p>\n<\/div><\/div>\n<\/div>\n<\/div>\n\n<div class=\"et_pb_row_11 et_pb_row et_block_row\">\n<div class=\"et_pb_column_19 et_pb_column et_pb_column_1_2 et_block_column et_pb_css_mix_blend_mode_passthrough\">\n<div class=\"et_pb_module et_pb_button_module_wrapper et_pb_button_0_wrapper\"><a class=\"et_pb_button_0 et_pb_button et_pb_bg_layout_light et_pb_module et_block_module\" href=\"https:\/\/tuzla.rps.edu.ba\/bs\/kontakt\/\">Rezervi\u0161ite obilazak \u0161kole<\/a><\/div>\n<\/div>\n\n<div class=\"et_pb_column_20 et_pb_column et_pb_column_1_2 et-last-child et_block_column et_pb_css_mix_blend_mode_passthrough\">\n<div class=\"et_pb_module et_pb_button_module_wrapper et_pb_button_1_wrapper\"><a class=\"et_pb_button_1 et_pb_button et_pb_bg_layout_light et_pb_module et_block_module\" href=\"https:\/\/tuzla.rps.edu.ba\/bs\/prijavite-se-sada\/\">Prijavite se odmah<\/a><\/div>\n<\/div>\n<\/div>\n<div class=\"et_pb_bottom_inside_divider et-no-transition\"><\/div><\/div>","protected":false},"excerpt":{"rendered":"","protected":false},"author":1,"featured_media":0,"parent":0,"menu_order":0,"comment_status":"closed","ping_status":"closed","template":"","meta":{"iawp_total_views":196,"footnotes":""},"class_list":["post-242846","page","type-page","status-publish","hentry"],"_links":{"self":[{"href":"https:\/\/tuzla.rps.edu.ba\/bs\/wp-json\/wp\/v2\/pages\/242846","targetHints":{"allow":["GET"]}}],"collection":[{"href":"https:\/\/tuzla.rps.edu.ba\/bs\/wp-json\/wp\/v2\/pages"}],"about":[{"href":"https:\/\/tuzla.rps.edu.ba\/bs\/wp-json\/wp\/v2\/types\/page"}],"author":[{"embeddable":true,"href":"https:\/\/tuzla.rps.edu.ba\/bs\/wp-json\/wp\/v2\/users\/1"}],"replies":[{"embeddable":true,"href":"https:\/\/tuzla.rps.edu.ba\/bs\/wp-json\/wp\/v2\/comments?post=242846"}],"version-history":[{"count":16,"href":"https:\/\/tuzla.rps.edu.ba\/bs\/wp-json\/wp\/v2\/pages\/242846\/revisions"}],"predecessor-version":[{"id":243587,"href":"https:\/\/tuzla.rps.edu.ba\/bs\/wp-json\/wp\/v2\/pages\/242846\/revisions\/243587"}],"wp:attachment":[{"href":"https:\/\/tuzla.rps.edu.ba\/bs\/wp-json\/wp\/v2\/media?parent=242846"}],"curies":[{"name":"wp","href":"https:\/\/api.w.org\/{rel}","templated":true}]}}