{"id":242705,"date":"2025-07-28T12:01:56","date_gmt":"2025-07-28T12:01:56","guid":{"rendered":"https:\/\/tuzla.rps.edu.ba\/?page_id=242705"},"modified":"2026-03-04T08:55:16","modified_gmt":"2026-03-04T08:55:16","slug":"produzeni-boravak","status":"publish","type":"page","link":"https:\/\/tuzla.rps.edu.ba\/bs\/produzeni-boravak\/","title":{"rendered":"Produ\u017eeni boravak"},"content":{"rendered":"<div class=\"et_pb_section_0 et_pb_section et_pb_fullwidth_section et_section_regular et_block_section\">\n<section class=\"et_pb_fullwidth_header_0 et_pb_fullwidth_header et_pb_bg_layout_dark et_pb_text_align_left et_pb_module et_flex_module preset--module--divi-fullwidth-header--default\"><div class=\"et_pb_fullwidth_header_container left\"><div class=\"header-content-container center\"><div class=\"header-content et_flex_module\"><h1 class=\"et_pb_module_header\"><a href=\"https:\/\/tuzla.rps.edu.ba\/bs\/produzeni-boravak\/\">Produ\u017eeni boravak<\/a><\/h1><div class=\"et_pb_header_button_wrapper\"><\/div><\/div><\/div><\/div><div class=\"et_pb_fullwidth_header_overlay\"><\/div><div class=\"et_pb_fullwidth_header_scroll\"><\/div><\/section>\n<\/div>\n\n<div class=\"et_pb_section_1 et_pb_section et_section_regular et_block_section section_has_divider et_pb_bottom_divider\">\n<div class=\"et_pb_row_0 et_pb_row et_block_row\">\n<div class=\"et_pb_column_0 et_pb_column et_pb_column_1_2 et_block_column et_pb_css_mix_blend_mode_passthrough\">\n<div class=\"et_pb_text_0 et_pb_text et_pb_bg_layout_light et_pb_module et_block_module\"><div class=\"et_pb_text_inner\"><h3><span style=\"font-weight: 400;\"><b>U \u010demu se sastoji program produ\u017eenog boravka?<\/b><\/span><\/h3>\n<p class=\"translation-block\"><span style=\"font-weight: 400\">Na\u0161 Program produ\u017eenog boravka traje od <\/span><b>15:00 do 17:00<\/b><span style=\"font-weight: 400\">, od ponedjeljka do petka, i <\/span><b>uklju\u010den je u cijenu \u0161kolarine<\/b><span style=\"font-weight: 400\">. Namijenjen podr\u0161ci radnim porodicama, pru\u017ea u\u010denicima sigurno, strukturirano i podsticajno okru\u017eenje nakon redovnog \u0161kolskog dana.<\/span><\/p>\n<p><span style=\"font-weight: 400;\">Djeca se uklju\u010duju u smislene aktivnosti koje poti\u010du i li\u010dni razvoj i dru\u0161tvenu interakciju. Od akademske podr\u0161ke do fizi\u010dkih i kreativnih aktivnosti, ovaj program poma\u017ee u\u010denicima da se opuste dok istovremeno nastavljaju u\u010diti i rasti.<\/span><\/p>\n<\/div><\/div>\n<\/div>\n\n<div class=\"et_pb_column_1 et_pb_column et_pb_column_1_2 et-last-child et_block_column et_pb_css_mix_blend_mode_passthrough\">\n<div class=\"et_pb_image_0 et_pb_image et_pb_module et_block_module\"><span class=\"et_pb_image_wrap\"><img loading=\"lazy\" decoding=\"async\" src=\"https:\/\/tuzla.rps.edu.ba\/wp-content\/uploads\/2026\/03\/Posjeta-ambasadora-Evropske-unije-i-Francuske-Richmond-Park-Medunarodnoj-skoli-Tuzla-u-sklopu-simulacijske-radionice-\u201eDobro-dosli-u-Evropsku-uniju1.jpeg\" title=\"Posjeta ambasadora Evropske unije i Francuske Richmond Park Me\u0111unarodnoj \u0161koli Tuzla u sklopu simulacijske radionice \u201eDobro do\u0161li u Evropsku uniju\u201c1\" width=\"1200\" height=\"800\" srcset=\"https:\/\/tuzla.rps.edu.ba\/wp-content\/uploads\/2026\/03\/Posjeta-ambasadora-Evropske-unije-i-Francuske-Richmond-Park-Medunarodnoj-skoli-Tuzla-u-sklopu-simulacijske-radionice-\u201eDobro-dosli-u-Evropsku-uniju1.jpeg 1200w, https:\/\/tuzla.rps.edu.ba\/wp-content\/uploads\/2026\/03\/Posjeta-ambasadora-Evropske-unije-i-Francuske-Richmond-Park-Medunarodnoj-skoli-Tuzla-u-sklopu-simulacijske-radionice-\u201eDobro-dosli-u-Evropsku-uniju1-300x200.jpeg 300w, https:\/\/tuzla.rps.edu.ba\/wp-content\/uploads\/2026\/03\/Posjeta-ambasadora-Evropske-unije-i-Francuske-Richmond-Park-Medunarodnoj-skoli-Tuzla-u-sklopu-simulacijske-radionice-\u201eDobro-dosli-u-Evropsku-uniju1-1024x683.jpeg 1024w, https:\/\/tuzla.rps.edu.ba\/wp-content\/uploads\/2026\/03\/Posjeta-ambasadora-Evropske-unije-i-Francuske-Richmond-Park-Medunarodnoj-skoli-Tuzla-u-sklopu-simulacijske-radionice-\u201eDobro-dosli-u-Evropsku-uniju1-768x512.jpeg 768w, https:\/\/tuzla.rps.edu.ba\/wp-content\/uploads\/2026\/03\/Posjeta-ambasadora-Evropske-unije-i-Francuske-Richmond-Park-Medunarodnoj-skoli-Tuzla-u-sklopu-simulacijske-radionice-\u201eDobro-dosli-u-Evropsku-uniju1-18x12.jpeg 18w, https:\/\/tuzla.rps.edu.ba\/wp-content\/uploads\/2026\/03\/Posjeta-ambasadora-Evropske-unije-i-Francuske-Richmond-Park-Medunarodnoj-skoli-Tuzla-u-sklopu-simulacijske-radionice-\u201eDobro-dosli-u-Evropsku-uniju1-1080x720.jpeg 1080w, https:\/\/tuzla.rps.edu.ba\/wp-content\/uploads\/2026\/03\/Posjeta-ambasadora-Evropske-unije-i-Francuske-Richmond-Park-Medunarodnoj-skoli-Tuzla-u-sklopu-simulacijske-radionice-\u201eDobro-dosli-u-Evropsku-uniju1-980x653.jpeg 980w, https:\/\/tuzla.rps.edu.ba\/wp-content\/uploads\/2026\/03\/Posjeta-ambasadora-Evropske-unije-i-Francuske-Richmond-Park-Medunarodnoj-skoli-Tuzla-u-sklopu-simulacijske-radionice-\u201eDobro-dosli-u-Evropsku-uniju1-480x320.jpeg 480w\" sizes=\"(max-width: 1200px) 100vw, 1200px\" class=\"wp-image-243448\" \/><\/span><\/div>\n<\/div>\n<\/div>\n<div class=\"et_pb_bottom_inside_divider et-no-transition\"><\/div><\/div>\n\n<div class=\"et_pb_section_2 et_pb_section et_section_regular et_block_section section_has_divider et_pb_top_divider\"><div class=\"et_pb_top_inside_divider et-no-transition\"><\/div>\n<div class=\"et_pb_row_1 et_pb_row et_block_row\">\n<div class=\"et_pb_column_2 et_pb_column et_pb_column_4_4 et-last-child et_block_column et_pb_css_mix_blend_mode_passthrough\">\n<div class=\"et_pb_text_1 et_pb_text et_pb_bg_layout_light et_pb_module et_block_module\"><div class=\"et_pb_text_inner\"><h2 style=\"text-align: center;\"><b>Klju\u010dne prednosti<\/b><\/h2>\n<\/div><\/div>\n<\/div>\n<\/div>\n\n<div class=\"et_pb_row_2 et_pb_row et_pb_row_5col et_block_row et_block_row_5col\">\n<div class=\"et_pb_column_3 et_pb_column et_pb_column_1_5 et_block_column et_pb_css_mix_blend_mode_passthrough\">\n<div class=\"et_pb_blurb_0 et_pb_blurb et_pb_bg_layout_light et_pb_text_align_center et_pb_blurb_position_top et_pb_module et_block_module\"><div class=\"et_pb_blurb_content\"><div class=\"et_pb_main_blurb_image\"><span class=\"et_pb_image_wrap\"><span class=\"et-pb-icon et-waypoint et_pb_animation_top et_pb_animation_top_tablet et_pb_animation_top_phone\">\uf044<\/span><\/span><\/div><div class=\"et_pb_blurb_container\"><h4 class=\"et_pb_module_header\">Zavr\u0161avanje doma\u0107e zada\u0107e<\/h4><div class=\"et_pb_blurb_description\"><p><span style=\"font-weight: 400;\">U\u010denici izvr\u0161avaju doma\u0107e zadatke pod nadzorom nastavnika u tihoj grupi.<\/span><\/p>\n<\/div><\/div><\/div><\/div>\n<\/div>\n\n<div class=\"et_pb_column_4 et_pb_column et_pb_column_1_5 et_block_column et_pb_css_mix_blend_mode_passthrough\">\n<div class=\"et_pb_blurb_1 et_pb_blurb et_pb_bg_layout_light et_pb_text_align_center et_pb_blurb_position_top et_pb_module et_block_module\"><div class=\"et_pb_blurb_content\"><div class=\"et_pb_main_blurb_image\"><span class=\"et_pb_image_wrap\"><span class=\"et-pb-icon et-waypoint et_pb_animation_top et_pb_animation_top_tablet et_pb_animation_top_phone\">\uf12e<\/span><\/span><\/div><div class=\"et_pb_blurb_container\"><h4 class=\"et_pb_module_header\">Kreativne aktivnosti<\/h4><div class=\"et_pb_blurb_description\"><p><span style=\"font-weight: 400;\">Crtanje, pripovijedanje i edukativne igre razvijaju ma\u0161tu i izra\u017eavanje.<\/span><\/p>\n<\/div><\/div><\/div><\/div>\n<\/div>\n\n<div class=\"et_pb_column_5 et_pb_column et_pb_column_1_5 et_block_column et_pb_css_mix_blend_mode_passthrough\">\n<div class=\"et_pb_blurb_2 et_pb_blurb et_pb_bg_layout_light et_pb_text_align_center et_pb_blurb_position_top et_pb_module et_block_module\"><div class=\"et_pb_blurb_content\"><div class=\"et_pb_main_blurb_image\"><span class=\"et_pb_image_wrap\"><span class=\"et-pb-icon et-waypoint et_pb_animation_top et_pb_animation_top_tablet et_pb_animation_top_phone\">\uf4c4<\/span><\/span><\/div><div class=\"et_pb_blurb_container\"><h4 class=\"et_pb_module_header\">Dru\u0161tveni razvoj<\/h4><div class=\"et_pb_blurb_description\"><p>Prilike za izgradnju prijateljstava u opu\u0161tenoj i podr\u017eavaju\u0107oj atmosferi.<\/p>\n<\/div><\/div><\/div><\/div>\n<\/div>\n\n<div class=\"et_pb_column_6 et_pb_column et_pb_column_1_5 et_block_column et_pb_css_mix_blend_mode_passthrough\">\n<div class=\"et_pb_blurb_3 et_pb_blurb et_pb_bg_layout_light et_pb_text_align_center et_pb_blurb_position_top et_pb_module et_block_module\"><div class=\"et_pb_blurb_content\"><div class=\"et_pb_main_blurb_image\"><span class=\"et_pb_image_wrap\"><span class=\"et-pb-icon et-waypoint et_pb_animation_top et_pb_animation_top_tablet et_pb_animation_top_phone\">\uf3ed<\/span><\/span><\/div><div class=\"et_pb_blurb_container\"><h4 class=\"et_pb_module_header\">Mir za roditelje<\/h4><div class=\"et_pb_blurb_description\"><p>Sigurna i nadzirana njega daje porodicama samopouzdanje i fleksibilnost.<\/p>\n<\/div><\/div><\/div><\/div>\n<\/div>\n\n<div class=\"et_pb_column_7 et_pb_column et_pb_column_1_5 et-last-child et_block_column et_pb_css_mix_blend_mode_passthrough\">\n<div class=\"et_pb_blurb_4 et_pb_blurb et_pb_bg_layout_light et_pb_text_align_center et_pb_blurb_position_top et_pb_module et_block_module\"><div class=\"et_pb_blurb_content\"><div class=\"et_pb_main_blurb_image\"><span class=\"et_pb_image_wrap\"><span class=\"et-pb-icon et-waypoint et_pb_animation_top et_pb_animation_top_tablet et_pb_animation_top_phone\">\uf4b8<\/span><\/span><\/div><div class=\"et_pb_blurb_container\"><h4 class=\"et_pb_module_header\">Opu\u0161tena atmosfera<\/h4><div class=\"et_pb_blurb_description\"><p>Uravnote\u017een ritam izme\u0111u u\u010denja, zabave i mirnog vremena.<\/p>\n<\/div><\/div><\/div><\/div>\n<\/div>\n<\/div>\n<\/div>\n\n<div class=\"et_pb_section_3 et_pb_section et_section_regular et_block_section section_has_divider et_pb_top_divider\"><div class=\"et_pb_top_inside_divider et-no-transition\"><\/div>\n<div class=\"et_pb_row_3 et_pb_row et_block_row\">\n<div class=\"et_pb_column_8 et_pb_column et_pb_column_4_4 et-last-child et_block_column et_pb_css_mix_blend_mode_passthrough\">\n<div class=\"et_pb_text_2 et_pb_text et_pb_bg_layout_light et_pb_module et_block_module\"><div class=\"et_pb_text_inner\"><h2><b>Vannastavne aktivnosti putem pouzdanih partnera<\/b><\/h2>\n<p><span style=\"font-weight: 400;\">Pored \u0161kolskog boravka, nudimo i opcionalne vannastavne aktivnosti kroz profesionalne sportske i klubove oboga\u0107enog obrazovanja.<\/span><\/p>\n<p><span style=\"font-weight: 400;\">Aktivnosti uklju\u010duju:<\/span><\/p>\n<ul>\n<li style=\"font-weight: 400;\" aria-level=\"1\"><span style=\"font-weight: 400;\">Ko\u0161arka<\/span><\/li>\n<li style=\"font-weight: 400;\" aria-level=\"1\"><span style=\"font-weight: 400;\">Odbojka<\/span><\/li>\n<li style=\"font-weight: 400;\" aria-level=\"1\"><span style=\"font-weight: 400;\">Gimnastika<\/span><\/li>\n<li style=\"font-weight: 400;\" aria-level=\"1\"><span style=\"font-weight: 400;\">Karate i Taekwondo<\/span><\/li>\n<\/ul>\n<p><span style=\"font-weight: 400;\">Ove programe vode iskusni vanjski treneri, i <\/span><b>u\u010denici Richmond Park \u0161kola dobijaju popust na \u010dlanarinu<\/b><span style=\"font-weight: 400;\">.<\/span><\/p>\n<\/div><\/div>\n<\/div>\n<\/div>\n<\/div>\n\n<div class=\"et_pb_section_4 et_pb_section et_section_regular et_block_section section_has_divider et_pb_top_divider et_pb_bottom_divider\"><div class=\"et_pb_top_inside_divider et-no-transition\"><\/div>\n<div class=\"et_pb_row_4 et_pb_row et_block_row preset--module--divi-row--5138c454-be54-4233-bd3b-f8e6a8747976\">\n<div class=\"et_pb_column_9 et_pb_column et_pb_column_4_4 et-last-child et_block_column et_pb_css_mix_blend_mode_passthrough preset--module--divi-column--73121f80-a3ef-4484-8763-c3f18e3c56d2\">\n<div class=\"et_pb_text_3 et_pb_text et_pb_bg_layout_dark et_pb_module et_block_module\"><div class=\"et_pb_text_inner\"><h2 style=\"text-align: center;\"><b>\u017delite li saznati vi\u0161e?<\/b><\/h2>\n<p style=\"text-align: center;\"><span style=\"font-weight: 400;\">Kontaktirajte na\u0161u \u0161kolu ili nas posjetite kako biste saznali kako se na\u0161 program produ\u017eenog boravka uklapa u dan va\u0161eg djeteta.<\/span><\/p>\n<\/div><\/div>\n<\/div>\n<\/div>\n\n<div class=\"et_pb_row_5 et_pb_row et_block_row\">\n<div class=\"et_pb_column_10 et_pb_column et_pb_column_4_4 et-last-child et_block_column et_pb_css_mix_blend_mode_passthrough\">\n<div class=\"et_pb_module et_pb_button_module_wrapper et_pb_button_0_wrapper\"><a class=\"et_pb_button_0 et_pb_button et_pb_bg_layout_light et_pb_module et_block_module\" href=\"https:\/\/tuzla.rps.edu.ba\/bs\/kontakt\/\">Kontaktirajte nas<\/a><\/div>\n<\/div>\n<\/div>\n<div class=\"et_pb_bottom_inside_divider et-no-transition\"><\/div><\/div>","protected":false},"excerpt":{"rendered":"","protected":false},"author":1,"featured_media":0,"parent":0,"menu_order":0,"comment_status":"closed","ping_status":"closed","template":"","meta":{"iawp_total_views":20,"footnotes":""},"class_list":["post-242705","page","type-page","status-publish","hentry"],"_links":{"self":[{"href":"https:\/\/tuzla.rps.edu.ba\/bs\/wp-json\/wp\/v2\/pages\/242705","targetHints":{"allow":["GET"]}}],"collection":[{"href":"https:\/\/tuzla.rps.edu.ba\/bs\/wp-json\/wp\/v2\/pages"}],"about":[{"href":"https:\/\/tuzla.rps.edu.ba\/bs\/wp-json\/wp\/v2\/types\/page"}],"author":[{"embeddable":true,"href":"https:\/\/tuzla.rps.edu.ba\/bs\/wp-json\/wp\/v2\/users\/1"}],"replies":[{"embeddable":true,"href":"https:\/\/tuzla.rps.edu.ba\/bs\/wp-json\/wp\/v2\/comments?post=242705"}],"version-history":[{"count":10,"href":"https:\/\/tuzla.rps.edu.ba\/bs\/wp-json\/wp\/v2\/pages\/242705\/revisions"}],"predecessor-version":[{"id":243581,"href":"https:\/\/tuzla.rps.edu.ba\/bs\/wp-json\/wp\/v2\/pages\/242705\/revisions\/243581"}],"wp:attachment":[{"href":"https:\/\/tuzla.rps.edu.ba\/bs\/wp-json\/wp\/v2\/media?parent=242705"}],"curies":[{"name":"wp","href":"https:\/\/api.w.org\/{rel}","templated":true}]}}