{"id":242699,"date":"2025-07-28T12:00:24","date_gmt":"2025-07-28T12:00:24","guid":{"rendered":"https:\/\/tuzla.rps.edu.ba\/?page_id=242699"},"modified":"2026-03-04T08:50:57","modified_gmt":"2026-03-04T08:50:57","slug":"osnovna-raspored","status":"publish","type":"page","link":"https:\/\/tuzla.rps.edu.ba\/bs\/osnovna-raspored\/","title":{"rendered":"Raspored"},"content":{"rendered":"<div class=\"et_pb_section_0 et_pb_section et_pb_fullwidth_section et_section_regular et_block_section\">\n<section class=\"et_pb_fullwidth_header_0 et_pb_fullwidth_header et_pb_bg_layout_dark et_pb_text_align_left et_pb_module et_flex_module preset--module--divi-fullwidth-header--default\"><div class=\"et_pb_fullwidth_header_container left\"><div class=\"header-content-container center\"><div class=\"header-content et_flex_module\"><h1 class=\"et_pb_module_header\"><a href=\"https:\/\/tuzla.rps.edu.ba\/bs\/osnovna-raspored\/\">Raspored<\/a><\/h1><div class=\"et_pb_header_button_wrapper\"><\/div><\/div><\/div><\/div><div class=\"et_pb_fullwidth_header_overlay\"><\/div><div class=\"et_pb_fullwidth_header_scroll\"><\/div><\/section>\n<\/div>\n\n<div class=\"et_pb_section_1 et_pb_section et_section_regular et_block_section\">\n<div class=\"et_pb_row_0 et_pb_row et_block_row\">\n<div class=\"et_pb_column_0 et_pb_column et_pb_column_4_4 et-last-child et_block_column et_pb_css_mix_blend_mode_passthrough\">\n<div class=\"et_pb_text_0 et_pb_text et_pb_bg_layout_light et_pb_module et_block_module\"><div class=\"et_pb_text_inner\"><h4>Novi raspored sti\u017ee uskoro<\/h4>\n<p>Na\u0161i rasporedi se a\u017euriraju na po\u010detku svakog polugodi\u0161ta kako bi odra\u017eavali sve promjene u rasporedu, osoblju i potrebama u\u010denika.<\/p>\n<p><strong>We're currently on summer break.<\/strong><\/p>\n<p>The new timetable will be available before the start of the academic semester. Please check back soon.<\/p>\n<p class=\"translation-block\">U me\u0111uvremenu, ako imate bilo kakvih pitanja, slobodno <a href=\"https:\/\/tuzla.rps.edu.ba\/bs\/kontakt\/\" target=\"_self\">kontaktirajte na\u0161u \u0161kolu<\/a> ili posjetite <a href=\"https:\/\/tuzla.rps.edu.ba\/bs\/akademski-kalendar\/\" target=\"_self\">akademski kalendar<\/a> za va\u017ene datume.<\/p>\n<\/div><\/div>\n<\/div>\n<\/div>\n<\/div>","protected":false},"excerpt":{"rendered":"","protected":false},"author":1,"featured_media":0,"parent":0,"menu_order":0,"comment_status":"closed","ping_status":"closed","template":"","meta":{"iawp_total_views":27,"footnotes":""},"class_list":["post-242699","page","type-page","status-publish","hentry"],"_links":{"self":[{"href":"https:\/\/tuzla.rps.edu.ba\/bs\/wp-json\/wp\/v2\/pages\/242699","targetHints":{"allow":["GET"]}}],"collection":[{"href":"https:\/\/tuzla.rps.edu.ba\/bs\/wp-json\/wp\/v2\/pages"}],"about":[{"href":"https:\/\/tuzla.rps.edu.ba\/bs\/wp-json\/wp\/v2\/types\/page"}],"author":[{"embeddable":true,"href":"https:\/\/tuzla.rps.edu.ba\/bs\/wp-json\/wp\/v2\/users\/1"}],"replies":[{"embeddable":true,"href":"https:\/\/tuzla.rps.edu.ba\/bs\/wp-json\/wp\/v2\/comments?post=242699"}],"version-history":[{"count":6,"href":"https:\/\/tuzla.rps.edu.ba\/bs\/wp-json\/wp\/v2\/pages\/242699\/revisions"}],"predecessor-version":[{"id":243580,"href":"https:\/\/tuzla.rps.edu.ba\/bs\/wp-json\/wp\/v2\/pages\/242699\/revisions\/243580"}],"wp:attachment":[{"href":"https:\/\/tuzla.rps.edu.ba\/bs\/wp-json\/wp\/v2\/media?parent=242699"}],"curies":[{"name":"wp","href":"https:\/\/api.w.org\/{rel}","templated":true}]}}