{"id":242586,"date":"2025-07-26T23:48:35","date_gmt":"2025-07-26T23:48:35","guid":{"rendered":"https:\/\/tuzla.rps.edu.ba\/?page_id=242586"},"modified":"2026-03-04T08:40:07","modified_gmt":"2026-03-04T08:40:07","slug":"vrtic-dnevni-raspored","status":"publish","type":"page","link":"https:\/\/tuzla.rps.edu.ba\/bs\/vrtic-dnevni-raspored\/","title":{"rendered":"Dnevni raspored"},"content":{"rendered":"<div class=\"et_pb_section_0 et_pb_section et_pb_fullwidth_section et_section_regular et_block_section\">\n<section class=\"et_pb_fullwidth_header_0 et_pb_fullwidth_header et_pb_bg_layout_dark et_pb_text_align_left et_pb_module et_flex_module preset--module--divi-fullwidth-header--default\"><div class=\"et_pb_fullwidth_header_container left\"><div class=\"header-content-container center\"><div class=\"header-content et_flex_module\"><h1 class=\"et_pb_module_header\"><a href=\"https:\/\/tuzla.rps.edu.ba\/bs\/vrtic-dnevni-raspored\/\">Dnevni raspored<\/a><\/h1><div class=\"et_pb_header_button_wrapper\"><\/div><\/div><\/div><\/div><div class=\"et_pb_fullwidth_header_overlay\"><\/div><div class=\"et_pb_fullwidth_header_scroll\"><\/div><\/section>\n<\/div>\n\n<div class=\"et_pb_section_1 et_pb_section et_section_regular et_block_section\">\n<div class=\"et_pb_row_0 et_pb_row et_block_row\">\n<div class=\"et_pb_column_0 et_pb_column et_pb_column_4_4 et-last-child et_block_column et_pb_css_mix_blend_mode_passthrough\">\n<div class=\"et_pb_text_0 et_pb_text et_pb_bg_layout_light et_pb_module et_block_module\"><div class=\"et_pb_text_inner\"><p data-start=\"114\" data-end=\"487\" style=\"text-align: justify;\">U vrti\u0107u Richmond Park slijedimo strukturiran dnevni raspored koji uravnote\u017euje u\u010denje, igru, odmor i zdrave obroke. Na\u0161 raspored osigurava da djeca imaju dovoljno vremena za zanimljive aktivnosti, zdrave obroke i periode odmora, kako bi se podr\u017eao njihov rast i cjelokupno blagostanje tokom dana. U nastavku je prikazan pregled tipi\u010dne dnevne rutine od ponedjeljka do petka.<\/p>\n<\/div><\/div>\n<\/div>\n<\/div>\n\n<div class=\"et_pb_row_1 et_pb_row et_block_row\">\n<div class=\"et_pb_column_1 et_pb_column et_pb_column_4_4 et-last-child et_block_column et_pb_css_mix_blend_mode_passthrough\">\n<div class=\"et_pb_code_0 et_pb_code et_pb_module\"><div class=\"et_pb_code_inner\"><section class=\"daily-schedule-section\">\n  <h2 class=\"schedule-title\">Dnevni raspored<\/h2>\n  <p class=\"schedule-subtitle\">Ponedjeljak \u2013 Petak<\/p>\n\n  <div class=\"schedule-table-wrapper\">\n    <table class=\"schedule-table\">\n      <thead>\n        <tr>\n          <th style=\"color:white;\">Aktivnost<\/th>\n          <th style=\"color:white;\">Vrijeme<\/th>\n        <\/tr>\n      <\/thead>\n      <tbody>\n        <tr><td>Registracija<\/td><td>07:00 \u2013 08:00<\/td><\/tr>\n        <tr><td>Doru\u010dak<\/td><td>08:00 \u2013 08:45<\/td><\/tr>\n        <tr><td>Pospremanje i li\u010dna higijena<\/td><td>08:45 \u2013 09:00<\/td><\/tr>\n        <tr><td>Vrijeme za aktivnosti<\/td><td>09:00 \u2013 12:00<\/td><\/tr>\n        <tr><td>Ru\u010dak<\/td><td>12:00 \u2013 12:45<\/td><\/tr>\n        <tr><td>Pospremanje i li\u010dna higijena<\/td><td>12:45 \u2013 13:00<\/td><\/tr>\n        <tr><td>Vrijeme za spavanje<\/td><td>13:00 \u2013 14:15<\/td><\/tr>\n        <tr><td>Vrijeme za aktivnosti<\/td><td>14:15 \u2013 16:30<\/td><\/tr>\n      <\/tbody>\n    <\/table>\n  <\/div>\n<\/section>\n\n<style>\n  :root {\n    --main-color: #0e5058;\n    --main-color-light: rgba(14, 80, 88, 0.1);\n    --main-color-lighter: rgba(14, 80, 88, 0.05);\n    --main-color-contrast: #ffffff;\n  }\n\n  .daily-schedule-section {\n    max-width: 800px;\n    margin: 0 auto;\n    padding: 2rem 1rem;\n    font-family: inherit;\n    color: #333;\n  }\n\n  .schedule-title {\n    font-size: 32px;\n    font-weight: 700;\n    margin-bottom: 0.25rem;\n    text-align: center;\n  }\n\n  .schedule-subtitle {\n    font-size: 18px;\n    text-align: center;\n    margin-bottom: 1.5rem;\n    color: #666;\n  }\n\n  .schedule-table-wrapper {\n    overflow-x: auto;\n    border: 1px solid #e0e0e0;\n    border-radius: 8px;\n  }\n\n  \/* Scrollbar styling *\/\n  .schedule-table-wrapper::-webkit-scrollbar {\n    height: 6px;\n  }\n  .schedule-table-wrapper::-webkit-scrollbar-thumb {\n    background: #ccc;\n    border-radius: 4px;\n  }\n\n  .schedule-table {\n    width: 100%;\n    border-collapse: collapse;\n    min-width: 400px;\n    font-family: inherit;\n    font-size: 16px;\n    color: inherit;\n  }\n\n  .schedule-table thead {\n    background-color: var(--main-color);\n    color: var(--main-color-contrast);\n    font-weight: 700;\n  }\n\n  .schedule-table th,\n  .schedule-table td {\n    padding: 12px 16px;\n    border: 1px solid #ddd;\n    text-align: left;\n  }\n\n  \/* Striped rows with brand color *\/\n  .schedule-table tbody tr:nth-child(odd) {\n    background-color: var(--main-color-lighter);\n  }\n\n  .schedule-table tbody tr:nth-child(even) {\n    background-color: var(--main-color-light);\n  }\n<\/style>\n<\/div><\/div>\n<\/div>\n<\/div>\n<\/div>","protected":false},"excerpt":{"rendered":"","protected":false},"author":1,"featured_media":0,"parent":0,"menu_order":0,"comment_status":"closed","ping_status":"closed","template":"","meta":{"iawp_total_views":47,"footnotes":""},"class_list":["post-242586","page","type-page","status-publish","hentry"],"_links":{"self":[{"href":"https:\/\/tuzla.rps.edu.ba\/bs\/wp-json\/wp\/v2\/pages\/242586","targetHints":{"allow":["GET"]}}],"collection":[{"href":"https:\/\/tuzla.rps.edu.ba\/bs\/wp-json\/wp\/v2\/pages"}],"about":[{"href":"https:\/\/tuzla.rps.edu.ba\/bs\/wp-json\/wp\/v2\/types\/page"}],"author":[{"embeddable":true,"href":"https:\/\/tuzla.rps.edu.ba\/bs\/wp-json\/wp\/v2\/users\/1"}],"replies":[{"embeddable":true,"href":"https:\/\/tuzla.rps.edu.ba\/bs\/wp-json\/wp\/v2\/comments?post=242586"}],"version-history":[{"count":9,"href":"https:\/\/tuzla.rps.edu.ba\/bs\/wp-json\/wp\/v2\/pages\/242586\/revisions"}],"predecessor-version":[{"id":243577,"href":"https:\/\/tuzla.rps.edu.ba\/bs\/wp-json\/wp\/v2\/pages\/242586\/revisions\/243577"}],"wp:attachment":[{"href":"https:\/\/tuzla.rps.edu.ba\/bs\/wp-json\/wp\/v2\/media?parent=242586"}],"curies":[{"name":"wp","href":"https:\/\/api.w.org\/{rel}","templated":true}]}}