{"id":242585,"date":"2025-07-26T23:50:49","date_gmt":"2025-07-26T23:50:49","guid":{"rendered":"https:\/\/tuzla.rps.edu.ba\/?page_id=242585"},"modified":"2026-03-03T14:13:42","modified_gmt":"2026-03-03T14:13:42","slug":"predskolski-kurikulum","status":"publish","type":"page","link":"https:\/\/tuzla.rps.edu.ba\/bs\/predskolski-kurikulum\/","title":{"rendered":"Nastavni plan i program"},"content":{"rendered":"<div class=\"et_pb_section_0 et_pb_section et_pb_fullwidth_section et_section_regular et_block_section\">\n<section class=\"et_pb_fullwidth_header_0 et_pb_fullwidth_header et_pb_bg_layout_dark et_pb_text_align_left et_pb_module et_flex_module preset--module--divi-fullwidth-header--default\"><div class=\"et_pb_fullwidth_header_container left\"><div class=\"header-content-container center\"><div class=\"header-content et_flex_module\"><h1 class=\"et_pb_module_header\"><a href=\"https:\/\/tuzla.rps.edu.ba\/bs\/predskolski-kurikulum\/\">Nastavni plan i program<\/a><\/h1><div class=\"et_pb_header_button_wrapper\"><\/div><\/div><\/div><\/div><div class=\"et_pb_fullwidth_header_overlay\"><\/div><div class=\"et_pb_fullwidth_header_scroll\"><\/div><\/section>\n<\/div>\n\n<div class=\"et_pb_section_1 et_pb_section et_section_regular et_block_section section_has_divider et_pb_bottom_divider\">\n<div class=\"et_pb_row_0 et_pb_row et_block_row\">\n<div class=\"et_pb_column_0 et_pb_column et_pb_column_4_4 et-last-child et_block_column et_pb_css_mix_blend_mode_passthrough\">\n<div class=\"et_pb_text_0 et_pb_text et_pb_bg_layout_light et_pb_module et_block_module\"><div class=\"et_pb_text_inner\"><h2><b>Visokokvalitetno rano obrazovanje za va\u0161e dijete<\/b><\/h2>\n<p><span style=\"font-weight: 400;\">U pred\u0161kolskoj ustanovi Richmond Park, na\u0161 nastavni plan i program osmi\u0161ljen je tako da njeguje fizi\u010dki, intelektualni, emocionalni i dru\u0161tveni rast svakog djeteta u toplom, stimulativnom i sigurnom okru\u017eenju. Kroz aktivno u\u010denje zasnovano na igri, djeca istra\u017euju, otkrivaju i razvijaju esencijalne vje\u0161tine koje ih pripremaju za cjelo\u017eivotni uspjeh.<\/span><\/p>\n<\/div><\/div>\n<\/div>\n<\/div>\n\n<div class=\"et_pb_row_1 et_pb_row et_block_row\">\n<div class=\"et_pb_column_1 et_pb_column et_pb_column_4_4 et-last-child et_block_column et_pb_css_mix_blend_mode_passthrough\">\n<div class=\"et_pb_text_1 et_pb_text et_pb_bg_layout_light et_pb_module et_block_module\"><div class=\"et_pb_text_inner\"><h3 style=\"text-align: center;\"><b>\u0160ta djeca rade svakodnevno<\/b><\/h3>\n<p style=\"text-align: center;\"><b><span style=\"font-weight: 400;\">Na\u0161 nastavni plan fokusira se na aktivnosti prilago\u0111ene uzrastu koje poti\u010du cjelokupni razvoj kroz prakti\u010dna iskustva u\u010denja, interakcije u malim grupama i vo\u0111ena otkri\u0107a, uklju\u010duju\u0107i:<\/span><\/b><\/p>\n<\/div><\/div>\n<\/div>\n<\/div>\n\n<div class=\"et_pb_row_2 et_pb_row et_pb_row_4col et_block_row et_block_row_4col\">\n<div class=\"et_pb_column_2 et_pb_column et_pb_column_1_4 et_block_column et_pb_css_mix_blend_mode_passthrough\">\n<div class=\"et_pb_blurb_0 et_pb_blurb et_pb_bg_layout_light et_pb_text_align_center et_pb_blurb_position_top et_pb_module et_block_module\"><div class=\"et_pb_blurb_content\"><div class=\"et_pb_main_blurb_image\"><span class=\"et_pb_image_wrap\"><span class=\"et-pb-icon et-waypoint et_pb_animation_top et_pb_animation_top_tablet et_pb_animation_top_phone\">\uf002<\/span><\/span><\/div><div class=\"et_pb_blurb_container\"><h4 class=\"et_pb_module_header\">Istra\u017eivanje i igra<\/h4><div class=\"et_pb_blurb_description\"><p><span style=\"font-weight: 400;\">Eksperimentisanje, istra\u017eivanje i me\u0111usobna razmjena ideja u bogato opremljenim centrima za u\u010denje<\/span><\/p>\n<\/div><\/div><\/div><\/div>\n<\/div>\n\n<div class=\"et_pb_column_3 et_pb_column et_pb_column_1_4 et_block_column et_pb_css_mix_blend_mode_passthrough\">\n<div class=\"et_pb_blurb_1 et_pb_blurb et_pb_bg_layout_light et_pb_text_align_center et_pb_blurb_position_top et_pb_module et_block_module\"><div class=\"et_pb_blurb_content\"><div class=\"et_pb_main_blurb_image\"><span class=\"et_pb_image_wrap\"><span class=\"et-pb-icon et-waypoint et_pb_animation_top et_pb_animation_top_tablet et_pb_animation_top_phone\">\uf086<\/span><\/span><\/div><div class=\"et_pb_blurb_container\"><h4 class=\"et_pb_module_header\">Jezik i komunikacija<\/h4><div class=\"et_pb_blurb_description\"><p><span style=\"font-weight: 400;\">Izgradnja vokabulara, pripovijedanje, fonetska svijest i rana pismenost kroz interaktivne diskusije i \u010ditanje.<\/span><\/p>\n<\/div><\/div><\/div><\/div>\n<\/div>\n\n<div class=\"et_pb_column_4 et_pb_column et_pb_column_1_4 et_block_column et_pb_css_mix_blend_mode_passthrough\">\n<div class=\"et_pb_blurb_2 et_pb_blurb et_pb_bg_layout_light et_pb_text_align_center et_pb_blurb_position_top et_pb_module et_block_module\"><div class=\"et_pb_blurb_content\"><div class=\"et_pb_main_blurb_image\"><span class=\"et_pb_image_wrap\"><span class=\"et-pb-icon et-waypoint et_pb_animation_top et_pb_animation_top_tablet et_pb_animation_top_phone\">\ue0e7<\/span><\/span><\/div><div class=\"et_pb_blurb_container\"><h4 class=\"et_pb_module_header\">Matemati\u010dki koncepti<\/h4><div class=\"et_pb_blurb_description\"><p><span style=\"font-weight: 400;\">Razvijanje brojanja, oblika, uzoraka i vje\u0161tina rje\u0161avanja problema u svakodnevnim aktivnostima.<\/span><\/p>\n<\/div><\/div><\/div><\/div>\n<\/div>\n\n<div class=\"et_pb_column_5 et_pb_column et_pb_column_1_4 et-last-child et_block_column et_pb_css_mix_blend_mode_passthrough\">\n<div class=\"et_pb_blurb_3 et_pb_blurb et_pb_bg_layout_light et_pb_text_align_center et_pb_blurb_position_top et_pb_module et_block_module\"><div class=\"et_pb_blurb_content\"><div class=\"et_pb_main_blurb_image\"><span class=\"et_pb_image_wrap\"><span class=\"et-pb-icon et-waypoint et_pb_animation_top et_pb_animation_top_tablet et_pb_animation_top_phone\">\uf1fc<\/span><\/span><\/div><div class=\"et_pb_blurb_container\"><h4 class=\"et_pb_module_header\">Kreativno izra\u017eavanje<\/h4><div class=\"et_pb_blurb_description\"><p><span style=\"font-weight: 400;\">U\u017eivanje u umjetnosti, muzici i pokretu razvija ma\u0161tu i finu motoriku.<\/span><\/p>\n<\/div><\/div><\/div><\/div>\n<\/div>\n<\/div>\n\n<div class=\"et_pb_row_3 et_pb_row et_block_row\">\n<div class=\"et_pb_column_6 et_pb_column et_pb_column_1_3 et_block_column et_pb_css_mix_blend_mode_passthrough\">\n<div class=\"et_pb_blurb_4 et_pb_blurb et_pb_bg_layout_light et_pb_text_align_center et_pb_blurb_position_top et_pb_module et_block_module\"><div class=\"et_pb_blurb_content\"><div class=\"et_pb_main_blurb_image\"><span class=\"et_pb_image_wrap\"><span class=\"et-pb-icon et-waypoint et_pb_animation_top et_pb_animation_top_tablet et_pb_animation_top_phone\">\uf70c<\/span><\/span><\/div><div class=\"et_pb_blurb_container\"><h4 class=\"et_pb_module_header\">Fizi\u010dki razvoj<\/h4><div class=\"et_pb_blurb_description\"><p><span style=\"font-weight: 400;\">Ja\u010danje motori\u010dkih sposobnosti i koordinacije kroz igru u zatvorenom i na otvorenom prostoru.<\/span><\/p>\n<\/div><\/div><\/div><\/div>\n<\/div>\n\n<div class=\"et_pb_column_7 et_pb_column et_pb_column_1_3 et_block_column et_pb_css_mix_blend_mode_passthrough\">\n<div class=\"et_pb_blurb_5 et_pb_blurb et_pb_bg_layout_light et_pb_text_align_center et_pb_blurb_position_top et_pb_module et_block_module\"><div class=\"et_pb_blurb_content\"><div class=\"et_pb_main_blurb_image\"><span class=\"et_pb_image_wrap\"><span class=\"et-pb-icon et-waypoint et_pb_animation_top et_pb_animation_top_tablet et_pb_animation_top_phone\">\uf2b5<\/span><\/span><\/div><div class=\"et_pb_blurb_container\"><h4 class=\"et_pb_module_header\">Socijalne vje\u0161tine i emocionalni rast<\/h4><div class=\"et_pb_blurb_description\"><p><span style=\"font-weight: 400;\">Stvaranje pozitivnih odnosa, u\u010denje saradnje, empatije i samopouzdanja.<\/span><\/p>\n<\/div><\/div><\/div><\/div>\n<\/div>\n\n<div class=\"et_pb_column_8 et_pb_column et_pb_column_1_3 et-last-child et_block_column et_pb_css_mix_blend_mode_passthrough\">\n<div class=\"et_pb_blurb_6 et_pb_blurb et_pb_bg_layout_light et_pb_text_align_center et_pb_blurb_position_top et_pb_module et_block_module\"><div class=\"et_pb_blurb_content\"><div class=\"et_pb_main_blurb_image\"><span class=\"et_pb_image_wrap\"><span class=\"et-pb-icon et-waypoint et_pb_animation_top et_pb_animation_top_tablet et_pb_animation_top_phone\">\ue05e<\/span><\/span><\/div><div class=\"et_pb_blurb_container\"><h4 class=\"et_pb_module_header\">Prakti\u010dne \u017eivotne vje\u0161tine<\/h4><div class=\"et_pb_blurb_description\"><p><span style=\"font-weight: 400;\">Primjena higijenskih rutina, navika i navika brige o sebi radi izgradnje samostalnosti.<\/span><span style=\"font-weight: 400;\"><br \/><\/span><\/p>\n<\/div><\/div><\/div><\/div>\n<\/div>\n<\/div>\n<div class=\"et_pb_bottom_inside_divider et-no-transition\"><\/div><\/div>\n\n<div class=\"et_pb_section_2 et_pb_section et_section_regular et_block_section section_has_divider et_pb_top_divider et_pb_bottom_divider\"><div class=\"et_pb_top_inside_divider et-no-transition\"><\/div>\n<div class=\"et_pb_row_4 et_pb_row et_block_row\">\n<div class=\"et_pb_column_9 et_pb_column et_pb_column_4_4 et-last-child et_block_column et_pb_css_mix_blend_mode_passthrough\">\n<div class=\"et_pb_text_2 et_pb_text et_pb_bg_layout_light et_pb_module et_block_module\"><div class=\"et_pb_text_inner\"><h2><b>Dobne grupe i fokus u\u010denja<\/b><\/h2>\n<\/div><\/div>\n\n<div class=\"et_pb_tabs_0 et_pb_tabs et_pb_module\"><ul class=\"et_pb_tabs_controls clearfix\"><li class=\"et_pb_tab_nav_item_0 et_pb_tab_nav_item et_pb_tab_0 et_pb_tab_active\"><a class=\"et_pb_tab_nav_item_link\" href=\"#\">Toddlers<\/a><\/li><li class=\"et_pb_tab_nav_item_1 et_pb_tab_nav_item et_pb_tab_1\"><a class=\"et_pb_tab_nav_item_link\" href=\"#\">Mla\u0111i pred\u0161kolci<\/a><\/li><li class=\"et_pb_tab_nav_item_2 et_pb_tab_nav_item et_pb_tab_2\"><a class=\"et_pb_tab_nav_item_link\" href=\"#\">Starija pred\u0161kolska djeca<\/a><\/li><\/ul><div class=\"et_pb_all_tabs\">\n<div class=\"et_pb_tab_0 et_pb_tab clearfix et_pb_active_content et_pb_module et_block_module\"><div class=\"et_pb_tab_content\"><p><a href=\"https:\/\/tuzla.rps.edu.ba\/bs\/predskolski-kurikulum\/?et_fb=1&amp;PageSpeed=off\" class=\"et-fb-editable-element et-fb-editable-element__editing\" data-shortcode-id=\"3.0.0.0.1-1753700383937\" data-quickaccess-id=\"tab-tab\" contenteditable=\"true\"><strong>2-3 godine<\/strong><\/a><span style=\"font-weight: 400;\"><\/span><\/p>\n<p><span style=\"font-weight: 400;\">Pro\u0161irenje komunikacije, po\u010detak rje\u0161avanja problema, dru\u0161tvena interakcija i rana samostalnost.<\/span><\/p>\n<\/div><\/div>\n\n<div class=\"et_pb_tab_1 et_pb_tab clearfix et_pb_module et_block_module\"><div class=\"et_pb_tab_content\"><p><a href=\"https:\/\/tuzla.rps.edu.ba\/bs\/predskolski-kurikulum\/?et_fb=1&amp;PageSpeed=off\" class=\"et-fb-editable-element et-fb-editable-element__editing\" data-shortcode-id=\"3.0.0.1.2-1753700447161\" data-quickaccess-id=\"tab-tab\" contenteditable=\"true\"><strong>3-4,5 godina<\/strong><\/a><span style=\"font-weight: 400;\"><\/span><\/p>\n<p><span style=\"font-weight: 400;\">Grupne aktivnosti, predpismenost, osnovni matemati\u010dki koncepti, kreativne umjetnosti i kretanje.<\/span><\/p>\n<\/div><\/div>\n\n<div class=\"et_pb_tab_2 et_pb_tab clearfix et_pb_module et_block_module\"><div class=\"et_pb_tab_content\"><p><a href=\"https:\/\/tuzla.rps.edu.ba\/bs\/predskolski-kurikulum\/?et_fb=1&amp;PageSpeed=off\" class=\"et-fb-editable-element et-fb-editable-element__editing\" data-shortcode-id=\"3.0.0.1.2-1753700446037\" data-quickaccess-id=\"tab-tab\" contenteditable=\"true\"><span><\/span><strong>4,5-6 godina<\/strong><\/a><span style=\"font-weight: 400;\"><\/span><\/p>\n<p><span style=\"font-weight: 400;\">Pripremna pismenost, ra\u010dunanje, dru\u0161tvena odgovornost, kriti\u010dko razmi\u0161ljanje i uvodno kori\u0161tenje tehnologije.<\/span><\/p>\n<\/div><\/div>\n<\/div><\/div>\n<\/div>\n<\/div>\n<div class=\"et_pb_bottom_inside_divider et-no-transition\"><\/div><\/div>\n\n<div class=\"et_pb_section_3 et_pb_section et_section_regular et_block_section section_has_divider et_pb_top_divider\"><div class=\"et_pb_top_inside_divider et-no-transition\"><\/div>\n<div class=\"et_pb_row_5 et_pb_row et_block_row\">\n<div class=\"et_pb_column_10 et_pb_column et_pb_column_4_4 et-last-child et_block_column et_pb_css_mix_blend_mode_passthrough\">\n<div class=\"et_pb_text_3 et_pb_text et_pb_bg_layout_light et_pb_module et_block_module\"><div class=\"et_pb_text_inner\"><h2><b>Saxon program ranog u\u010denja<\/b><\/h2>\n<\/div><\/div>\n<\/div>\n<\/div>\n\n<div class=\"et_pb_row_6 et_pb_row et_block_row\">\n<div class=\"et_pb_column_11 et_pb_column et_pb_column_4_4 et-last-child et_block_column et_pb_css_mix_blend_mode_passthrough\">\n<div class=\"et_pb_image_0 et_pb_image et_pb_module et_block_module\"><span class=\"et_pb_image_wrap\"><img loading=\"lazy\" decoding=\"async\" src=\"https:\/\/tuzla.rps.edu.ba\/wp-content\/uploads\/2025\/07\/RPS-preschool-saxon1.jpg\" width=\"1280\" height=\"411\" srcset=\"https:\/\/tuzla.rps.edu.ba\/wp-content\/uploads\/2025\/07\/RPS-preschool-saxon1.jpg 1280w, https:\/\/tuzla.rps.edu.ba\/wp-content\/uploads\/2025\/07\/RPS-preschool-saxon1-980x315.jpg 980w, https:\/\/tuzla.rps.edu.ba\/wp-content\/uploads\/2025\/07\/RPS-preschool-saxon1-480x154.jpg 480w\" sizes=\"(min-width: 0px) and (max-width: 480px) 480px, (min-width: 481px) and (max-width: 980px) 980px, (min-width: 981px) 1280px, 100vw\" class=\"wp-image-242694\" title=\"RPS-pred\u0161kolska-saxon1\" \/><\/span><\/div>\n\n<div class=\"et_pb_text_4 et_pb_text et_pb_bg_layout_light et_pb_module et_block_module\"><div class=\"et_pb_text_inner\"><p><span style=\"font-weight: 400;\">Na\u0161e starije pred\u0161kolske grupe slijede <\/span><b>Saxon program ranog u\u010denja<\/b><span style=\"font-weight: 400;\">, dobro strukturiran nastavni plan i program osmi\u0161ljen da:<\/span><\/p>\n<ul>\n<li style=\"font-weight: 400;\" aria-level=\"1\"><span style=\"font-weight: 400;\">Obezbijedi motiviraju\u0107e i razvojno primjerene aktivnosti.<\/span><\/li>\n<li style=\"font-weight: 400;\" aria-level=\"1\"><span style=\"font-weight: 400;\">Razvije rane vje\u0161tine pismenosti, uklju\u010duju\u0107i fonetsku svjesnost i odnose slova i glasova.<\/span><\/li>\n<li style=\"font-weight: 400;\" aria-level=\"1\"><span style=\"font-weight: 400;\">Podstakne verbalno izra\u017eavanje, u\u010de\u0161\u0107e u u\u010dionici i socijalnu adaptaciju.<\/span><\/li>\n<li style=\"font-weight: 400;\" aria-level=\"1\"><span style=\"font-weight: 400;\">Izgradi sna\u017enu osnovu za spremnost za \u0161kolu s naglaskom na jezik, moralni razvoj i izgradnju karaktera.<\/span><\/li>\n<\/ul>\n<\/div><\/div>\n<\/div>\n<\/div>\n<\/div>","protected":false},"excerpt":{"rendered":"","protected":false},"author":1,"featured_media":0,"parent":0,"menu_order":0,"comment_status":"closed","ping_status":"closed","template":"","meta":{"iawp_total_views":38,"footnotes":""},"class_list":["post-242585","page","type-page","status-publish","hentry"],"_links":{"self":[{"href":"https:\/\/tuzla.rps.edu.ba\/bs\/wp-json\/wp\/v2\/pages\/242585","targetHints":{"allow":["GET"]}}],"collection":[{"href":"https:\/\/tuzla.rps.edu.ba\/bs\/wp-json\/wp\/v2\/pages"}],"about":[{"href":"https:\/\/tuzla.rps.edu.ba\/bs\/wp-json\/wp\/v2\/types\/page"}],"author":[{"embeddable":true,"href":"https:\/\/tuzla.rps.edu.ba\/bs\/wp-json\/wp\/v2\/users\/1"}],"replies":[{"embeddable":true,"href":"https:\/\/tuzla.rps.edu.ba\/bs\/wp-json\/wp\/v2\/comments?post=242585"}],"version-history":[{"count":10,"href":"https:\/\/tuzla.rps.edu.ba\/bs\/wp-json\/wp\/v2\/pages\/242585\/revisions"}],"predecessor-version":[{"id":243576,"href":"https:\/\/tuzla.rps.edu.ba\/bs\/wp-json\/wp\/v2\/pages\/242585\/revisions\/243576"}],"wp:attachment":[{"href":"https:\/\/tuzla.rps.edu.ba\/bs\/wp-json\/wp\/v2\/media?parent=242585"}],"curies":[{"name":"wp","href":"https:\/\/api.w.org\/{rel}","templated":true}]}}