{"id":242349,"date":"2025-07-23T12:35:35","date_gmt":"2025-07-23T12:35:35","guid":{"rendered":"https:\/\/tuzla.rps.edu.ba\/?page_id=242349"},"modified":"2026-04-27T09:32:22","modified_gmt":"2026-04-27T09:32:22","slug":"skolski-pravilnici","status":"publish","type":"page","link":"https:\/\/tuzla.rps.edu.ba\/bs\/skolski-pravilnici\/","title":{"rendered":"\u0160kolski pravilnici"},"content":{"rendered":"<div class=\"et_pb_section_0 et_pb_section et_pb_fullwidth_section et_section_regular et_block_section\">\n<section class=\"et_pb_fullwidth_header_0 et_pb_fullwidth_header et_pb_bg_layout_dark et_pb_text_align_left et_pb_module et_flex_module preset--module--divi-fullwidth-header--default\"><div class=\"et_pb_fullwidth_header_container left\"><div class=\"header-content-container center\"><div class=\"header-content et_flex_module\"><h1 class=\"et_pb_module_header\"><a href=\"https:\/\/tuzla.rps.edu.ba\/bs\/skolski-pravilnici\/\">\u0160kolski pravilnici<\/a><\/h1><div class=\"et_pb_header_button_wrapper\"><\/div><\/div><\/div><\/div><div class=\"et_pb_fullwidth_header_overlay\"><\/div><div class=\"et_pb_fullwidth_header_scroll\"><\/div><\/section>\n<\/div>\n\n<div class=\"et_pb_section_1 et_pb_section et_section_regular et_block_section\">\n<div class=\"et_pb_row_0 et_pb_row et_block_row\">\n<div class=\"et_pb_column_0 et_pb_column et_pb_column_4_4 et-last-child et_block_column et_pb_css_mix_blend_mode_passthrough\">\n<div class=\"et_pb_text_0 et_pb_text et_pb_bg_layout_light et_pb_module et_block_module\"><div class=\"et_pb_text_inner\"><p data-start=\"199\" data-end=\"603\">U \u0161kolama Richmond Park u Sarajevu, na\u0161i pravilnici \u010dine temelj sigurnog, inkluzivnog i akademski zahtjevnog okru\u017eenja za u\u010denje. Ovi dokumenti vode kako podu\u010davamo, procjenjujemo, \u0161titimo i podr\u017eavamo svakog u\u010denika na na\u0161im kampusima. Od nastavnog plana i programa i nastavnih standarda do pona\u0161anja u\u010denika, za\u0161tite i postupaka u hitnim slu\u010dajevima, svaki pravilnik osigurava jasno\u0107u, dosljednost i odgovornost u \u0161kolskom \u017eivotu.<\/p>\n<p data-start=\"605\" data-end=\"753\">Molimo vas da istra\u017eite odjeljke u nastavku kako biste saznali vi\u0161e o tome kako odr\u017eavamo visoke obrazovne i sigurnosne standarde za sve \u010dlanove na\u0161e \u0161kolske zajednice.<\/p>\n<\/div><\/div>\n\n<div class=\"et_pb_toggle_0 et_pb_toggle et_pb_toggle_item et_pb_toggle_close et_pb_module et_block_module\"><h5 class=\"et_pb_toggle_title\">Kriteriji izbora: U\u010denik generacije i Ponos generacije<\/h5><div class=\"et_pb_toggle_content clearfix\"><p data-path-to-node=\"4\">Ovaj Pravilnik defini\u0161e kriterije i procedure za izbor \"U\u010denika generacije\" i \"Ponosa generacije\" u Richmond Park International Secondary School u Tuzli. Dokument propisuje stroge uslove za akademsku izvrsnost, primjerno vladanje, te izvanredna postignu\u0107a u vannastavnim aktivnostima, takmi\u010denjima i dru\u0161tveno korisnom radu.<\/p>\n<p data-path-to-node=\"5\">\n<p><a href=\"https:\/\/tuzla.rps.edu.ba\/wp-content\/uploads\/2026\/04\/Pravilnik-Richmond-Park-International-Secondary-School-za-izbor-ucenika-generacije-i-Ponos-generacije-2024-.pdf\">Pro\u010ditajte cijeli pravilnik<\/a><\/p>\n<\/div><\/div>\n\n<div class=\"et_pb_text_1 et_pb_text et_pb_bg_layout_light et_pb_module et_block_module\"><div class=\"et_pb_text_inner\"><h4><strong data-start=\"65\" data-end=\"96\">Ostanite informirani i u skladu s propisima<\/strong><\/h4>\n<p>Molimo vas da pa\u017eljivo pregledate sve pravilnike. Za pitanja ili nedoumice obratite se Uredu za kvalitet obrazovanja i odgovornost na <a data-start=\"223\" data-end=\"238\" href=\"mailto:eqao@rps.edu.ba\">eqao@rps.edu.ba<\/a>.<\/p>\n<\/div><\/div>\n<\/div>\n<\/div>\n<\/div>","protected":false},"excerpt":{"rendered":"","protected":false},"author":1,"featured_media":0,"parent":0,"menu_order":0,"comment_status":"closed","ping_status":"closed","template":"","meta":{"iawp_total_views":72,"footnotes":""},"class_list":["post-242349","page","type-page","status-publish","hentry"],"_links":{"self":[{"href":"https:\/\/tuzla.rps.edu.ba\/bs\/wp-json\/wp\/v2\/pages\/242349","targetHints":{"allow":["GET"]}}],"collection":[{"href":"https:\/\/tuzla.rps.edu.ba\/bs\/wp-json\/wp\/v2\/pages"}],"about":[{"href":"https:\/\/tuzla.rps.edu.ba\/bs\/wp-json\/wp\/v2\/types\/page"}],"author":[{"embeddable":true,"href":"https:\/\/tuzla.rps.edu.ba\/bs\/wp-json\/wp\/v2\/users\/1"}],"replies":[{"embeddable":true,"href":"https:\/\/tuzla.rps.edu.ba\/bs\/wp-json\/wp\/v2\/comments?post=242349"}],"version-history":[{"count":17,"href":"https:\/\/tuzla.rps.edu.ba\/bs\/wp-json\/wp\/v2\/pages\/242349\/revisions"}],"predecessor-version":[{"id":243681,"href":"https:\/\/tuzla.rps.edu.ba\/bs\/wp-json\/wp\/v2\/pages\/242349\/revisions\/243681"}],"wp:attachment":[{"href":"https:\/\/tuzla.rps.edu.ba\/bs\/wp-json\/wp\/v2\/media?parent=242349"}],"curies":[{"name":"wp","href":"https:\/\/api.w.org\/{rel}","templated":true}]}}