{"id":242343,"date":"2025-07-23T12:35:03","date_gmt":"2025-07-23T12:35:03","guid":{"rendered":"https:\/\/tuzla.rps.edu.ba\/?page_id=242343"},"modified":"2026-03-03T11:11:12","modified_gmt":"2026-03-03T11:11:12","slug":"nasa-misija-i-vizija","status":"publish","type":"page","link":"https:\/\/tuzla.rps.edu.ba\/bs\/nasa-misija-i-vizija\/","title":{"rendered":"Na\u0161a misija i vizija"},"content":{"rendered":"<div class=\"et_pb_section_0 et_pb_section et_pb_fullwidth_section et_section_regular et_block_section\"><section class=\"et_pb_fullwidth_header_0 et_pb_fullwidth_header et_pb_bg_layout_dark et_pb_text_align_left et_pb_module et_flex_module preset--module--divi-fullwidth-header--default\"><div class=\"et_pb_fullwidth_header_container left\"><div class=\"header-content-container center\"><div class=\"header-content et_flex_module\"><h1 class=\"et_pb_module_header\"><a href=\"https:\/\/tuzla.rps.edu.ba\/bs\/nasa-misija-i-vizija\/\">Na\u0161a misija i vizija<\/a><\/h1><div class=\"et_pb_header_button_wrapper\"><\/div><\/div><\/div><\/div><div class=\"et_pb_fullwidth_header_overlay\"><\/div><div class=\"et_pb_fullwidth_header_scroll\"><\/div><\/section><\/div><div class=\"et_pb_section_1 et_pb_section et_section_regular et_block_section section_has_divider et_pb_bottom_divider\"><div class=\"et_pb_row_0 et_pb_row et_block_row\"><div class=\"et_pb_column_0 et_pb_column et_pb_column_4_4 et-last-child et_block_column et_pb_css_mix_blend_mode_passthrough\"><div class=\"et_pb_text_0 et_pb_text et_pb_bg_layout_light et_pb_module et_block_module\"><div class=\"et_pb_text_inner\"><h2><b>Misija, vizija i temeljne vrijednosti<\/b><b><\/b><\/h2>\n<\/div><\/div><\/div><\/div><div class=\"et_pb_row_1 et_pb_row et_block_row\"><div class=\"et_pb_column_1 et_pb_column et_pb_column_4_4 et-last-child et_block_column et_pb_css_mix_blend_mode_passthrough\"><div class=\"et_pb_text_1 et_pb_text et_pb_bg_layout_dark et_pb_module et_block_module\"><div class=\"et_pb_text_inner\"><h3><b>MISIJA<\/b><\/h3>\n<p style=\"text-align: justify;\"><span style=\"font-weight: 400;\">Richmond Park Schools Tuzla imaju za cilj osigurati inkluzivno okru\u017eenje za u\u010denje koje <\/span><b>njeguje, inspiri\u0161e i osna\u017euje<\/b><span style=\"font-weight: 400;\"> u\u010denike da ostvare svoj puni akademski, dru\u0161tveni i emocionalni potencijal. Kroz inovativne metode podu\u010davanja, zanimljive i izazovne programe oboga\u0107ivanja, personaliziranu pa\u017enju i saradnju s porodicama i zajednicom, njegujemo kriti\u010dko razmi\u0161ljanje, kreativnost i cjelo\u017eivotnu strast za u\u010denjem.<\/span><\/p>\n<\/div><\/div><\/div><\/div><div class=\"et_pb_row_2 et_pb_row et_block_row\"><div class=\"et_pb_column_2 et_pb_column et_pb_column_4_4 et-last-child et_block_column et_pb_css_mix_blend_mode_passthrough\"><div class=\"et_pb_text_2 et_pb_text et_pb_bg_layout_dark et_pb_module et_block_module\"><div class=\"et_pb_text_inner\"><h3><b>VIZIJA<\/b><\/h3>\n<p style=\"text-align: justify;\"><span style=\"font-weight: 400;\">Vizija Richmond Park Schools Tuzla je da njihove \u0161kole postanu najtra\u017eenije me\u0111unarodne \u0161kole koje obrazuju globalne gra\u0111ane koji su...<\/span><b> RICHER - responsible, innovative, confident, honourable, engaged and reflective - <\/b><span style=\"font-weight: 400;\">pripremljeni da uspijevaju u svijetu koji se stalno mijenja.<\/span><\/p>\n<\/div><\/div><\/div><\/div><div class=\"et_pb_row_3 et_pb_row et_block_row\"><div class=\"et_pb_column_3 et_pb_column et_pb_column_4_4 et-last-child et_block_column et_pb_css_mix_blend_mode_passthrough\"><div class=\"et_pb_text_3 et_pb_text et_pb_bg_layout_light et_pb_module et_block_module\"><div class=\"et_pb_text_inner\"><h5 data-start=\"347\" data-end=\"412\" style=\"text-align: center;\">Evo \u0161ta zna\u010di biti <strong>RICHER<\/strong> u Richmond Park Schools u Sarajevu:<\/h5>\n<\/div><\/div><\/div><\/div><div class=\"et_pb_row_4 et_pb_row et_block_row\"><div class=\"et_pb_column_4 et_pb_column et_pb_column_1_3 et_block_column et_pb_css_mix_blend_mode_passthrough\"><div class=\"et_pb_blurb_0 et_pb_blurb et_pb_bg_layout_light et_pb_text_align_center et_pb_blurb_position_top et_pb_module et_block_module\"><div class=\"et_pb_blurb_content\"><div class=\"et_pb_main_blurb_image\"><span class=\"et_pb_image_wrap\"><span class=\"et-pb-icon et-waypoint et_pb_animation_top et_pb_animation_top_tablet et_pb_animation_top_phone\">\uf00c<\/span><\/span><\/div><div class=\"et_pb_blurb_container\"><h4 class=\"et_pb_module_header\">Odgovoran<\/h4><div class=\"et_pb_blurb_description\"><p>Na\u0161i studenti preuzimaju odgovornost za svoje u\u010denje, postupke i utjecaj \u2013 lokalno i globalno.<\/p>\n<\/div><\/div><\/div><\/div><\/div><div class=\"et_pb_column_5 et_pb_column et_pb_column_1_3 et_block_column et_pb_css_mix_blend_mode_passthrough\"><div class=\"et_pb_blurb_1 et_pb_blurb et_pb_bg_layout_light et_pb_text_align_center et_pb_blurb_position_top et_pb_module et_block_module\"><div class=\"et_pb_blurb_content\"><div class=\"et_pb_main_blurb_image\"><span class=\"et_pb_image_wrap\"><span class=\"et-pb-icon et-waypoint et_pb_animation_top et_pb_animation_top_tablet et_pb_animation_top_phone\">\ue007<\/span><\/span><\/div><div class=\"et_pb_blurb_container\"><h4 class=\"et_pb_module_header\">Inovativan<\/h4><div class=\"et_pb_blurb_description\"><p>Podsti\u010demo radoznalost, kreativnost i strast za rje\u0161avanjem problema u dinami\u010dnom svijetu.<\/p>\n<\/div><\/div><\/div><\/div><\/div><div class=\"et_pb_column_6 et_pb_column et_pb_column_1_3 et-last-child et_block_column et_pb_css_mix_blend_mode_passthrough\"><div class=\"et_pb_blurb_2 et_pb_blurb et_pb_bg_layout_light et_pb_text_align_center et_pb_blurb_position_top et_pb_module et_block_module\"><div class=\"et_pb_blurb_content\"><div class=\"et_pb_main_blurb_image\"><span class=\"et_pb_image_wrap\"><span class=\"et-pb-icon et-waypoint et_pb_animation_top et_pb_animation_top_tablet et_pb_animation_top_phone\">\uf135<\/span><\/span><\/div><div class=\"et_pb_blurb_container\"><h4 class=\"et_pb_module_header\">Samouvjeren<\/h4><div class=\"et_pb_blurb_description\"><p>U\u010denici su osna\u017eeni da se izraze, preuzmu inicijativu i vode sa svrhom.<\/p>\n<\/div><\/div><\/div><\/div><\/div><\/div><div class=\"et_pb_row_5 et_pb_row et_block_row\"><div class=\"et_pb_column_7 et_pb_column et_pb_column_1_3 et_block_column et_pb_css_mix_blend_mode_passthrough\"><div class=\"et_pb_blurb_3 et_pb_blurb et_pb_bg_layout_light et_pb_text_align_center et_pb_blurb_position_top et_pb_module et_block_module\"><div class=\"et_pb_blurb_content\"><div class=\"et_pb_main_blurb_image\"><span class=\"et_pb_image_wrap\"><span class=\"et-pb-icon et-waypoint et_pb_animation_top et_pb_animation_top_tablet et_pb_animation_top_phone\">\uf24e<\/span><\/span><\/div><div class=\"et_pb_blurb_container\"><h4 class=\"et_pb_module_header\">\u010castan<\/h4><div class=\"et_pb_blurb_description\"><p>U sve \u0161to radimo usa\u0111ujemo vrijednosti po\u0161tenja, integriteta i po\u0161tovanja.<\/p>\n<\/div><\/div><\/div><\/div><\/div><div class=\"et_pb_column_8 et_pb_column et_pb_column_1_3 et_block_column et_pb_css_mix_blend_mode_passthrough\"><div class=\"et_pb_blurb_4 et_pb_blurb et_pb_bg_layout_light et_pb_text_align_center et_pb_blurb_position_top et_pb_module et_block_module\"><div class=\"et_pb_blurb_content\"><div class=\"et_pb_main_blurb_image\"><span class=\"et_pb_image_wrap\"><span class=\"et-pb-icon et-waypoint et_pb_animation_top et_pb_animation_top_tablet et_pb_animation_top_phone\">\uf4c4<\/span><\/span><\/div><div class=\"et_pb_blurb_container\"><h4 class=\"et_pb_module_header\">Posve\u0107en<\/h4><div class=\"et_pb_blurb_description\"><p>Aktivni u\u010desnici u svom u\u010denju i zajednicama, na\u0161i u\u010denici prave razliku.<\/p>\n<\/div><\/div><\/div><\/div><\/div><div class=\"et_pb_column_9 et_pb_column et_pb_column_1_3 et-last-child et_block_column et_pb_css_mix_blend_mode_passthrough\"><div class=\"et_pb_blurb_5 et_pb_blurb et_pb_bg_layout_light et_pb_text_align_center et_pb_blurb_position_top et_pb_module et_block_module\"><div class=\"et_pb_blurb_content\"><div class=\"et_pb_main_blurb_image\"><span class=\"et_pb_image_wrap\"><span class=\"et-pb-icon et-waypoint et_pb_animation_top et_pb_animation_top_tablet et_pb_animation_top_phone\">\uf110<\/span><\/span><\/div><div class=\"et_pb_blurb_container\"><h4 class=\"et_pb_module_header\">Promi\u0161ljen<\/h4><div class=\"et_pb_blurb_description\"><p>Usmjeravamo u\u010denike da sami procjenjuju svoj rad, u\u010de iz iskustva i promi\u0161ljeno se prilago\u0111avaju.<\/p>\n<\/div><\/div><\/div><\/div><\/div><\/div><div class=\"et_pb_bottom_inside_divider et-no-transition\"><\/div><\/div><div class=\"et_pb_section_2 et_pb_section et_pb_fullwidth_section et_section_regular et_block_section section_has_divider et_pb_top_divider\"><div class=\"et_pb_top_inside_divider et-no-transition\"><\/div><section class=\"et_pb_fullwidth_header_1 et_pb_fullwidth_header et_pb_header_with_image et_pb_bg_layout_light et_pb_text_align_left et_pb_module et_flex_module preset--module--divi-fullwidth-header--default\"><div class=\"et_pb_fullwidth_header_container left\"><div class=\"header-content-container center\"><div class=\"header-content et_flex_module\"><h1 class=\"et_pb_module_header\">Obrazujemo gra\u0111ane svijeta u Bosni i Hercegovini od 1996. godine.<\/h1><span class=\"et_pb_fullwidth_header_subhead\">Richmond Park Education je vode\u0107a grupa me\u0111unarodnih \u0161kola na engleskom jeziku \u0161irom Bosne i Hercegovine: Sarajeva, Tuzle, Tuzlaa, Cazina i \u017divinica \u2014 osna\u017euju\u0107i u\u010denike kroz inovacije, akademsku izvrsnost i globalni na\u010din razmi\u0161ljanja. Richmond Park Education je u vlasni\u0161tvu Stirling Education, pru\u017eatelja prvoklasnog obrazovanja \u0161irom svijeta sa sjedi\u0161tem kompanije u Londonu, Ujedinjeno Kraljevstvo.<\/span><div class=\"et_pb_header_button_wrapper\"><a class=\"et_pb_button et_pb_more_button et_pb_button_two\" href=\"\">Saznajte vi\u0161e<\/a><\/div><\/div><\/div><div class=\"header-image-container center\"><div class=\"header-image\"><img loading=\"lazy\" decoding=\"async\" src=\"https:\/\/tuzla.rps.edu.ba\/wp-content\/uploads\/2025\/07\/sarajevo-campus-1.jpg\" width=\"1200\" height=\"800\" srcset=\"https:\/\/tuzla.rps.edu.ba\/wp-content\/uploads\/2025\/07\/sarajevo-campus-1.jpg 1200w, https:\/\/tuzla.rps.edu.ba\/wp-content\/uploads\/2025\/07\/sarajevo-campus-1-980x653.jpg 980w, https:\/\/tuzla.rps.edu.ba\/wp-content\/uploads\/2025\/07\/sarajevo-campus-1-480x320.jpg 480w\" sizes=\"(min-width: 0px) and (max-width: 480px) 480px, (min-width: 481px) and (max-width: 980px) 980px, (min-width: 981px) 1200px, 100vw\" class=\"wp-image-242273\" \/><\/div><\/div><\/div><div class=\"et_pb_fullwidth_header_overlay\"><\/div><div class=\"et_pb_fullwidth_header_scroll\"><\/div><\/section><\/div><div class=\"et_pb_section_3 et_pb_section et_section_regular et_block_section section_has_divider et_pb_top_divider et_pb_bottom_divider\"><div class=\"et_pb_top_inside_divider et-no-transition\"><\/div><div class=\"et_pb_row_6 et_pb_row et_block_row preset--module--divi-row--5138c454-be54-4233-bd3b-f8e6a8747976\"><div class=\"et_pb_column_10 et_pb_column et_pb_column_4_4 et-last-child et_block_column et_pb_css_mix_blend_mode_passthrough preset--module--divi-column--73121f80-a3ef-4484-8763-c3f18e3c56d2\"><div class=\"et_pb_cta_0 et_pb_promo et_pb_bg_layout_light et_pb_module et_block_module preset--module--divi-cta--4c2ad5d0-871e-414e-a4be-aa9134d4ae8e\"><div class=\"et_pb_promo_description\"><h2 class=\"et_pb_module_header\">Pridru\u017eite se zajednici Richmond Parka u Sarajevu<\/h2><div class=\"et_pb_promo_content\"><p data-start=\"1068\" data-end=\"1296\">Mi smo vi\u0161e od \u0161kole - mi smo mjesto gdje u\u010denici napreduju, porodice se povezuju i oblikuje budu\u0107nost. Otkrijte kako \u0161kole Richmond Park u Sarajevu mogu biti pravi izbor za va\u0161u porodicu.<\/p>\n<\/div><\/div><div class=\"et_pb_button_wrapper\"><a class=\"et_pb_button et_pb_promo_button\" href=\"https:\/\/tuzla.rps.edu.ba\/bs\/pregled-kampusa\/\">Prona\u0111ite svoje mjesto kod nas<\/a><\/div><\/div><\/div><\/div><div class=\"et_pb_bottom_inside_divider et-no-transition\"><\/div><\/div>","protected":false},"excerpt":{"rendered":"","protected":false},"author":1,"featured_media":0,"parent":0,"menu_order":0,"comment_status":"closed","ping_status":"closed","template":"","meta":{"iawp_total_views":152,"footnotes":""},"class_list":["post-242343","page","type-page","status-publish","hentry"],"_links":{"self":[{"href":"https:\/\/tuzla.rps.edu.ba\/bs\/wp-json\/wp\/v2\/pages\/242343","targetHints":{"allow":["GET"]}}],"collection":[{"href":"https:\/\/tuzla.rps.edu.ba\/bs\/wp-json\/wp\/v2\/pages"}],"about":[{"href":"https:\/\/tuzla.rps.edu.ba\/bs\/wp-json\/wp\/v2\/types\/page"}],"author":[{"embeddable":true,"href":"https:\/\/tuzla.rps.edu.ba\/bs\/wp-json\/wp\/v2\/users\/1"}],"replies":[{"embeddable":true,"href":"https:\/\/tuzla.rps.edu.ba\/bs\/wp-json\/wp\/v2\/comments?post=242343"}],"version-history":[{"count":8,"href":"https:\/\/tuzla.rps.edu.ba\/bs\/wp-json\/wp\/v2\/pages\/242343\/revisions"}],"predecessor-version":[{"id":243334,"href":"https:\/\/tuzla.rps.edu.ba\/bs\/wp-json\/wp\/v2\/pages\/242343\/revisions\/243334"}],"wp:attachment":[{"href":"https:\/\/tuzla.rps.edu.ba\/bs\/wp-json\/wp\/v2\/media?parent=242343"}],"curies":[{"name":"wp","href":"https:\/\/api.w.org\/{rel}","templated":true}]}}