{"id":242327,"date":"2025-07-23T12:29:41","date_gmt":"2025-07-23T12:29:41","guid":{"rendered":"https:\/\/tuzla.rps.edu.ba\/?page_id=242327"},"modified":"2026-03-03T14:11:45","modified_gmt":"2026-03-03T14:11:45","slug":"vrtici","status":"publish","type":"page","link":"https:\/\/tuzla.rps.edu.ba\/bs\/vrtici\/","title":{"rendered":"Pregled"},"content":{"rendered":"<div class=\"et_pb_section_0 et_pb_section et_pb_fullwidth_section et_section_regular et_block_section\">\n<section class=\"et_pb_fullwidth_header_0 et_pb_fullwidth_header et_pb_fullscreen et_pb_bg_layout_dark et_pb_text_align_center et_pb_module et_flex_module preset--module--divi-fullwidth-header--default\"><div class=\"et_pb_fullwidth_header_container center\"><div class=\"header-content-container center\"><div class=\"header-content et_flex_module\"><h1 class=\"et_pb_module_header\">Pred\u0161kolske ustanove Richmond Park u Tuzlau i Cazinu<\/h1><span class=\"et_pb_fullwidth_header_subhead\">A caring, bilingual, play-based preschool for children aged 2\u20136<\/span><div class=\"et_pb_header_button_wrapper\"><a class=\"et_pb_button et_pb_more_button et_pb_button_one\" href=\"https:\/\/tuzla.rps.edu.ba\/bs\/kontakt\/\">Zaka\u017eite posjetu<\/a><a class=\"et_pb_button et_pb_more_button et_pb_button_two\" href=\"https:\/\/tuzla.rps.edu.ba\/bs\/prijavite-se-sada\/\">Prijavite se odmah<\/a><\/div><\/div><\/div><\/div><div class=\"et_pb_fullwidth_header_overlay\"><\/div><div class=\"et_pb_fullwidth_header_scroll\"><\/div><\/section>\n<\/div>\n\n<div class=\"et_pb_section_1 et_pb_section et_section_regular et_block_section et_animated section_has_divider et_pb_bottom_divider\">\n<div class=\"et_pb_row_0 et_pb_row et_block_row\">\n<div class=\"et_pb_column_0 et_pb_column et_pb_column_4_4 et-last-child et_block_column et_pb_css_mix_blend_mode_passthrough\">\n<div class=\"et_pb_text_0 et_pb_text et_pb_bg_layout_light et_pb_module et_block_module\"><div class=\"et_pb_text_inner\"><h1 style=\"text-align: center;\">Svako dijete treba priliku za topao i kvalitetan po\u010detak<\/h1>\n<\/div><\/div>\n\n<div class=\"et_pb_text_1 et_pb_text et_pb_bg_layout_light et_pb_module et_block_module\"><div class=\"et_pb_text_inner\"><p style=\"text-align: justify;\"><span style=\"font-weight: 400;\">U pred\u0161kolskim ustanovama Richmond Park vjerujemo da je rano djetinjstvo vrijeme radosnih otkri\u0107a. Na\u0161 pristup poti\u010de djecu da rastu dru\u0161tveno, emocionalno i kognitivno kroz igru, istra\u017eivanje i brigu. Podr\u017eavamo svako dijete da napreduje svojim tempom, u dvojezi\u010dnom okru\u017eenju koje spaja strukturu s ma\u0161tom.<\/span><\/p>\n<\/div><\/div>\n<\/div>\n<\/div>\n\n<div class=\"et_pb_row_1 et_pb_row et_pb_row_4col et_block_row et_block_row_4col\">\n<div class=\"et_pb_column_1 et_pb_column et_pb_column_1_4 et_block_column et_pb_css_mix_blend_mode_passthrough\">\n<div class=\"et_pb_blurb_0 et_pb_blurb et_pb_bg_layout_light et_pb_blurb_position_left et_pb_module et_block_module\"><div class=\"et_pb_blurb_content\"><div class=\"et_pb_main_blurb_image\"><span class=\"et_pb_image_wrap\"><span class=\"et-pb-icon et-waypoint et_pb_animation_top et_pb_animation_top_tablet et_pb_animation_top_phone\">N<\/span><\/span><\/div><div class=\"et_pb_blurb_container\"><h4 class=\"et_pb_module_header\">U\u010denje kroz engleski jezik uz pomo\u0107 na maternjem jeziku<\/h4><\/div><\/div><\/div>\n<\/div>\n\n<div class=\"et_pb_column_2 et_pb_column et_pb_column_1_4 et_block_column et_pb_css_mix_blend_mode_passthrough\">\n<div class=\"et_pb_blurb_1 et_pb_blurb et_pb_bg_layout_light et_pb_blurb_position_left et_pb_module et_block_module\"><div class=\"et_pb_blurb_content\"><div class=\"et_pb_main_blurb_image\"><span class=\"et_pb_image_wrap\"><span class=\"et-pb-icon et-waypoint et_pb_animation_top et_pb_animation_top_tablet et_pb_animation_top_phone\">N<\/span><\/span><\/div><div class=\"et_pb_blurb_container\"><h4 class=\"et_pb_module_header\">Safe, inspiring classrooms for ages 2\u20136<\/h4><\/div><\/div><\/div>\n<\/div>\n\n<div class=\"et_pb_column_3 et_pb_column et_pb_column_1_4 et_block_column et_pb_css_mix_blend_mode_passthrough\">\n<div class=\"et_pb_blurb_2 et_pb_blurb et_pb_bg_layout_light et_pb_blurb_position_left et_pb_module et_block_module\"><div class=\"et_pb_blurb_content\"><div class=\"et_pb_main_blurb_image\"><span class=\"et_pb_image_wrap\"><span class=\"et-pb-icon et-waypoint et_pb_animation_top et_pb_animation_top_tablet et_pb_animation_top_phone\">N<\/span><\/span><\/div><div class=\"et_pb_blurb_container\"><h4 class=\"et_pb_module_header\">Dnevne rutine koje balansiraju u\u010denje, odmor i igru<\/h4><\/div><\/div><\/div>\n<\/div>\n\n<div class=\"et_pb_column_4 et_pb_column et_pb_column_1_4 et-last-child et_block_column et_pb_css_mix_blend_mode_passthrough\">\n<div class=\"et_pb_blurb_3 et_pb_blurb et_pb_bg_layout_light et_pb_blurb_position_left et_pb_module et_block_module\"><div class=\"et_pb_blurb_content\"><div class=\"et_pb_main_blurb_image\"><span class=\"et_pb_image_wrap\"><span class=\"et-pb-icon et-waypoint et_pb_animation_top et_pb_animation_top_tablet et_pb_animation_top_phone\">N<\/span><\/span><\/div><div class=\"et_pb_blurb_container\"><h4 class=\"et_pb_module_header\">Bliska saradnja roditelja i edukatora<\/h4><\/div><\/div><\/div>\n<\/div>\n<\/div>\n<div class=\"et_pb_bottom_inside_divider et-no-transition\"><\/div><\/div>\n\n<div class=\"et_pb_section_2 et_pb_section et_section_regular et_block_section section_has_divider et_pb_top_divider\"><div class=\"et_pb_top_inside_divider et-no-transition\"><\/div>\n<div class=\"et_pb_row_2 et_pb_row et_block_row\">\n<div class=\"et_pb_column_5 et_pb_column et_pb_column_4_4 et-last-child et_block_column et_pb_css_mix_blend_mode_passthrough\">\n<div class=\"et_pb_text_2 et_pb_text et_pb_bg_layout_light et_pb_module et_block_module\"><div class=\"et_pb_text_inner\"><h1 style=\"text-align: center;\">Dvije lokacije<\/h1>\n<\/div><\/div>\n\n<div class=\"et_pb_text_3 et_pb_text et_pb_bg_layout_light et_pb_module et_block_module\"><div class=\"et_pb_text_inner\"><p style=\"text-align: justify;\"><span style=\"font-weight: 400;\">Na\u0161i pred\u0161kolski objekti na <\/span><span style=\"font-weight: 400;\"><b>Tuzla <\/b><\/span><span style=\"font-weight: 400;\">i <\/span><span style=\"font-weight: 400;\"><b>\u017divinice <\/b><\/span><span style=\"font-weight: 400;\">slijede isti obrazovni program i vrijednosti. Oba vrti\u0107a su opremljena u\u010dionicama prilago\u0111enim uzrastu, vanjskim prostorima i ljubaznim osobljem posve\u0107enim stvaranju toplog, stimulativnog okru\u017eenja za mlade u\u010denike.<\/span><\/p>\n<\/div><\/div>\n<\/div>\n<\/div>\n<\/div>\n\n<div class=\"et_pb_section_3 et_pb_section et_section_regular et_block_section section_has_divider et_pb_bottom_divider\">\n<div class=\"et_pb_row_3 et_pb_row et_block_row\">\n<div class=\"et_pb_column_6 et_pb_column et_pb_column_1_2 et_block_column et_pb_css_mix_blend_mode_passthrough\">\n<div class=\"et_pb_blurb_4 et_pb_blurb et_pb_bg_layout_light et_pb_blurb_position_top et_pb_module et_block_module\"><div class=\"et_pb_blurb_content\"><div class=\"et_pb_main_blurb_image\"><span class=\"et_pb_image_wrap et_pb_only_image_mode_wrap\"><img loading=\"lazy\" decoding=\"async\" src=\"https:\/\/tuzla.rps.edu.ba\/wp-content\/uploads\/2025\/07\/tuzla-campus-1.png\" width=\"1280\" height=\"720\" srcset=\"https:\/\/tuzla.rps.edu.ba\/wp-content\/uploads\/2025\/07\/tuzla-campus-1.png 1280w, https:\/\/tuzla.rps.edu.ba\/wp-content\/uploads\/2025\/07\/tuzla-campus-1-980x551.png 980w, https:\/\/tuzla.rps.edu.ba\/wp-content\/uploads\/2025\/07\/tuzla-campus-1-480x270.png 480w\" sizes=\"(min-width: 0px) and (max-width: 480px) 480px, (min-width: 481px) and (max-width: 980px) 980px, (min-width: 981px) 1280px, 100vw\" class=\"et-waypoint et_pb_animation_top et_pb_animation_top_tablet et_pb_animation_top_phone wp-image-242274\" title=\"tuzla-campus-1\" alt=\"Richmond Park Schools, kampus u Sarajevu\" \/><\/span><\/div><div class=\"et_pb_blurb_container\"><h4 class=\"et_pb_module_header\">Pred\u0161kolska ustanova Tuzla<\/h4><\/div><\/div><\/div>\n<\/div>\n\n<div class=\"et_pb_column_7 et_pb_column et_pb_column_1_2 et-last-child et_block_column et_pb_css_mix_blend_mode_passthrough\">\n<div class=\"et_pb_blurb_5 et_pb_blurb et_pb_bg_layout_light et_pb_blurb_position_top et_pb_module et_block_module\"><div class=\"et_pb_blurb_content\"><div class=\"et_pb_main_blurb_image\"><span class=\"et_pb_image_wrap et_pb_only_image_mode_wrap\"><img loading=\"lazy\" decoding=\"async\" src=\"https:\/\/tuzla.rps.edu.ba\/wp-content\/uploads\/2026\/03\/518403083_1134148575258418_5276902846769725673_n-1.jpg\" width=\"2048\" height=\"1153\" srcset=\"https:\/\/tuzla.rps.edu.ba\/wp-content\/uploads\/2026\/03\/518403083_1134148575258418_5276902846769725673_n-1.jpg 2048w, https:\/\/tuzla.rps.edu.ba\/wp-content\/uploads\/2026\/03\/518403083_1134148575258418_5276902846769725673_n-1-1280x721.jpg 1280w, https:\/\/tuzla.rps.edu.ba\/wp-content\/uploads\/2026\/03\/518403083_1134148575258418_5276902846769725673_n-1-980x552.jpg 980w, https:\/\/tuzla.rps.edu.ba\/wp-content\/uploads\/2026\/03\/518403083_1134148575258418_5276902846769725673_n-1-480x270.jpg 480w\" sizes=\"(min-width: 0px) and (max-width: 480px) 480px, (min-width: 481px) and (max-width: 980px) 980px, (min-width: 981px) and (max-width: 1280px) 1280px, (min-width: 1281px) 2048px, 100vw\" class=\"et-waypoint et_pb_animation_top et_pb_animation_top_tablet et_pb_animation_top_phone wp-image-243557\" title=\"518403083_1134148575258418_5276902846769725673_n\" alt=\"Richmond Park Schools, kampus u Sarajevu\" \/><\/span><\/div><div class=\"et_pb_blurb_container\"><h4 class=\"et_pb_module_header\">Preschool \u017divinice<\/h4><\/div><\/div><\/div>\n<\/div>\n<\/div>\n<div class=\"et_pb_bottom_inside_divider et-no-transition\"><\/div><\/div>\n\n<div class=\"et_pb_section_4 et_pb_section et_section_regular et_block_section section_has_divider et_pb_top_divider\"><div class=\"et_pb_top_inside_divider et-no-transition\"><\/div><\/div>\n\n<div class=\"et_pb_section_5 et_pb_section et_section_regular et_block_section section_has_divider et_pb_bottom_divider\">\n<div class=\"et_pb_row_4 et_pb_row et_block_row\">\n<div class=\"et_pb_column_8 et_pb_column et_pb_column_3_5 et_block_column et_pb_css_mix_blend_mode_passthrough\">\n<div class=\"et_pb_text_4 et_pb_text et_pb_bg_layout_light et_pb_module et_block_module\"><div class=\"et_pb_text_inner\"><h2><b>Kvalifikovani, bri\u017eni edukatori<\/b><\/h2>\n<p><span style=\"font-weight: 400;\">Na\u0161i nastavnici su strastveni stru\u010dnjaci za rano djetinjstvo koji kombiniraju stru\u010dnost s empatijom. Vode\u0107i odgajatelji imaju univerzitetske diplome iz pred\u0161kolskog obrazovanja, a svo osoblje je obu\u010deno za razvoj djeteta, sigurnost i podu\u010davanje engleskog jezika.<\/span><\/p>\n<p class=\"translation-block\"><b><span style=\"font-weight: 400\">Osiguravamo da svako dijete dobije potrebnu pa\u017enju i brigu. Na\u0161 tim je pa\u017eljivo odabran, kontinuirano se usavr\u0161ava i u potpunosti je posve\u0107en pomaganju svakom djetetu da napreduje.<\/span><\/b><\/p>\n<\/div><\/div>\n<\/div>\n\n<div class=\"et_pb_column_9 et_pb_column et_pb_column_2_5 et-last-child et_block_column et_pb_css_mix_blend_mode_passthrough\">\n<div class=\"et_pb_image_0 et_pb_image et_pb_module et_block_module\"><span class=\"et_pb_image_wrap\"><img loading=\"lazy\" decoding=\"async\" src=\"https:\/\/tuzla.rps.edu.ba\/wp-content\/uploads\/2026\/03\/tuzla-preschool.jpg\" title=\"tuzla preschool\" width=\"1600\" height=\"1200\" srcset=\"https:\/\/tuzla.rps.edu.ba\/wp-content\/uploads\/2026\/03\/tuzla-preschool.jpg 1600w, https:\/\/tuzla.rps.edu.ba\/wp-content\/uploads\/2026\/03\/tuzla-preschool-1280x960.jpg 1280w, https:\/\/tuzla.rps.edu.ba\/wp-content\/uploads\/2026\/03\/tuzla-preschool-980x735.jpg 980w, https:\/\/tuzla.rps.edu.ba\/wp-content\/uploads\/2026\/03\/tuzla-preschool-480x360.jpg 480w\" sizes=\"(min-width: 0px) and (max-width: 480px) 480px, (min-width: 481px) and (max-width: 980px) 980px, (min-width: 981px) and (max-width: 1280px) 1280px, (min-width: 1281px) 1600px, 100vw\" class=\"wp-image-243574\" \/><\/span><\/div>\n<\/div>\n<\/div>\n\n<div class=\"et_pb_row_5 et_pb_row et_block_row\">\n<div class=\"et_pb_column_10 et_pb_column et_pb_column_4_4 et-last-child et_block_column et_pb_css_mix_blend_mode_passthrough\">\n<div class=\"et_pb_text_5 et_pb_text et_pb_bg_layout_light et_pb_module et_block_module\"><div class=\"et_pb_text_inner\"><h2 style=\"text-align: center;\"><strong>Zajedno s porodicama<\/strong><\/h2>\n<\/div><\/div>\n\n<div class=\"et_pb_text_6 et_pb_text et_pb_bg_layout_light et_pb_module et_block_module\"><div class=\"et_pb_text_inner\"><p style=\"text-align: center;\"><span style=\"font-weight: 400;\">Gradimo sna\u017ene odnose s roditeljima kroz otvorenu komunikaciju, redovna a\u017euriranja i zajedni\u010dke aktivnosti. Roditelji dobijaju:<\/span><\/p>\n<\/div><\/div>\n<\/div>\n<\/div>\n\n<div class=\"et_pb_row_6 et_pb_row et_block_row\">\n<div class=\"et_pb_column_11 et_pb_column et_pb_column_1_3 et_block_column et_pb_css_mix_blend_mode_passthrough\">\n<div class=\"et_pb_blurb_6 et_pb_blurb et_pb_bg_layout_light et_pb_text_align_center et_pb_blurb_position_top et_pb_module et_block_module\"><div class=\"et_pb_blurb_content\"><div class=\"et_pb_main_blurb_image\"><span class=\"et_pb_image_wrap\"><span class=\"et-pb-icon et-waypoint et_pb_animation_top et_pb_animation_top_tablet et_pb_animation_top_phone\">\ue00b<\/span><\/span><\/div><div class=\"et_pb_blurb_container\"><h4 class=\"et_pb_module_header\">Pristup platformi SchoolMind<\/h4><\/div><\/div><\/div>\n<\/div>\n\n<div class=\"et_pb_column_12 et_pb_column et_pb_column_1_3 et_block_column et_pb_css_mix_blend_mode_passthrough\">\n<div class=\"et_pb_blurb_7 et_pb_blurb et_pb_bg_layout_light et_pb_text_align_center et_pb_blurb_position_top et_pb_module et_block_module\"><div class=\"et_pb_blurb_content\"><div class=\"et_pb_main_blurb_image\"><span class=\"et_pb_image_wrap\"><span class=\"et-pb-icon et-waypoint et_pb_animation_top et_pb_animation_top_tablet et_pb_animation_top_phone\">\ue089<\/span><\/span><\/div><div class=\"et_pb_blurb_container\"><h4 class=\"et_pb_module_header\">Posjete otvorenih vrata i porodi\u010dne radionice<\/h4><\/div><\/div><\/div>\n<\/div>\n\n<div class=\"et_pb_column_13 et_pb_column et_pb_column_1_3 et-last-child et_block_column et_pb_css_mix_blend_mode_passthrough\">\n<div class=\"et_pb_blurb_8 et_pb_blurb et_pb_bg_layout_light et_pb_text_align_center et_pb_blurb_position_top et_pb_module et_block_module\"><div class=\"et_pb_blurb_content\"><div class=\"et_pb_main_blurb_image\"><span class=\"et_pb_image_wrap\"><span class=\"et-pb-icon et-waypoint et_pb_animation_top et_pb_animation_top_tablet et_pb_animation_top_phone\">\uf57c<\/span><\/span><\/div><div class=\"et_pb_blurb_container\"><h4 class=\"et_pb_module_header\">Kontinuirana komunikacija sa edukatorima<\/h4><\/div><\/div><\/div>\n<\/div>\n<\/div>\n<div class=\"et_pb_bottom_inside_divider et-no-transition\"><\/div><\/div>\n\n<div class=\"et_pb_section_6 et_pb_section et_section_regular et_block_section section_has_divider et_pb_top_divider\"><div class=\"et_pb_top_inside_divider et-no-transition\"><\/div>\n<div class=\"et_pb_row_7 et_pb_row et_block_row\">\n<div class=\"et_pb_column_14 et_pb_column et_pb_column_4_4 et-last-child et_block_column et_pb_css_mix_blend_mode_passthrough\">\n<div class=\"et_pb_text_7 et_pb_text et_pb_bg_layout_light et_pb_module et_block_module\"><div class=\"et_pb_text_inner\"><h2 style=\"text-align: center;\"><b>Za\u0161to roditelji biraju pred\u0161kolske ustanove u Richmond Parku<\/b><\/h2>\n<\/div><\/div>\n<\/div>\n<\/div>\n\n<div class=\"et_pb_row_8 et_pb_row et_pb_row_6col et_block_row et_block_row_6col\">\n<div class=\"et_pb_column_15 et_pb_column et_pb_column_1_6 et_block_column et_pb_css_mix_blend_mode_passthrough\">\n<div class=\"et_pb_blurb_9 et_pb_blurb et_pb_bg_layout_light et_pb_text_align_center et_pb_blurb_position_top et_pb_module et_block_module\"><div class=\"et_pb_blurb_content\"><div class=\"et_pb_main_blurb_image\"><span class=\"et_pb_image_wrap\"><span class=\"et-pb-icon et-waypoint et_pb_animation_top et_pb_animation_top_tablet et_pb_animation_top_phone\">\uf1ae<\/span><\/span><\/div><div class=\"et_pb_blurb_container\"><h4 class=\"et_pb_module_header\">Tematske, projektne aktivnosti<\/h4><\/div><\/div><\/div>\n<\/div>\n\n<div class=\"et_pb_column_16 et_pb_column et_pb_column_1_6 et_block_column et_pb_css_mix_blend_mode_passthrough\">\n<div class=\"et_pb_blurb_10 et_pb_blurb et_pb_bg_layout_light et_pb_text_align_center et_pb_blurb_position_top et_pb_module et_block_module\"><div class=\"et_pb_blurb_content\"><div class=\"et_pb_main_blurb_image\"><span class=\"et_pb_image_wrap\"><span class=\"et-pb-icon et-waypoint et_pb_animation_top et_pb_animation_top_tablet et_pb_animation_top_phone\">\uf53f<\/span><\/span><\/div><div class=\"et_pb_blurb_container\"><h4 class=\"et_pb_module_header\">Umjetnost, muzika i pokret svaki dan<\/h4><\/div><\/div><\/div>\n<\/div>\n\n<div class=\"et_pb_column_17 et_pb_column et_pb_column_1_6 et_block_column et_pb_css_mix_blend_mode_passthrough\">\n<div class=\"et_pb_blurb_11 et_pb_blurb et_pb_bg_layout_light et_pb_text_align_center et_pb_blurb_position_top et_pb_module et_block_module\"><div class=\"et_pb_blurb_content\"><div class=\"et_pb_main_blurb_image\"><span class=\"et_pb_image_wrap\"><span class=\"et-pb-icon et-waypoint et_pb_animation_top et_pb_animation_top_tablet et_pb_animation_top_phone\">\uf2e7<\/span><\/span><\/div><div class=\"et_pb_blurb_container\"><h4 class=\"et_pb_module_header\">Zdravi obroci: doru\u010dak, ru\u010dak, u\u017eina<\/h4><\/div><\/div><\/div>\n<\/div>\n\n<div class=\"et_pb_column_18 et_pb_column et_pb_column_1_6 et_block_column et_pb_css_mix_blend_mode_passthrough\">\n<div class=\"et_pb_blurb_12 et_pb_blurb et_pb_bg_layout_light et_pb_text_align_center et_pb_blurb_position_top et_pb_module et_block_module\"><div class=\"et_pb_blurb_content\"><div class=\"et_pb_main_blurb_image\"><span class=\"et_pb_image_wrap\"><span class=\"et-pb-icon et-waypoint et_pb_animation_top et_pb_animation_top_tablet et_pb_animation_top_phone\">\uf236<\/span><\/span><\/div><div class=\"et_pb_blurb_container\"><h4 class=\"et_pb_module_header\"> Vrijeme za popodnevni odmor i rutine li\u010dne higijene<\/h4><\/div><\/div><\/div>\n<\/div>\n\n<div class=\"et_pb_column_19 et_pb_column et_pb_column_1_6 et_block_column et_pb_css_mix_blend_mode_passthrough\">\n<div class=\"et_pb_blurb_13 et_pb_blurb et_pb_bg_layout_light et_pb_text_align_center et_pb_blurb_position_top et_pb_module et_block_module\"><div class=\"et_pb_blurb_content\"><div class=\"et_pb_main_blurb_image\"><span class=\"et_pb_image_wrap\"><span class=\"et-pb-icon et-waypoint et_pb_animation_top et_pb_animation_top_tablet et_pb_animation_top_phone\">\uf1bb<\/span><\/span><\/div><div class=\"et_pb_blurb_container\"><h4 class=\"et_pb_module_header\">Prostori za u\u010denje i istra\u017eivanje na otvorenom<\/h4><\/div><\/div><\/div>\n<\/div>\n\n<div class=\"et_pb_column_20 et_pb_column et_pb_column_1_6 et-last-child et_block_column et_pb_css_mix_blend_mode_passthrough\">\n<div class=\"et_pb_blurb_14 et_pb_blurb et_pb_bg_layout_light et_pb_text_align_center et_pb_blurb_position_top et_pb_module et_block_module\"><div class=\"et_pb_blurb_content\"><div class=\"et_pb_main_blurb_image\"><span class=\"et_pb_image_wrap\"><span class=\"et-pb-icon et-waypoint et_pb_animation_top et_pb_animation_top_tablet et_pb_animation_top_phone\">\uf017<\/span><\/span><\/div><div class=\"et_pb_blurb_container\"><h4 class=\"et_pb_module_header\">Cjelodnevni program: 7:00\u201317:00<\/h4><\/div><\/div><\/div>\n<\/div>\n<\/div>\n<\/div>\n\n<div class=\"et_pb_section_7 et_pb_section et_section_regular et_block_section section_has_divider et_pb_top_divider et_pb_bottom_divider\"><div class=\"et_pb_top_inside_divider et-no-transition\"><\/div>\n<div class=\"et_pb_row_9 et_pb_row et_block_row preset--module--divi-row--5138c454-be54-4233-bd3b-f8e6a8747976\">\n<div class=\"et_pb_column_21 et_pb_column et_pb_column_4_4 et-last-child et_block_column et_pb_css_mix_blend_mode_passthrough preset--module--divi-column--73121f80-a3ef-4484-8763-c3f18e3c56d2\">\n<div class=\"et_pb_text_8 et_pb_text et_pb_bg_layout_dark et_pb_module et_block_module\"><div class=\"et_pb_text_inner\"><h2 style=\"text-align: center;\"><b>Spremni za posjetu ili prijavu?<\/b><\/h2>\n<p style=\"text-align: center;\"><b><span style=\"font-weight: 400;\">Rado bismo po\u017eeljeli dobrodo\u0161licu va\u0161em djetetu u na\u0161u pred\u0161kolsku porodicu. Posjetite jednu od na\u0161ih pred\u0161kolskih ustanova ili zapo\u010dnite s prijavom ve\u0107 danas.<\/span><\/b><\/p>\n<\/div><\/div>\n<\/div>\n<\/div>\n\n<div class=\"et_pb_row_10 et_pb_row et_block_row\">\n<div class=\"et_pb_column_22 et_pb_column et_pb_column_1_3 et_block_column et_pb_css_mix_blend_mode_passthrough\">\n<div class=\"et_pb_module et_pb_button_module_wrapper et_pb_button_0_wrapper\"><a class=\"et_pb_button_0 et_pb_button et_pb_bg_layout_light et_pb_module et_block_module\" href=\"https:\/\/tuzla.rps.edu.ba\/bs\/kontakt\/\">Zaka\u017eite posjetu<\/a><\/div>\n<\/div>\n\n<div class=\"et_pb_column_23 et_pb_column et_pb_column_1_3 et_block_column et_pb_css_mix_blend_mode_passthrough\">\n<div class=\"et_pb_module et_pb_button_module_wrapper et_pb_button_1_wrapper\"><a class=\"et_pb_button_1 et_pb_button et_pb_bg_layout_light et_pb_module et_block_module\" href=\"https:\/\/tuzla.rps.edu.ba\/bs\/vrtic-dnevni-raspored\/\">Pogledajte dnevni raspored<\/a><\/div>\n<\/div>\n\n<div class=\"et_pb_column_24 et_pb_column et_pb_column_1_3 et-last-child et_block_column et_pb_css_mix_blend_mode_passthrough\">\n<div class=\"et_pb_module et_pb_button_module_wrapper et_pb_button_2_wrapper\"><a class=\"et_pb_button_2 et_pb_button et_pb_bg_layout_light et_pb_module et_block_module\" href=\"https:\/\/tuzla.rps.edu.ba\/bs\/prijavite-se-sada\/\">Prijavite se odmah<\/a><\/div>\n<\/div>\n<\/div>\n<div class=\"et_pb_bottom_inside_divider et-no-transition\"><\/div><\/div>","protected":false},"excerpt":{"rendered":"","protected":false},"author":1,"featured_media":0,"parent":0,"menu_order":0,"comment_status":"closed","ping_status":"closed","template":"","meta":{"iawp_total_views":138,"footnotes":""},"class_list":["post-242327","page","type-page","status-publish","hentry"],"_links":{"self":[{"href":"https:\/\/tuzla.rps.edu.ba\/bs\/wp-json\/wp\/v2\/pages\/242327","targetHints":{"allow":["GET"]}}],"collection":[{"href":"https:\/\/tuzla.rps.edu.ba\/bs\/wp-json\/wp\/v2\/pages"}],"about":[{"href":"https:\/\/tuzla.rps.edu.ba\/bs\/wp-json\/wp\/v2\/types\/page"}],"author":[{"embeddable":true,"href":"https:\/\/tuzla.rps.edu.ba\/bs\/wp-json\/wp\/v2\/users\/1"}],"replies":[{"embeddable":true,"href":"https:\/\/tuzla.rps.edu.ba\/bs\/wp-json\/wp\/v2\/comments?post=242327"}],"version-history":[{"count":13,"href":"https:\/\/tuzla.rps.edu.ba\/bs\/wp-json\/wp\/v2\/pages\/242327\/revisions"}],"predecessor-version":[{"id":243575,"href":"https:\/\/tuzla.rps.edu.ba\/bs\/wp-json\/wp\/v2\/pages\/242327\/revisions\/243575"}],"wp:attachment":[{"href":"https:\/\/tuzla.rps.edu.ba\/bs\/wp-json\/wp\/v2\/media?parent=242327"}],"curies":[{"name":"wp","href":"https:\/\/api.w.org\/{rel}","templated":true}]}}