{"id":242319,"date":"2025-07-23T12:27:27","date_gmt":"2025-07-23T12:27:27","guid":{"rendered":"https:\/\/tuzla.rps.edu.ba\/?page_id=242319"},"modified":"2026-03-03T13:39:09","modified_gmt":"2026-03-03T13:39:09","slug":"upis","status":"publish","type":"page","link":"https:\/\/tuzla.rps.edu.ba\/bs\/upis\/","title":{"rendered":"Upis"},"content":{"rendered":"<div class=\"et_pb_section_0 et_pb_section et_pb_fullwidth_section et_section_regular et_block_section et_pb_section_parallax section_has_divider et_pb_bottom_divider\"><span class=\"et-pb-parallax-wrapper\"><span class=\"et-pb-parallax-background et-pb-parallax-background-module--divi-section-0\" style=\"background-image:url(https:\/\/tuzla.rps.edu.ba\/wp-content\/uploads\/2025\/07\/rps_digital_poly-2-min-2.png)\"><\/span><\/span>\n<section class=\"et_pb_fullwidth_header_0 et_pb_fullwidth_header et_pb_bg_layout_dark et_pb_text_align_left et_pb_module et_flex_module preset--module--divi-fullwidth-header--default\"><div class=\"et_pb_fullwidth_header_container left\"><div class=\"header-content-container center\"><div class=\"header-content et_flex_module\"><h1 class=\"et_pb_module_header\"><a href=\"https:\/\/tuzla.rps.edu.ba\/bs\/upis\/\">Upis<\/a><\/h1><div class=\"et_pb_header_button_wrapper\"><\/div><\/div><\/div><\/div><div class=\"et_pb_fullwidth_header_overlay\"><\/div><div class=\"et_pb_fullwidth_header_scroll\"><\/div><\/section>\n<div class=\"et_pb_bottom_inside_divider et-no-transition\"><\/div><\/div>\n\n<div class=\"et_pb_section_1 et_pb_section et_section_regular et_block_section et_pb_section_parallax section_has_divider et_pb_top_divider\" id=\"application-process\"><div class=\"et_pb_top_inside_divider et-no-transition\"><\/div><span class=\"et-pb-parallax-wrapper\"><span class=\"et-pb-parallax-background et-pb-parallax-background-module--divi-section-1\" style=\"background-image:url(https:\/\/tuzla.rps.edu.ba\/wp-content\/uploads\/2025\/07\/rps_digital_poly-2-min-2.png)\"><\/span><\/span>\n<div class=\"et_pb_row_0 et_pb_row et_block_row\">\n<div class=\"et_pb_column_0 et_pb_column et_pb_column_4_4 et-last-child et_block_column et_pb_css_mix_blend_mode_passthrough\">\n<div class=\"et_pb_text_0 et_pb_text et_pb_bg_layout_light et_pb_module et_block_module\"><div class=\"et_pb_text_inner\"><h2><strong>Jednostavan i podr\u017eavaju\u0107i proces upisa<\/strong><\/h2>\n<\/div><\/div>\n\n<div class=\"et_pb_text_1 et_pb_text et_pb_bg_layout_light et_pb_module et_block_module\"><div class=\"et_pb_text_inner\"><p style=\"text-align: justify;\"><span style=\"font-weight: 400;\">Richmond Park Schools Tuzla warmly welcomes children and students from ages 2 to 19. Our Preschool accepts children aged 2 to 6, divided into age-appropriate groups to support early childhood development. Our Primary and Secondary divisions provide a safe, inclusive, and multicultural learning environment dedicated to nurturing each student\u2019s academic and personal growth through a curriculum aligned with both Cambridge international standards and local education requirements.<\/span><\/p>\n<h3><b>Ko mo\u017ee biti na\u0161 u\u010denik<\/b><\/h3>\n<p><span style=\"font-weight: 400;\">Primamo prijave i od doma\u0107ih i od me\u0111unarodnih u\u010denika tokom cijele akademske godine, ovisno o raspolo\u017eivosti.<\/span><\/p>\n<ul>\n<li style=\"font-weight: 400;\" aria-level=\"1\"><b>Pred\u0161kolska ustanova:<\/b><span style=\"font-weight: 400;\"> Ages 2 to 6 (divided into age groups)<\/span><span style=\"font-weight: 400;\"><br \/><\/span><\/li>\n<li style=\"font-weight: 400;\" aria-level=\"1\"><b>Osnovna \u0161kola:<\/b><span style=\"font-weight: 400;\"> Uzrast od 6 do 15 godina (od 1. do 9. razreda)<\/span><\/li>\n<li style=\"font-weight: 400;\" aria-level=\"1\"><span style=\"font-weight: 400;\"><b style=\"text-align: justify;\">Srednja \u0161kola:<\/b><span style=\"text-align: justify;\"> Uzrast od 15 do 19 godina (od 1. do 4. razreda)<\/span><\/span><\/li>\n<\/ul>\n<\/div><\/div>\n\n<div class=\"et_pb_text_2 et_pb_text et_pb_bg_layout_light et_pb_module et_block_module\"><div class=\"et_pb_text_inner\"><h2><strong>Proces prijave<\/strong><\/h2>\n<\/div><\/div>\n<\/div>\n<\/div>\n\n<div class=\"et_pb_row_1 et_pb_row et_pb_row_6col et_block_row et_block_row_6col\">\n<div class=\"et_pb_column_1 et_pb_column et_pb_column_1_6 et_block_column et_pb_css_mix_blend_mode_passthrough\">\n<div class=\"et_pb_blurb_0 et_pb_blurb et_pb_bg_layout_light et_pb_text_align_center et_pb_blurb_position_top et_pb_module et_block_module\"><div class=\"et_pb_blurb_content\"><div class=\"et_pb_main_blurb_image\"><span class=\"et_pb_image_wrap\"><span class=\"et-pb-icon et-waypoint et_pb_animation_top et_pb_animation_top_tablet et_pb_animation_top_phone\">\uf298<\/span><\/span><\/div><div class=\"et_pb_blurb_container\"><h4 class=\"et_pb_module_header\">Korak 1: Po\u0161aljite svoju prijavu<\/h4><div class=\"et_pb_blurb_description\"><p><span style=\"font-weight: 400;\">Prijavite se putem na\u0161eg online obrasca ili kontaktirajte slu\u017ebu za upis.<\/span><\/p>\n<\/div><\/div><\/div><\/div>\n<\/div>\n\n<div class=\"et_pb_column_2 et_pb_column et_pb_column_1_6 et_block_column et_pb_css_mix_blend_mode_passthrough\">\n<div class=\"et_pb_blurb_1 et_pb_blurb et_pb_bg_layout_light et_pb_text_align_center et_pb_blurb_position_top et_pb_module et_block_module\"><div class=\"et_pb_blurb_content\"><div class=\"et_pb_main_blurb_image\"><span class=\"et_pb_image_wrap\"><span class=\"et-pb-icon et-waypoint et_pb_animation_top et_pb_animation_top_tablet et_pb_animation_top_phone\">\ue066<\/span><\/span><\/div><div class=\"et_pb_blurb_container\"><h4 class=\"et_pb_module_header\">Korak 2: Posjetite \u0161kolu ili zaka\u017eite virtualni sastanak<\/h4><div class=\"et_pb_blurb_description\"><p><span style=\"font-weight: 400;\">Upoznajte se s na\u0161im timom za upis i istra\u017eite na\u0161e okru\u017eenje za u\u010denje li\u010dno ili online.<\/span><\/p>\n<\/div><\/div><\/div><\/div>\n<\/div>\n\n<div class=\"et_pb_column_3 et_pb_column et_pb_column_1_6 et_block_column et_pb_css_mix_blend_mode_passthrough\">\n<div class=\"et_pb_blurb_2 et_pb_blurb et_pb_bg_layout_light et_pb_text_align_center et_pb_blurb_position_top et_pb_module et_block_module\"><div class=\"et_pb_blurb_content\"><div class=\"et_pb_main_blurb_image\"><span class=\"et_pb_image_wrap\"><span class=\"et-pb-icon et-waypoint et_pb_animation_top et_pb_animation_top_tablet et_pb_animation_top_phone\">i<\/span><\/span><\/div><div class=\"et_pb_blurb_container\"><h4 class=\"et_pb_module_header\">Korak 3: Popunite dokumente za prijavu<\/h4><div class=\"et_pb_blurb_description\"><p><span style=\"font-weight: 400;\">Prijavnicu podnesite zajedno sa \u0161kolskom dokumentacijom, paso\u0161em\/li\u010dnom kartom i relevantnim zdravstvenim ili obrazovnim dokumentima.<\/span><\/p>\n<\/div><\/div><\/div><\/div>\n<\/div>\n\n<div class=\"et_pb_column_4 et_pb_column et_pb_column_1_6 et_block_column et_pb_css_mix_blend_mode_passthrough\">\n<div class=\"et_pb_blurb_3 et_pb_blurb et_pb_bg_layout_light et_pb_text_align_center et_pb_blurb_position_top et_pb_module et_block_module\"><div class=\"et_pb_blurb_content\"><div class=\"et_pb_main_blurb_image\"><span class=\"et_pb_image_wrap\"><span class=\"et-pb-icon et-waypoint et_pb_animation_top et_pb_animation_top_tablet et_pb_animation_top_phone\">\uf4fc<\/span><\/span><\/div><div class=\"et_pb_blurb_container\"><h4 class=\"et_pb_module_header\">Korak 4: Procjena u\u010denika<\/h4><div class=\"et_pb_blurb_description\"><p><span style=\"font-weight: 400;\">Va\u0161e dijete mo\u017ee biti pozvano na prijemni test ili intervju, ovisno o uzrastu i razredu.<\/span><\/p>\n<\/div><\/div><\/div><\/div>\n<\/div>\n\n<div class=\"et_pb_column_5 et_pb_column et_pb_column_1_6 et_block_column et_pb_css_mix_blend_mode_passthrough\">\n<div class=\"et_pb_blurb_4 et_pb_blurb et_pb_bg_layout_light et_pb_text_align_center et_pb_blurb_position_top et_pb_module et_block_module\"><div class=\"et_pb_blurb_content\"><div class=\"et_pb_main_blurb_image\"><span class=\"et_pb_image_wrap\"><span class=\"et-pb-icon et-waypoint et_pb_animation_top et_pb_animation_top_tablet et_pb_animation_top_phone\">\uf772<\/span><\/span><\/div><div class=\"et_pb_blurb_container\"><h4 class=\"et_pb_module_header\">Korak 5: Odluka o upisu<\/h4><div class=\"et_pb_blurb_description\"><p><span style=\"font-weight: 400;\">Nakon pregleda, dobit \u0107ete slu\u017ebenu odluku. Da biste potvrdili upis, jednostavno potpi\u0161ite ugovor o upisu.<\/span><\/p>\n<\/div><\/div><\/div><\/div>\n<\/div>\n\n<div class=\"et_pb_column_6 et_pb_column et_pb_column_1_6 et-last-child et_block_column et_pb_css_mix_blend_mode_passthrough\">\n<div class=\"et_pb_blurb_5 et_pb_blurb et_pb_bg_layout_light et_pb_text_align_center et_pb_blurb_position_top et_pb_module et_block_module\"><div class=\"et_pb_blurb_content\"><div class=\"et_pb_main_blurb_image\"><span class=\"et_pb_image_wrap\"><span class=\"et-pb-icon et-waypoint et_pb_animation_top et_pb_animation_top_tablet et_pb_animation_top_phone\">\uf52b<\/span><\/span><\/div><div class=\"et_pb_blurb_container\"><h4 class=\"et_pb_module_header\">Korak 6: Dobrodo\u0161li u Richmond Park \u0161kole  u Tuzlau!<\/h4><div class=\"et_pb_blurb_description\"><p><span style=\"font-weight: 400;\">Pridru\u017eite se na\u0161oj energi\u010dnoj me\u0111unarodnoj zajednici i zapo\u010dnite svoje putovanje s nama.<\/span><\/p>\n<\/div><\/div><\/div><\/div>\n<\/div>\n<\/div>\n\n<div class=\"et_pb_row_2 et_pb_row et_block_row\">\n<div class=\"et_pb_column_7 et_pb_column et_pb_column_4_4 et-last-child et_block_column et_pb_css_mix_blend_mode_passthrough\">\n<div class=\"et_pb_module et_pb_button_module_wrapper et_pb_button_0_wrapper preset--module--divi-button--7d60ae2e-4197-469e-961a-bcdb4cdaece3_wrapper\"><a class=\"et_pb_button_0 et_pb_button et_pb_bg_layout_light et_pb_module et_block_module preset--module--divi-button--7d60ae2e-4197-469e-961a-bcdb4cdaece3\" href=\"https:\/\/tuzla.rps.edu.ba\/bs\/prijavite-se-sada\/\">Prijavite se odmah<\/a><\/div>\n<\/div>\n<\/div>\n<\/div>\n\n<div class=\"et_pb_section_2 et_pb_section et_section_regular et_block_section section_has_divider et_pb_top_divider et_pb_bottom_divider\" id=\"tuition\"><div class=\"et_pb_top_inside_divider et-no-transition\"><\/div>\n<div class=\"et_pb_row_3 et_pb_row et_block_row\">\n<div class=\"et_pb_column_8 et_pb_column et_pb_column_4_4 et-last-child et_block_column et_pb_css_mix_blend_mode_passthrough\">\n<div class=\"et_pb_text_3 et_pb_text et_pb_bg_layout_light et_pb_module et_block_module\"><div class=\"et_pb_text_inner\"><h2><strong>Ulaganje u izvrsnost<\/strong><\/h2>\n<\/div><\/div>\n<\/div>\n<\/div>\n\n<div class=\"et_pb_row_4 et_pb_row et_block_row\">\n<div class=\"et_pb_column_9 et_pb_column et_pb_column_4_4 et-last-child et_block_column et_pb_css_mix_blend_mode_passthrough\">\n<div class=\"et_pb_text_4 et_pb_text et_pb_bg_layout_dark et_pb_module et_block_module\"><div class=\"et_pb_text_inner\"><p><span style=\"font-weight: 400;\">\u0160kole Richmond Park u Tuzlau nude vrhunsko me\u0111unarodno obrazovanje sa \u0161kolarinom prilago\u0111enom svakom programu: <\/span><b>Preschool, Primary and Secondary<\/b><span style=\"font-weight: 400;\">Iako \u0161kolarine variraju u zavisnosti od nivoa \u0161kole, svaki u\u010denik ima koristi od pristupa modernim objektima, dvojezi\u010dnog nastavnog plana i programa (Cambridge + nacionalni kurikulum za Bosnu i Hercegovinu), me\u0111unarodnog priznanja i sigurnog, inkluzivnog okru\u017eenja.<\/span><\/p>\n<\/div><\/div>\n<\/div>\n<\/div>\n\n<div class=\"et_pb_row_5 et_pb_row et_block_row\">\n<div class=\"et_pb_column_10 et_pb_column et_pb_column_4_4 et-last-child et_block_column et_pb_css_mix_blend_mode_passthrough\">\n<div class=\"et_pb_text_5 et_pb_text et_pb_bg_layout_dark et_pb_module et_block_module\"><div class=\"et_pb_text_inner\"><p class=\"translation-block\"><span style=\"font-weight: 400\">Kako bismo podr\u017eali porodice, ponosno nudimo <\/span><b>stipendije zasnovane na zaslugama<\/b><span style=\"font-weight: 400\">, <\/span><b>popuste za bra\u0107u i sestre<\/b><span style=\"font-weight: 400\"> i <\/span><b>fleksibilne planove pla\u0107anja<\/b><span style=\"font-weight: 400\">. Vjerujemo u nagra\u0111ivanje potencijala i olak\u0161avanje pristupa kvalitetnom obrazovanju.<\/span><\/p>\n<\/div><\/div>\n<\/div>\n<\/div>\n\n<div class=\"et_pb_row_6 et_pb_row et_block_row\">\n<div class=\"et_pb_column_11 et_pb_column et_pb_column_4_4 et-last-child et_block_column et_pb_css_mix_blend_mode_passthrough\">\n<div class=\"et_pb_text_6 et_pb_text et_pb_bg_layout_light et_pb_module et_block_module\"><div class=\"et_pb_text_inner\"><p><b>Detalji o \u0161kolarini:<\/b><\/p>\n<ul>\n<li style=\"font-weight: 400;\" aria-level=\"1\" class=\"translation-block\"><span style=\"font-weight: 400\">\u0160kolarine se mogu pla\u0107ati u <\/span><b>jednoj ili dvije rate po polugodi\u0161tu<\/b><span style=\"font-weight: 400\">, sa <\/span><b>dva polugodi\u0161ta u \u0161kolskoj godini<\/b><span style=\"font-weight: 400\">.<\/span><\/li>\n<li style=\"font-weight: 400;\" aria-level=\"1\"><span style=\"font-weight: 400;\">A <\/span><b>fleksibilan plan pla\u0107anja<\/b><span style=\"font-weight: 400;\"> je dostupan porodicama kojima je potrebno vi\u0161e rata. Ovaj plan mora biti li\u010dno potpisan prilikom upisa i potpisivanja ugovora.<\/span><\/li>\n<li style=\"font-weight: 400;\" aria-level=\"1\" class=\"translation-block\"><span style=\"font-weight: 400\">\u0160kolarina uklju\u010duje <\/span><b>produ\u017eeni boravak do 17:00<\/b><span style=\"font-weight: 400\"><span style=\"font-weight: 400\"> (za vrti\u0107 i osnovnu \u0161kolu).<\/span><\/li>\n<\/ul>\n<p><b>Dostupni popusti:<\/b><\/p>\n<p><span style=\"font-weight: 400;\">Prema slu\u017ebenoj Odluci o stipendijama i popustima, porodice mogu ispunjavati uslove za:<\/span><\/p>\n<ul>\n<li style=\"font-weight: 400;\" aria-level=\"1\" class=\"translation-block\"><b>Popust od 5%<\/b><span style=\"font-weight: 400\"> za u\u010denike koji upisuju <\/span><b>osnovnu \u0161kolu<\/b><span style=\"font-weight: 400\"> a prethodno su poha\u0111ali <\/span><b>Richmond Park vrti\u0107<\/b><\/li>\n<li style=\"font-weight: 400;\" aria-level=\"1\"><b>5% popust<\/b><span style=\"font-weight: 400;\"> za u\u010denike koji se upisuju <\/span><b>Srednja \u0161kola<\/b><span style=\"font-weight: 400;\"> koji je prethodno prisustvovao <\/span><b>Osnovna \u0161kola Richmond Park<\/b><\/li>\n<li style=\"font-weight: 400;\" aria-level=\"1\" class=\"translation-block\"><b>Popust od 5%<\/b><span style=\"font-weight: 400\"> za u\u010denike koji imaju <\/span><b>bra\u0107u ili sestre<\/b><span style=\"font-weight: 400\"> upisane u bilo koju obrazovnu ustanovu Richmond Parka<\/span><\/li>\n<li style=\"font-weight: 400;\" aria-level=\"1\" class=\"translation-block\"><b>Popust od 5%<\/b><span> za u\u010denike \u010diji su <\/span><b>roditelji biv\u0161i polaznici<\/b><span> Richmond Park ustanova<\/span><\/li>\n<\/ul>\n<p><span style=\"font-weight: 400;\">Napomena: U slu\u010daju zna\u010dajnog pove\u0107anja operativnih tro\u0161kova (re\u017eije, odr\u017eavanje itd.), \u0161kolarina se mo\u017ee prilagoditi do <\/span><b>10%<\/b><span style=\"font-weight: 400;\"> tokom djetetovog obrazovanja.<\/span><\/p>\n<p><i><span style=\"font-weight: 400;\">Za sve detalje o \u0161kolarini i personaliziranu pomo\u0107, molimo kontaktirajte tim za upis na odabranoj \u0161koli u Sarajevu.<\/span><\/i><\/p>\n<\/div><\/div>\n\n<div class=\"et_pb_module et_pb_button_module_wrapper et_pb_button_1_wrapper preset--module--divi-button--7d60ae2e-4197-469e-961a-bcdb4cdaece3_wrapper\"><a class=\"et_pb_button_1 et_pb_button et_pb_bg_layout_light et_pb_module et_block_module preset--module--divi-button--7d60ae2e-4197-469e-961a-bcdb4cdaece3\" href=\"https:\/\/tuzla.rps.edu.ba\/bs\/kontakt\/\">Zatra\u017eite detalje o \u0161kolarini<\/a><\/div>\n<\/div>\n<\/div>\n<div class=\"et_pb_bottom_inside_divider et-no-transition\"><\/div><\/div>\n\n<div class=\"et_pb_section_3 et_pb_section et_section_regular et_block_section\">\n<div class=\"et_pb_row_7 et_pb_row et_block_row\">\n<div class=\"et_pb_column_12 et_pb_column et_pb_column_4_4 et-last-child et_block_column et_pb_css_mix_blend_mode_passthrough\">\n<div class=\"et_pb_text_7 et_pb_text et_pb_bg_layout_light et_pb_module et_block_module\"><div class=\"et_pb_text_inner\"><h2 data-start=\"358\" data-end=\"394\" style=\"text-align: center;\"><strong data-start=\"358\" data-end=\"394\">Korisne informacije za roditelje<\/strong><\/h2>\n<p data-start=\"396\" data-end=\"487\" data-is-last-node=\"\" data-is-only-node=\"\">\n<\/div><\/div>\n<\/div>\n<\/div>\n\n<div class=\"et_pb_row_8 et_pb_row et_block_row\">\n<div class=\"et_pb_column_13 et_pb_column et_pb_column_1_3 et_block_column et_pb_css_mix_blend_mode_passthrough\">\n<div class=\"et_pb_toggle_0 et_pb_toggle et_pb_toggle_item et_pb_toggle_close et_pb_module et_block_module\"><h5 class=\"et_pb_toggle_title\">Uslovi za upis <\/h5><div class=\"et_pb_toggle_content clearfix\"><p><span style=\"font-weight: 400;\">Budu\u0107i u\u010denici moraju dostaviti sljede\u0107u dokumentaciju tokom procesa prijave:<\/span><\/p>\n<ul>\n<li style=\"font-weight: 400;\" aria-level=\"1\"><span style=\"font-weight: 400;\">Popunjen obrazac za prijavu<\/span><\/li>\n<li style=\"font-weight: 400;\" aria-level=\"1\"><span style=\"font-weight: 400;\">Va\u017ee\u0107i identifikacijski dokument (paso\u0161 ili rodni list)<\/span><\/li>\n<li style=\"font-weight: 400;\" aria-level=\"1\"><span style=\"font-weight: 400;\">Najnoviji akademski rezultati ili svjedo\u010danstva<\/span><\/li>\n<li style=\"font-weight: 400;\" aria-level=\"1\"><span style=\"font-weight: 400;\">Rezultati prijemnih testova ili intervjua (obi\u010dno za 1 razred osnovne i srednje \u0161kole<\/span><\/li>\n<li style=\"font-weight: 400;\" aria-level=\"1\"><span style=\"font-weight: 400;\">Sve relevantne evaluacije za u\u010denike sa posebnim obrazovnim potrebama<\/span><\/li>\n<\/ul>\n<p><span style=\"font-weight: 400;\">Proces prijema mo\u017ee uklju\u010divati intervju i probni dan kako bi se bolje razumjele potrebe i spremnost u\u010denika.<\/span><\/p>\n<\/div><\/div>\n<\/div>\n\n<div class=\"et_pb_column_14 et_pb_column et_pb_column_1_3 et_block_column et_pb_css_mix_blend_mode_passthrough\">\n<div class=\"et_pb_toggle_1 et_pb_toggle et_pb_toggle_item et_pb_toggle_close et_pb_module et_block_module\"><h5 class=\"et_pb_toggle_title\">Pravila za raspored u\u010denika i uzrasne smjernice<\/h5><div class=\"et_pb_toggle_content clearfix\"><p><span style=\"font-weight: 400;\">U\u010denici se uglavnom raspore\u0111uju prema svojim godinama i prethodnom akademskom iskustvu. \u0160kole Richmond Park u Tuzlau prepoznaju raznolikost obrazovnih profila i mogu ponuditi fleksibilnost u raspore\u0111ivanju kako bi se najbolje podr\u017ealo u\u010denikovo u\u010denje.<\/span><\/p>\n<\/div><\/div>\n<\/div>\n\n<div class=\"et_pb_column_15 et_pb_column et_pb_column_1_3 et-last-child et_block_column et_pb_css_mix_blend_mode_passthrough\">\n<div class=\"et_pb_toggle_2 et_pb_toggle et_pb_toggle_item et_pb_toggle_close et_pb_module et_block_module\"><h5 class=\"et_pb_toggle_title\">Posjete \u0161koli i probni dan<\/h5><div class=\"et_pb_toggle_content clearfix\"><p><span style=\"font-weight: 400;\">Podsti\u010demo porodice da zaka\u017eu posjete i probne dane. To omogu\u0107ava u\u010denicima i roditeljima da iskuse na\u0161u \u0161kolsku zajednicu i poma\u017ee nam da procijenimo \u0161ta najbolje odgovara svakom u\u010deniku.<\/span><\/p>\n<\/div><\/div>\n<\/div>\n<\/div>\n<\/div>\n\n<div class=\"et_pb_section_4 et_pb_section et_pb_fullwidth_section et_section_regular et_block_section section_has_divider et_pb_top_divider\" id=\"scholarships\"><div class=\"et_pb_top_inside_divider et-no-transition\"><\/div>\n<section class=\"et_pb_fullwidth_header_1 et_pb_fullwidth_header et_pb_bg_layout_light et_pb_text_align_center et_pb_module et_flex_module preset--module--divi-fullwidth-header--default\"><div class=\"et_pb_fullwidth_header_container center\"><div class=\"header-content-container center\"><div class=\"header-content et_flex_module\"><h1 class=\"et_pb_module_header\">Stipendije za u\u010denike prvog razreda srednje \u0161kole<\/h1><div class=\"et_pb_header_content_wrapper\"><p><span style=\"font-weight: 400;\">\u0160kole Richmond Parka svake godine dodjeljuju odabranom broju <\/span><b>stipendije zasnovane na zaslugama<\/b><span style=\"font-weight: 400;\"> izuzetnim studentima koji se upisuju na <\/span><b>prvi razred srednje \u0161kole<\/b><span style=\"font-weight: 400;\">.<\/span><\/p>\n<p class=\"translation-block\"><span style=\"font-weight: 400\">Stipendije se dodjeljuju putem <\/span><b>konkuretog procesa selekcije<\/b><span style=\"font-weight: 400\"> koji zapo\u010dinje <\/span><b>prijemnim ispitom<\/b><span style=\"font-weight: 400\"> usmjerenim na akademsko znanje i kriti\u010dko razmi\u0161ljanje.<\/span><\/p>\n<p><span>Uspje\u0161ni kandidati se zatim pozivaju na <\/span><b>li\u010dni intervju<\/b><span>, gdje mogu predstaviti dodatna dostignu\u0107a kao \u0161to su nagrade, sportska izvrsnost, liderske uloge ili zna\u010dajna akademska postignu\u0107a iz osnovne \u0161kole.<\/span><span style=\"font-weight: 400;\"><\/span><\/p>\n<p><span style=\"font-weight: 400;\">Najbolji izvo\u0111a\u010di mogu dobiti <\/span><b>djelimi\u010dne ili pune stipendije<\/b><span style=\"font-weight: 400;\">, pokrivaju\u0107i \u0161kolarinu i otvaraju\u0107i vrata vrhunskom, me\u0111unarodno akreditovanom obrazovanju.<\/span><\/p>\n<p><i><span style=\"font-weight: 400;\">Broj mjesta je ograni\u010den. Prijavite se \u0161to prije kako biste osigurali svoju priliku da zablistate.<\/span><\/i><\/p>\n<\/div><div class=\"et_pb_header_button_wrapper\"><a class=\"et_pb_button et_pb_more_button et_pb_button_one\" href=\"https:\/\/uci.ba\/\" target=\"_blank\" rel=\"noopener\">Prijavite se za prijemni ispit<\/a><\/div><\/div><\/div><\/div><div class=\"et_pb_fullwidth_header_overlay\"><\/div><div class=\"et_pb_fullwidth_header_scroll\"><\/div><\/section>\n<\/div>\n\n<div class=\"et_pb_section_5 et_pb_section et_section_regular et_block_section section_has_divider et_pb_top_divider\"><div class=\"et_pb_top_inside_divider et-no-transition\"><\/div>\n<div class=\"et_pb_row_9 et_pb_row et_block_row\">\n<div class=\"et_pb_column_16 et_pb_column et_pb_column_4_4 et-last-child et_block_column et_pb_css_mix_blend_mode_passthrough\">\n<div class=\"et_pb_text_8 et_pb_text et_pb_bg_layout_light et_pb_module et_block_module et_pb_text_align_center\"><div class=\"et_pb_text_inner\"><h2>Imate li jo\u0161 pitanja? Tu smo da vam pomognemo.<\/h2>\n<\/div><\/div>\n\n<div class=\"et_pb_text_9 et_pb_text et_pb_bg_layout_light et_pb_module et_block_module et_pb_text_align_center\"><div class=\"et_pb_text_inner\"><h4><span style=\"font-weight: 400;\">Na\u0161 tim za upis vam je na raspolaganju tokom cijele godine kako bi vam pru\u017eio podr\u0161ku prilikom prijave i vodio vas kroz proces. Nijedno pitanje nije premalo - kontaktirajte nas jo\u0161 danas!<\/span><\/h4>\n<\/div><\/div>\n\n<div class=\"et_pb_module et_pb_button_module_wrapper et_pb_button_2_wrapper preset--module--divi-button--71c48508-68d3-42a6-b3a8-4e8dd3e715c0_wrapper\"><a class=\"et_pb_button_2 et_pb_button et_pb_bg_layout_light et_pb_module et_block_module preset--module--divi-button--71c48508-68d3-42a6-b3a8-4e8dd3e715c0\" href=\"https:\/\/tuzla.rps.edu.ba\/bs\/kontakt\/\">Kontaktirajte nas<\/a><\/div>\n<\/div>\n<\/div>\n<\/div>","protected":false},"excerpt":{"rendered":"","protected":false},"author":1,"featured_media":0,"parent":0,"menu_order":0,"comment_status":"closed","ping_status":"closed","template":"","meta":{"iawp_total_views":251,"footnotes":""},"class_list":["post-242319","page","type-page","status-publish","hentry"],"_links":{"self":[{"href":"https:\/\/tuzla.rps.edu.ba\/bs\/wp-json\/wp\/v2\/pages\/242319","targetHints":{"allow":["GET"]}}],"collection":[{"href":"https:\/\/tuzla.rps.edu.ba\/bs\/wp-json\/wp\/v2\/pages"}],"about":[{"href":"https:\/\/tuzla.rps.edu.ba\/bs\/wp-json\/wp\/v2\/types\/page"}],"author":[{"embeddable":true,"href":"https:\/\/tuzla.rps.edu.ba\/bs\/wp-json\/wp\/v2\/users\/1"}],"replies":[{"embeddable":true,"href":"https:\/\/tuzla.rps.edu.ba\/bs\/wp-json\/wp\/v2\/comments?post=242319"}],"version-history":[{"count":8,"href":"https:\/\/tuzla.rps.edu.ba\/bs\/wp-json\/wp\/v2\/pages\/242319\/revisions"}],"predecessor-version":[{"id":243572,"href":"https:\/\/tuzla.rps.edu.ba\/bs\/wp-json\/wp\/v2\/pages\/242319\/revisions\/243572"}],"wp:attachment":[{"href":"https:\/\/tuzla.rps.edu.ba\/bs\/wp-json\/wp\/v2\/media?parent=242319"}],"curies":[{"name":"wp","href":"https:\/\/api.w.org\/{rel}","templated":true}]}}